{"id":4133,"date":"2021-06-30T11:04:22","date_gmt":"2021-06-30T09:04:22","guid":{"rendered":"https:\/\/www.sacla.ch\/wo-zu-kaufen\/"},"modified":"2021-07-08T11:34:23","modified_gmt":"2021-07-08T09:34:23","slug":"ou-acheter","status":"publish","type":"page","link":"https:\/\/www.sacla.ch\/fr\/ou-acheter\/","title":{"rendered":"O\u00f9 acheter?"},"content":{"rendered":"\t\t<div data-elementor-type=\"wp-page\" data-elementor-id=\"4133\" class=\"elementor elementor-4133 elementor-4116\" data-elementor-post-type=\"page\">\n\t\t\t\t\t\t<section class=\"elementor-section elementor-top-section elementor-element elementor-element-149d6e6f elementor-section-items-top elementor-section-height-min-height elementor-section-full_width elementor-section-stretched elementor-section-content-middle elementor-section-height-default\" data-id=\"149d6e6f\" data-element_type=\"section\" data-e-type=\"section\" data-settings=\"{&quot;background_background&quot;:&quot;classic&quot;,&quot;stretch_section&quot;:&quot;section-stretched&quot;}\">\n\t\t\t\t\t\t<div class=\"elementor-container elementor-column-gap-default\">\n\t\t\t\t\t<div class=\"elementor-column elementor-col-100 elementor-top-column elementor-element elementor-element-5e5911f6\" data-id=\"5e5911f6\" data-element_type=\"column\" data-e-type=\"column\">\n\t\t\t<div class=\"elementor-widget-wrap\">\n\t\t\t\t\t\t\t<\/div>\n\t\t<\/div>\n\t\t\t\t\t<\/div>\n\t\t<\/section>\n\t\t\t\t<section class=\"elementor-section elementor-top-section elementor-element elementor-element-54c4141 elementor-section-boxed elementor-section-height-default elementor-section-height-default\" data-id=\"54c4141\" data-element_type=\"section\" data-e-type=\"section\">\n\t\t\t\t\t\t<div class=\"elementor-container elementor-column-gap-default\">\n\t\t\t\t\t<div class=\"elementor-column elementor-col-100 elementor-top-column elementor-element elementor-element-7f5407b\" data-id=\"7f5407b\" data-element_type=\"column\" data-e-type=\"column\">\n\t\t\t<div class=\"elementor-widget-wrap elementor-element-populated\">\n\t\t\t\t\t\t<div class=\"elementor-element elementor-element-4e4a72c elementor-widget elementor-widget-spacer\" data-id=\"4e4a72c\" data-element_type=\"widget\" data-e-type=\"widget\" data-widget_type=\"spacer.default\">\n\t\t\t\t<div class=\"elementor-widget-container\">\n\t\t\t\t\t\t\t<div class=\"elementor-spacer\">\n\t\t\t<div class=\"elementor-spacer-inner\"><\/div>\n\t\t<\/div>\n\t\t\t\t\t\t<\/div>\n\t\t\t\t<\/div>\n\t\t\t\t<div class=\"elementor-element elementor-element-cc39d1f elementor-widget elementor-widget-image\" data-id=\"cc39d1f\" data-element_type=\"widget\" data-e-type=\"widget\" data-widget_type=\"image.default\">\n\t\t\t\t<div class=\"elementor-widget-container\">\n\t\t\t\t\t\t\t\t\t\t\t\t\t\t\t<img decoding=\"async\" width=\"162\" height=\"43\" src=\"https:\/\/www.sacla.ch\/wp-content\/uploads\/2021\/03\/corona.png\" class=\"attachment-full size-full wp-image-3284\" alt=\"corona\" srcset=\"https:\/\/www.sacla.ch\/wp-content\/uploads\/2021\/03\/corona.png 162w, https:\/\/www.sacla.ch\/wp-content\/uploads\/2021\/03\/corona-160x43.png 160w, https:\/\/www.sacla.ch\/wp-content\/uploads\/2021\/03\/elementor\/thumbs\/corona-p8bpgfpwfb55234izaqzmbb1xhxz830uoz4m6bqg4c.png 81w\" sizes=\"(max-width: 162px) 100vw, 162px\" \/>\t\t\t\t\t\t\t\t\t\t\t\t\t\t\t<\/div>\n\t\t\t\t<\/div>\n\t\t\t\t<div class=\"elementor-element elementor-element-b15f5e6 elementor-widget elementor-widget-text-editor\" data-id=\"b15f5e6\" data-element_type=\"widget\" data-e-type=\"widget\" data-widget_type=\"text-editor.default\">\n\t\t\t\t<div class=\"elementor-widget-container\">\n\t\t\t\t\t\t\t\t\t<h3 style=\"text-align: center;\">O\u00f9 acheter?\n<\/h3>\n<h1 style=\"text-align: center; font-size: 53px; line-height: 63px;\">Sacl\u00e0 en Suisse\n<\/h1>\t\t\t\t\t\t\t\t<\/div>\n\t\t\t\t<\/div>\n\t\t\t\t\t<\/div>\n\t\t<\/div>\n\t\t\t\t\t<\/div>\n\t\t<\/section>\n\t\t\t\t<section class=\"elementor-section elementor-top-section elementor-element elementor-element-dcff658 elementor-section-boxed elementor-section-height-default elementor-section-height-default\" data-id=\"dcff658\" data-element_type=\"section\" data-e-type=\"section\" data-settings=\"{&quot;background_background&quot;:&quot;classic&quot;}\">\n\t\t\t\t\t\t<div class=\"elementor-container elementor-column-gap-default\">\n\t\t\t\t\t<div class=\"elementor-column elementor-col-33 elementor-top-column elementor-element elementor-element-0e7d633\" data-id=\"0e7d633\" data-element_type=\"column\" data-e-type=\"column\">\n\t\t\t<div class=\"elementor-widget-wrap elementor-element-populated\">\n\t\t\t\t\t\t<div class=\"elementor-element elementor-element-226859a elementor-widget elementor-widget-spacer\" data-id=\"226859a\" data-element_type=\"widget\" data-e-type=\"widget\" data-widget_type=\"spacer.default\">\n\t\t\t\t<div class=\"elementor-widget-container\">\n\t\t\t\t\t\t\t<div class=\"elementor-spacer\">\n\t\t\t<div class=\"elementor-spacer-inner\"><\/div>\n\t\t<\/div>\n\t\t\t\t\t\t<\/div>\n\t\t\t\t<\/div>\n\t\t\t\t\t<\/div>\n\t\t<\/div>\n\t\t\t\t<div class=\"elementor-column elementor-col-33 elementor-top-column elementor-element elementor-element-7727c6b\" data-id=\"7727c6b\" data-element_type=\"column\" data-e-type=\"column\">\n\t\t\t<div class=\"elementor-widget-wrap elementor-element-populated\">\n\t\t\t\t\t\t<div class=\"elementor-element elementor-element-78651e5 elementor-widget elementor-widget-text-editor\" data-id=\"78651e5\" data-element_type=\"widget\" data-e-type=\"widget\" data-widget_type=\"text-editor.default\">\n\t\t\t\t<div class=\"elementor-widget-container\">\n\t\t\t\t\t\t\t\t\tLa marque Sacl\u00e0 a atteint un niveau de notori\u00e9t\u00e9 plus \u00e9lev\u00e9 en Suisse ces derni\u00e8res ann\u00e9es gr\u00e2ce \u00e0 une expansion r\u00e9ussie de la distribution.\t\t\t\t\t\t\t\t<\/div>\n\t\t\t\t<\/div>\n\t\t\t\t<div class=\"elementor-element elementor-element-9ad6bb2 elementor-widget elementor-widget-spacer\" data-id=\"9ad6bb2\" data-element_type=\"widget\" data-e-type=\"widget\" data-widget_type=\"spacer.default\">\n\t\t\t\t<div class=\"elementor-widget-container\">\n\t\t\t\t\t\t\t<div class=\"elementor-spacer\">\n\t\t\t<div class=\"elementor-spacer-inner\"><\/div>\n\t\t<\/div>\n\t\t\t\t\t\t<\/div>\n\t\t\t\t<\/div>\n\t\t\t\t\t<\/div>\n\t\t<\/div>\n\t\t\t\t<div class=\"elementor-column elementor-col-33 elementor-top-column elementor-element elementor-element-cef3dca\" data-id=\"cef3dca\" data-element_type=\"column\" data-e-type=\"column\">\n\t\t\t<div class=\"elementor-widget-wrap elementor-element-populated\">\n\t\t\t\t\t\t<div class=\"elementor-element elementor-element-0e54f18 elementor-widget elementor-widget-spacer\" data-id=\"0e54f18\" data-element_type=\"widget\" data-e-type=\"widget\" data-widget_type=\"spacer.default\">\n\t\t\t\t<div class=\"elementor-widget-container\">\n\t\t\t\t\t\t\t<div class=\"elementor-spacer\">\n\t\t\t<div class=\"elementor-spacer-inner\"><\/div>\n\t\t<\/div>\n\t\t\t\t\t\t<\/div>\n\t\t\t\t<\/div>\n\t\t\t\t\t<\/div>\n\t\t<\/div>\n\t\t\t\t\t<\/div>\n\t\t<\/section>\n\t\t\t\t<section class=\"elementor-section elementor-top-section elementor-element elementor-element-fda0383 elementor-section-boxed elementor-section-height-default elementor-section-height-default\" data-id=\"fda0383\" data-element_type=\"section\" data-e-type=\"section\">\n\t\t\t\t\t\t<div class=\"elementor-container elementor-column-gap-default\">\n\t\t\t\t\t<div class=\"elementor-column elementor-col-33 elementor-top-column elementor-element elementor-element-8ca8f6a\" data-id=\"8ca8f6a\" data-element_type=\"column\" data-e-type=\"column\">\n\t\t\t<div class=\"elementor-widget-wrap\">\n\t\t\t\t\t\t\t<\/div>\n\t\t<\/div>\n\t\t\t\t<div class=\"elementor-column elementor-col-33 elementor-top-column elementor-element elementor-element-90795d2\" data-id=\"90795d2\" data-element_type=\"column\" data-e-type=\"column\">\n\t\t\t<div class=\"elementor-widget-wrap elementor-element-populated\">\n\t\t\t\t\t\t<div class=\"elementor-element elementor-element-26947fa elementor-widget elementor-widget-text-editor\" data-id=\"26947fa\" data-element_type=\"widget\" data-e-type=\"widget\" data-widget_type=\"text-editor.default\">\n\t\t\t\t<div class=\"elementor-widget-container\">\n\t\t\t\t\t\t\t\t\t<p>L&rsquo;entreprise zurichoise Gustav Gerig AG s&rsquo;engage \u00e0 ce que le commerce de d\u00e9tail consid\u00e8re les produits Sacl\u00e0 comme une v\u00e9ritable alternative.<\/p><p>Il a ainsi \u00e9t\u00e9 possible de placer avec succ\u00e8s des variantes de produits telles que des antipasti, des sauces pour p\u00e2tes, des olives, des bruschettina et des tapenades dans le commerce de d\u00e9tail suisse et de les proposer aux consommateurs de mani\u00e8re cibl\u00e9e.<\/p><p>\u00a0<\/p><h3><strong>Vous \u00eates s\u00fbr de trouver votre produit pr\u00e9f\u00e9r\u00e9 chez les partenaires suivants:<\/strong><\/h3><ul><li>Coop<\/li><li>Volg<\/li><li>Spar<\/li><li>Loeb<\/li><li>Satellites Denner<\/li><\/ul><h3><strong>Produits de restauration:<\/strong><\/h3><ul><li>Prodega<\/li><li>CCAngehrn<\/li><li>Top CC<\/li><\/ul>\t\t\t\t\t\t\t\t<\/div>\n\t\t\t\t<\/div>\n\t\t\t\t<div class=\"elementor-element elementor-element-b2e08e0 elementor-widget elementor-widget-spacer\" data-id=\"b2e08e0\" data-element_type=\"widget\" data-e-type=\"widget\" data-widget_type=\"spacer.default\">\n\t\t\t\t<div class=\"elementor-widget-container\">\n\t\t\t\t\t\t\t<div class=\"elementor-spacer\">\n\t\t\t<div class=\"elementor-spacer-inner\"><\/div>\n\t\t<\/div>\n\t\t\t\t\t\t<\/div>\n\t\t\t\t<\/div>\n\t\t\t\t\t<\/div>\n\t\t<\/div>\n\t\t\t\t<div class=\"elementor-column elementor-col-33 elementor-top-column elementor-element elementor-element-96528c3\" data-id=\"96528c3\" data-element_type=\"column\" data-e-type=\"column\">\n\t\t\t<div class=\"elementor-widget-wrap\">\n\t\t\t\t\t\t\t<\/div>\n\t\t<\/div>\n\t\t\t\t\t<\/div>\n\t\t<\/section>\n\t\t\t\t<\/div>\n\t\t","protected":false},"excerpt":{"rendered":"<p>O\u00f9 acheter? Sacl\u00e0 en Suisse La marque Sacl\u00e0 a atteint un niveau de notori\u00e9t\u00e9 plus \u00e9lev\u00e9 en Suisse ces derni\u00e8res&#8230;<\/p>\n","protected":false},"author":1,"featured_media":3707,"parent":0,"menu_order":0,"comment_status":"closed","ping_status":"closed","template":"","meta":{"_acf_changed":false,"inline_featured_image":false,"footnotes":""},"class_list":["post-4133","page","type-page","status-publish","has-post-thumbnail"],"acf":[],"yoast_head":"<!-- This site is optimized with the Yoast SEO plugin v27.6 - https:\/\/yoast.com\/product\/yoast-seo-wordpress\/ -->\n<title>Wo Zu Kaufen? - F.lli Sacl\u00e0 S.p.A.<\/title>\n<meta name=\"description\" content=\"Die Marke Sacl\u00e0 Hat in den Letzten Jahren Durch Einen Erfolgreichen Ausbau der Distribution Einen H\u00f6heren Bekanntheitsgrad in der Schweiz Erhalten\" \/>\n<meta name=\"robots\" content=\"index, follow, max-snippet:-1, max-image-preview:large, max-video-preview:-1\" \/>\n<link rel=\"canonical\" href=\"https:\/\/www.sacla.ch\/fr\/ou-acheter\/\" \/>\n<meta property=\"og:locale\" content=\"fr_FR\" \/>\n<meta property=\"og:type\" content=\"article\" \/>\n<meta property=\"og:title\" content=\"Wo Zu Kaufen? - F.lli Sacl\u00e0 S.p.A.\" \/>\n<meta property=\"og:description\" content=\"Die Marke Sacl\u00e0 Hat in den Letzten Jahren Durch Einen Erfolgreichen Ausbau der Distribution Einen H\u00f6heren Bekanntheitsgrad in der Schweiz Erhalten\" \/>\n<meta property=\"og:url\" content=\"https:\/\/www.sacla.ch\/fr\/ou-acheter\/\" \/>\n<meta property=\"og:site_name\" content=\"F.lli Sacl\u00e0 S.p.A.\" \/>\n<meta property=\"article:modified_time\" content=\"2021-07-08T09:34:23+00:00\" \/>\n<meta property=\"og:image\" content=\"https:\/\/www.sacla.ch\/wp-content\/uploads\/2021\/06\/logo-sacla-anteprima.jpg\" \/>\n\t<meta property=\"og:image:width\" content=\"837\" \/>\n\t<meta property=\"og:image:height\" content=\"464\" \/>\n\t<meta property=\"og:image:type\" content=\"image\/jpeg\" \/>\n<meta name=\"twitter:card\" content=\"summary_large_image\" \/>\n<meta name=\"twitter:label1\" content=\"Dur\u00e9e de lecture estim\u00e9e\" \/>\n\t<meta name=\"twitter:data1\" content=\"1 minute\" \/>\n<script type=\"application\/ld+json\" class=\"yoast-schema-graph\">{\"@context\":\"https:\\\/\\\/schema.org\",\"@graph\":[{\"@type\":\"WebPage\",\"@id\":\"https:\\\/\\\/www.sacla.ch\\\/fr\\\/ou-acheter\\\/\",\"url\":\"https:\\\/\\\/www.sacla.ch\\\/fr\\\/ou-acheter\\\/\",\"name\":\"Wo Zu Kaufen? - F.lli Sacl\u00e0 S.p.A.\",\"isPartOf\":{\"@id\":\"https:\\\/\\\/www.sacla.ch\\\/fr\\\/#website\"},\"primaryImageOfPage\":{\"@id\":\"https:\\\/\\\/www.sacla.ch\\\/fr\\\/ou-acheter\\\/#primaryimage\"},\"image\":{\"@id\":\"https:\\\/\\\/www.sacla.ch\\\/fr\\\/ou-acheter\\\/#primaryimage\"},\"thumbnailUrl\":\"https:\\\/\\\/www.sacla.ch\\\/wp-content\\\/uploads\\\/2021\\\/06\\\/logo-sacla-anteprima.jpg\",\"datePublished\":\"2021-06-30T09:04:22+00:00\",\"dateModified\":\"2021-07-08T09:34:23+00:00\",\"description\":\"Die Marke Sacl\u00e0 Hat in den Letzten Jahren Durch Einen Erfolgreichen Ausbau der Distribution Einen H\u00f6heren Bekanntheitsgrad in der Schweiz Erhalten\",\"breadcrumb\":{\"@id\":\"https:\\\/\\\/www.sacla.ch\\\/fr\\\/ou-acheter\\\/#breadcrumb\"},\"inLanguage\":\"fr-FR\",\"potentialAction\":[{\"@type\":\"ReadAction\",\"target\":[\"https:\\\/\\\/www.sacla.ch\\\/fr\\\/ou-acheter\\\/\"]}]},{\"@type\":\"ImageObject\",\"inLanguage\":\"fr-FR\",\"@id\":\"https:\\\/\\\/www.sacla.ch\\\/fr\\\/ou-acheter\\\/#primaryimage\",\"url\":\"https:\\\/\\\/www.sacla.ch\\\/wp-content\\\/uploads\\\/2021\\\/06\\\/logo-sacla-anteprima.jpg\",\"contentUrl\":\"https:\\\/\\\/www.sacla.ch\\\/wp-content\\\/uploads\\\/2021\\\/06\\\/logo-sacla-anteprima.jpg\",\"width\":837,\"height\":464},{\"@type\":\"BreadcrumbList\",\"@id\":\"https:\\\/\\\/www.sacla.ch\\\/fr\\\/ou-acheter\\\/#breadcrumb\",\"itemListElement\":[{\"@type\":\"ListItem\",\"position\":1,\"name\":\"Home\",\"item\":\"https:\\\/\\\/www.sacla.ch\\\/fr\\\/\"},{\"@type\":\"ListItem\",\"position\":2,\"name\":\"O\u00f9 acheter?\"}]},{\"@type\":\"WebSite\",\"@id\":\"https:\\\/\\\/www.sacla.ch\\\/fr\\\/#website\",\"url\":\"https:\\\/\\\/www.sacla.ch\\\/fr\\\/\",\"name\":\"F.lli Sacl\u00e0 S.p.A.\",\"description\":\"Italian Fine Food\",\"publisher\":{\"@id\":\"https:\\\/\\\/www.sacla.ch\\\/fr\\\/#organization\"},\"potentialAction\":[{\"@type\":\"SearchAction\",\"target\":{\"@type\":\"EntryPoint\",\"urlTemplate\":\"https:\\\/\\\/www.sacla.ch\\\/fr\\\/?s={search_term_string}\"},\"query-input\":{\"@type\":\"PropertyValueSpecification\",\"valueRequired\":true,\"valueName\":\"search_term_string\"}}],\"inLanguage\":\"fr-FR\"},{\"@type\":\"Organization\",\"@id\":\"https:\\\/\\\/www.sacla.ch\\\/fr\\\/#organization\",\"name\":\"F.lli Sacl\u00e0 S.p.A.\",\"url\":\"https:\\\/\\\/www.sacla.ch\\\/fr\\\/\",\"logo\":{\"@type\":\"ImageObject\",\"inLanguage\":\"fr-FR\",\"@id\":\"https:\\\/\\\/www.sacla.ch\\\/fr\\\/#\\\/schema\\\/logo\\\/image\\\/\",\"url\":\"https:\\\/\\\/www.sacla.ch\\\/wp-content\\\/uploads\\\/2021\\\/03\\\/logo-sacla-300.png\",\"contentUrl\":\"https:\\\/\\\/www.sacla.ch\\\/wp-content\\\/uploads\\\/2021\\\/03\\\/logo-sacla-300.png\",\"width\":300,\"height\":185,\"caption\":\"F.lli Sacl\u00e0 S.p.A.\"},\"image\":{\"@id\":\"https:\\\/\\\/www.sacla.ch\\\/fr\\\/#\\\/schema\\\/logo\\\/image\\\/\"}}]}<\/script>\n<!-- \/ Yoast SEO plugin. -->","yoast_head_json":{"title":"Wo Zu Kaufen? - F.lli Sacl\u00e0 S.p.A.","description":"Die Marke Sacl\u00e0 Hat in den Letzten Jahren Durch Einen Erfolgreichen Ausbau der Distribution Einen H\u00f6heren Bekanntheitsgrad in der Schweiz Erhalten","robots":{"index":"index","follow":"follow","max-snippet":"max-snippet:-1","max-image-preview":"max-image-preview:large","max-video-preview":"max-video-preview:-1"},"canonical":"https:\/\/www.sacla.ch\/fr\/ou-acheter\/","og_locale":"fr_FR","og_type":"article","og_title":"Wo Zu Kaufen? - F.lli Sacl\u00e0 S.p.A.","og_description":"Die Marke Sacl\u00e0 Hat in den Letzten Jahren Durch Einen Erfolgreichen Ausbau der Distribution Einen H\u00f6heren Bekanntheitsgrad in der Schweiz Erhalten","og_url":"https:\/\/www.sacla.ch\/fr\/ou-acheter\/","og_site_name":"F.lli Sacl\u00e0 S.p.A.","article_modified_time":"2021-07-08T09:34:23+00:00","og_image":[{"width":837,"height":464,"url":"https:\/\/www.sacla.ch\/wp-content\/uploads\/2021\/06\/logo-sacla-anteprima.jpg","type":"image\/jpeg"}],"twitter_card":"summary_large_image","twitter_misc":{"Dur\u00e9e de lecture estim\u00e9e":"1 minute"},"schema":{"@context":"https:\/\/schema.org","@graph":[{"@type":"WebPage","@id":"https:\/\/www.sacla.ch\/fr\/ou-acheter\/","url":"https:\/\/www.sacla.ch\/fr\/ou-acheter\/","name":"Wo Zu Kaufen? - F.lli Sacl\u00e0 S.p.A.","isPartOf":{"@id":"https:\/\/www.sacla.ch\/fr\/#website"},"primaryImageOfPage":{"@id":"https:\/\/www.sacla.ch\/fr\/ou-acheter\/#primaryimage"},"image":{"@id":"https:\/\/www.sacla.ch\/fr\/ou-acheter\/#primaryimage"},"thumbnailUrl":"https:\/\/www.sacla.ch\/wp-content\/uploads\/2021\/06\/logo-sacla-anteprima.jpg","datePublished":"2021-06-30T09:04:22+00:00","dateModified":"2021-07-08T09:34:23+00:00","description":"Die Marke Sacl\u00e0 Hat in den Letzten Jahren Durch Einen Erfolgreichen Ausbau der Distribution Einen H\u00f6heren Bekanntheitsgrad in der Schweiz Erhalten","breadcrumb":{"@id":"https:\/\/www.sacla.ch\/fr\/ou-acheter\/#breadcrumb"},"inLanguage":"fr-FR","potentialAction":[{"@type":"ReadAction","target":["https:\/\/www.sacla.ch\/fr\/ou-acheter\/"]}]},{"@type":"ImageObject","inLanguage":"fr-FR","@id":"https:\/\/www.sacla.ch\/fr\/ou-acheter\/#primaryimage","url":"https:\/\/www.sacla.ch\/wp-content\/uploads\/2021\/06\/logo-sacla-anteprima.jpg","contentUrl":"https:\/\/www.sacla.ch\/wp-content\/uploads\/2021\/06\/logo-sacla-anteprima.jpg","width":837,"height":464},{"@type":"BreadcrumbList","@id":"https:\/\/www.sacla.ch\/fr\/ou-acheter\/#breadcrumb","itemListElement":[{"@type":"ListItem","position":1,"name":"Home","item":"https:\/\/www.sacla.ch\/fr\/"},{"@type":"ListItem","position":2,"name":"O\u00f9 acheter?"}]},{"@type":"WebSite","@id":"https:\/\/www.sacla.ch\/fr\/#website","url":"https:\/\/www.sacla.ch\/fr\/","name":"F.lli Sacl\u00e0 S.p.A.","description":"Italian Fine Food","publisher":{"@id":"https:\/\/www.sacla.ch\/fr\/#organization"},"potentialAction":[{"@type":"SearchAction","target":{"@type":"EntryPoint","urlTemplate":"https:\/\/www.sacla.ch\/fr\/?s={search_term_string}"},"query-input":{"@type":"PropertyValueSpecification","valueRequired":true,"valueName":"search_term_string"}}],"inLanguage":"fr-FR"},{"@type":"Organization","@id":"https:\/\/www.sacla.ch\/fr\/#organization","name":"F.lli Sacl\u00e0 S.p.A.","url":"https:\/\/www.sacla.ch\/fr\/","logo":{"@type":"ImageObject","inLanguage":"fr-FR","@id":"https:\/\/www.sacla.ch\/fr\/#\/schema\/logo\/image\/","url":"https:\/\/www.sacla.ch\/wp-content\/uploads\/2021\/03\/logo-sacla-300.png","contentUrl":"https:\/\/www.sacla.ch\/wp-content\/uploads\/2021\/03\/logo-sacla-300.png","width":300,"height":185,"caption":"F.lli Sacl\u00e0 S.p.A."},"image":{"@id":"https:\/\/www.sacla.ch\/fr\/#\/schema\/logo\/image\/"}}]}},"_links":{"self":[{"href":"https:\/\/www.sacla.ch\/fr\/wp-json\/wp\/v2\/pages\/4133","targetHints":{"allow":["GET"]}}],"collection":[{"href":"https:\/\/www.sacla.ch\/fr\/wp-json\/wp\/v2\/pages"}],"about":[{"href":"https:\/\/www.sacla.ch\/fr\/wp-json\/wp\/v2\/types\/page"}],"author":[{"embeddable":true,"href":"https:\/\/www.sacla.ch\/fr\/wp-json\/wp\/v2\/users\/1"}],"replies":[{"embeddable":true,"href":"https:\/\/www.sacla.ch\/fr\/wp-json\/wp\/v2\/comments?post=4133"}],"version-history":[{"count":15,"href":"https:\/\/www.sacla.ch\/fr\/wp-json\/wp\/v2\/pages\/4133\/revisions"}],"predecessor-version":[{"id":4168,"href":"https:\/\/www.sacla.ch\/fr\/wp-json\/wp\/v2\/pages\/4133\/revisions\/4168"}],"wp:featuredmedia":[{"embeddable":true,"href":"https:\/\/www.sacla.ch\/fr\/wp-json\/wp\/v2\/media\/3707"}],"wp:attachment":[{"href":"https:\/\/www.sacla.ch\/fr\/wp-json\/wp\/v2\/media?parent=4133"}],"curies":[{"name":"wp","href":"https:\/\/api.w.org\/{rel}","templated":true}]}}