{"id":3257,"date":"2021-04-16T18:00:00","date_gmt":"2021-04-16T16:00:00","guid":{"rendered":"https:\/\/www.sacla.ch\/?post_type=product&#038;p=3257"},"modified":"2021-06-18T12:01:36","modified_gmt":"2021-06-18T10:01:36","slug":"assaisonnement-a-lhuile-dolive-extra-vierge-epicee","status":"publish","type":"product","link":"https:\/\/www.sacla.ch\/fr\/produit-italien\/assaisonnement-a-lhuile-dolive-extra-vierge-epicee\/","title":{"rendered":"Assaisonnement \u00e0 l&rsquo;huile d&rsquo;olive extra vierge \u00e9pic\u00e9e"},"content":{"rendered":"","protected":false},"excerpt":{"rendered":"<p class=\"p1\"><span class=\"s1\">Cette huile d\u2019olive extra vierge pour Pizza a de forts parfums de feuilles de tomate et une fin \u00e9pic\u00e9e intense. Avec son m\u00e9lange d\u2019herbes diff\u00e9rentes, il intensifie et harmonise les ingr\u00e9dients dans une explosion de saveurs, qui am\u00e9liorent l\u2019authenticit\u00e9 de votre pizza ou p\u00e2tes.<\/span><\/p>\n","protected":false},"featured_media":3629,"template":"","meta":{"_acf_changed":false,"inline_featured_image":false},"product_features":[124,126,128,130],"product_brand":[],"product_cat":[149],"product_tag":[],"class_list":{"0":"post-3257","1":"product","2":"type-product","3":"status-publish","4":"has-post-thumbnail","6":"product_features-gluten-free-fr","7":"product_features-no-preservatives-fr","8":"product_features-vegetarian-fr","9":"product_features-vegan-fr","10":"product_cat-huiles-aromatiques","12":"first","13":"instock","14":"shipping-taxable","15":"product-type-simple"},"acf":[],"yoast_head":"<!-- This site is optimized with the Yoast SEO plugin v27.5 - https:\/\/yoast.com\/product\/yoast-seo-wordpress\/ -->\n<title>Assaisonnement \u00e0 l&#039;huile d&#039;olive extra vierge \u00e9pic\u00e9e - F.lli Sacl\u00e0 S.p.A.<\/title>\n<meta name=\"description\" content=\"Cette huile d\u2019olive extra vierge pour Pizza a de forts parfums de feuilles de tomate et une fin \u00e9pic\u00e9e intense. Avec son m\u00e9lange d\u2019herbes diff\u00e9rentes, il intensifie et harmonise les ingr\u00e9dients dans une explosion de saveurs, qui am\u00e9liorent l\u2019authenticit\u00e9 de votre pizza ou p\u00e2tes.\" \/>\n<meta name=\"robots\" content=\"index, follow, max-snippet:-1, max-image-preview:large, max-video-preview:-1\" \/>\n<link rel=\"canonical\" href=\"https:\/\/www.sacla.ch\/fr\/produit-italien\/assaisonnement-a-lhuile-dolive-extra-vierge-epicee\/\" \/>\n<meta property=\"og:locale\" content=\"fr_FR\" \/>\n<meta property=\"og:type\" content=\"article\" \/>\n<meta property=\"og:title\" content=\"Assaisonnement \u00e0 l&#039;huile d&#039;olive extra vierge \u00e9pic\u00e9e - F.lli Sacl\u00e0 S.p.A.\" \/>\n<meta property=\"og:description\" content=\"Cette huile d\u2019olive extra vierge pour Pizza a de forts parfums de feuilles de tomate et une fin \u00e9pic\u00e9e intense. Avec son m\u00e9lange d\u2019herbes diff\u00e9rentes, il intensifie et harmonise les ingr\u00e9dients dans une explosion de saveurs, qui am\u00e9liorent l\u2019authenticit\u00e9 de votre pizza ou p\u00e2tes.\" \/>\n<meta property=\"og:url\" content=\"https:\/\/www.sacla.ch\/fr\/produit-italien\/assaisonnement-a-lhuile-dolive-extra-vierge-epicee\/\" \/>\n<meta property=\"og:site_name\" content=\"F.lli Sacl\u00e0 S.p.A.\" \/>\n<meta property=\"article:modified_time\" content=\"2021-06-18T10:01:36+00:00\" \/>\n<meta property=\"og:image\" content=\"https:\/\/www.sacla.ch\/wp-content\/uploads\/2021\/04\/olio-pizza.png\" \/>\n\t<meta property=\"og:image:width\" content=\"588\" \/>\n\t<meta property=\"og:image:height\" content=\"588\" \/>\n\t<meta property=\"og:image:type\" content=\"image\/png\" \/>\n<meta name=\"twitter:card\" content=\"summary_large_image\" \/>\n<script type=\"application\/ld+json\" class=\"yoast-schema-graph\">{\"@context\":\"https:\\\/\\\/schema.org\",\"@graph\":[{\"@type\":[\"WebPage\",\"ItemPage\"],\"@id\":\"https:\\\/\\\/www.sacla.ch\\\/fr\\\/produit-italien\\\/assaisonnement-a-lhuile-dolive-extra-vierge-epicee\\\/\",\"url\":\"https:\\\/\\\/www.sacla.ch\\\/fr\\\/produit-italien\\\/assaisonnement-a-lhuile-dolive-extra-vierge-epicee\\\/\",\"name\":\"Assaisonnement \u00e0 l'huile d'olive extra vierge \u00e9pic\u00e9e - F.lli Sacl\u00e0 S.p.A.\",\"isPartOf\":{\"@id\":\"https:\\\/\\\/www.sacla.ch\\\/fr\\\/#website\"},\"primaryImageOfPage\":{\"@id\":\"https:\\\/\\\/www.sacla.ch\\\/fr\\\/produit-italien\\\/assaisonnement-a-lhuile-dolive-extra-vierge-epicee\\\/#primaryimage\"},\"image\":{\"@id\":\"https:\\\/\\\/www.sacla.ch\\\/fr\\\/produit-italien\\\/assaisonnement-a-lhuile-dolive-extra-vierge-epicee\\\/#primaryimage\"},\"thumbnailUrl\":\"https:\\\/\\\/www.sacla.ch\\\/wp-content\\\/uploads\\\/2021\\\/04\\\/olio-pizza.png\",\"datePublished\":\"2021-04-16T16:00:00+00:00\",\"dateModified\":\"2021-06-18T10:01:36+00:00\",\"description\":\"Cette huile d\u2019olive extra vierge pour Pizza a de forts parfums de feuilles de tomate et une fin \u00e9pic\u00e9e intense. Avec son m\u00e9lange d\u2019herbes diff\u00e9rentes, il intensifie et harmonise les ingr\u00e9dients dans une explosion de saveurs, qui am\u00e9liorent l\u2019authenticit\u00e9 de votre pizza ou p\u00e2tes.\",\"breadcrumb\":{\"@id\":\"https:\\\/\\\/www.sacla.ch\\\/fr\\\/produit-italien\\\/assaisonnement-a-lhuile-dolive-extra-vierge-epicee\\\/#breadcrumb\"},\"inLanguage\":\"fr-FR\",\"potentialAction\":[{\"@type\":\"ReadAction\",\"target\":[\"https:\\\/\\\/www.sacla.ch\\\/fr\\\/produit-italien\\\/assaisonnement-a-lhuile-dolive-extra-vierge-epicee\\\/\"]}]},{\"@type\":\"ImageObject\",\"inLanguage\":\"fr-FR\",\"@id\":\"https:\\\/\\\/www.sacla.ch\\\/fr\\\/produit-italien\\\/assaisonnement-a-lhuile-dolive-extra-vierge-epicee\\\/#primaryimage\",\"url\":\"https:\\\/\\\/www.sacla.ch\\\/wp-content\\\/uploads\\\/2021\\\/04\\\/olio-pizza.png\",\"contentUrl\":\"https:\\\/\\\/www.sacla.ch\\\/wp-content\\\/uploads\\\/2021\\\/04\\\/olio-pizza.png\",\"width\":588,\"height\":588},{\"@type\":\"BreadcrumbList\",\"@id\":\"https:\\\/\\\/www.sacla.ch\\\/fr\\\/produit-italien\\\/assaisonnement-a-lhuile-dolive-extra-vierge-epicee\\\/#breadcrumb\",\"itemListElement\":[{\"@type\":\"ListItem\",\"position\":1,\"name\":\"Home\",\"item\":\"https:\\\/\\\/www.sacla.ch\\\/fr\\\/\"},{\"@type\":\"ListItem\",\"position\":2,\"name\":\"Produits\",\"item\":\"https:\\\/\\\/www.sacla.ch\\\/fr\\\/shop\\\/\"},{\"@type\":\"ListItem\",\"position\":3,\"name\":\"Assaisonnement \u00e0 l&#8217;huile d&#8217;olive extra vierge \u00e9pic\u00e9e\"}]},{\"@type\":\"WebSite\",\"@id\":\"https:\\\/\\\/www.sacla.ch\\\/fr\\\/#website\",\"url\":\"https:\\\/\\\/www.sacla.ch\\\/fr\\\/\",\"name\":\"F.lli Sacl\u00e0 S.p.A.\",\"description\":\"Italian Fine Food\",\"publisher\":{\"@id\":\"https:\\\/\\\/www.sacla.ch\\\/fr\\\/#organization\"},\"potentialAction\":[{\"@type\":\"SearchAction\",\"target\":{\"@type\":\"EntryPoint\",\"urlTemplate\":\"https:\\\/\\\/www.sacla.ch\\\/fr\\\/?s={search_term_string}\"},\"query-input\":{\"@type\":\"PropertyValueSpecification\",\"valueRequired\":true,\"valueName\":\"search_term_string\"}}],\"inLanguage\":\"fr-FR\"},{\"@type\":\"Organization\",\"@id\":\"https:\\\/\\\/www.sacla.ch\\\/fr\\\/#organization\",\"name\":\"F.lli Sacl\u00e0 S.p.A.\",\"url\":\"https:\\\/\\\/www.sacla.ch\\\/fr\\\/\",\"logo\":{\"@type\":\"ImageObject\",\"inLanguage\":\"fr-FR\",\"@id\":\"https:\\\/\\\/www.sacla.ch\\\/fr\\\/#\\\/schema\\\/logo\\\/image\\\/\",\"url\":\"https:\\\/\\\/www.sacla.ch\\\/wp-content\\\/uploads\\\/2021\\\/03\\\/logo-sacla-300.png\",\"contentUrl\":\"https:\\\/\\\/www.sacla.ch\\\/wp-content\\\/uploads\\\/2021\\\/03\\\/logo-sacla-300.png\",\"width\":300,\"height\":185,\"caption\":\"F.lli Sacl\u00e0 S.p.A.\"},\"image\":{\"@id\":\"https:\\\/\\\/www.sacla.ch\\\/fr\\\/#\\\/schema\\\/logo\\\/image\\\/\"}}]}<\/script>\n<!-- \/ Yoast SEO plugin. -->","yoast_head_json":{"title":"Assaisonnement \u00e0 l'huile d'olive extra vierge \u00e9pic\u00e9e - F.lli Sacl\u00e0 S.p.A.","description":"Cette huile d\u2019olive extra vierge pour Pizza a de forts parfums de feuilles de tomate et une fin \u00e9pic\u00e9e intense. Avec son m\u00e9lange d\u2019herbes diff\u00e9rentes, il intensifie et harmonise les ingr\u00e9dients dans une explosion de saveurs, qui am\u00e9liorent l\u2019authenticit\u00e9 de votre pizza ou p\u00e2tes.","robots":{"index":"index","follow":"follow","max-snippet":"max-snippet:-1","max-image-preview":"max-image-preview:large","max-video-preview":"max-video-preview:-1"},"canonical":"https:\/\/www.sacla.ch\/fr\/produit-italien\/assaisonnement-a-lhuile-dolive-extra-vierge-epicee\/","og_locale":"fr_FR","og_type":"article","og_title":"Assaisonnement \u00e0 l'huile d'olive extra vierge \u00e9pic\u00e9e - F.lli Sacl\u00e0 S.p.A.","og_description":"Cette huile d\u2019olive extra vierge pour Pizza a de forts parfums de feuilles de tomate et une fin \u00e9pic\u00e9e intense. Avec son m\u00e9lange d\u2019herbes diff\u00e9rentes, il intensifie et harmonise les ingr\u00e9dients dans une explosion de saveurs, qui am\u00e9liorent l\u2019authenticit\u00e9 de votre pizza ou p\u00e2tes.","og_url":"https:\/\/www.sacla.ch\/fr\/produit-italien\/assaisonnement-a-lhuile-dolive-extra-vierge-epicee\/","og_site_name":"F.lli Sacl\u00e0 S.p.A.","article_modified_time":"2021-06-18T10:01:36+00:00","og_image":[{"width":588,"height":588,"url":"https:\/\/www.sacla.ch\/wp-content\/uploads\/2021\/04\/olio-pizza.png","type":"image\/png"}],"twitter_card":"summary_large_image","schema":{"@context":"https:\/\/schema.org","@graph":[{"@type":["WebPage","ItemPage"],"@id":"https:\/\/www.sacla.ch\/fr\/produit-italien\/assaisonnement-a-lhuile-dolive-extra-vierge-epicee\/","url":"https:\/\/www.sacla.ch\/fr\/produit-italien\/assaisonnement-a-lhuile-dolive-extra-vierge-epicee\/","name":"Assaisonnement \u00e0 l'huile d'olive extra vierge \u00e9pic\u00e9e - F.lli Sacl\u00e0 S.p.A.","isPartOf":{"@id":"https:\/\/www.sacla.ch\/fr\/#website"},"primaryImageOfPage":{"@id":"https:\/\/www.sacla.ch\/fr\/produit-italien\/assaisonnement-a-lhuile-dolive-extra-vierge-epicee\/#primaryimage"},"image":{"@id":"https:\/\/www.sacla.ch\/fr\/produit-italien\/assaisonnement-a-lhuile-dolive-extra-vierge-epicee\/#primaryimage"},"thumbnailUrl":"https:\/\/www.sacla.ch\/wp-content\/uploads\/2021\/04\/olio-pizza.png","datePublished":"2021-04-16T16:00:00+00:00","dateModified":"2021-06-18T10:01:36+00:00","description":"Cette huile d\u2019olive extra vierge pour Pizza a de forts parfums de feuilles de tomate et une fin \u00e9pic\u00e9e intense. Avec son m\u00e9lange d\u2019herbes diff\u00e9rentes, il intensifie et harmonise les ingr\u00e9dients dans une explosion de saveurs, qui am\u00e9liorent l\u2019authenticit\u00e9 de votre pizza ou p\u00e2tes.","breadcrumb":{"@id":"https:\/\/www.sacla.ch\/fr\/produit-italien\/assaisonnement-a-lhuile-dolive-extra-vierge-epicee\/#breadcrumb"},"inLanguage":"fr-FR","potentialAction":[{"@type":"ReadAction","target":["https:\/\/www.sacla.ch\/fr\/produit-italien\/assaisonnement-a-lhuile-dolive-extra-vierge-epicee\/"]}]},{"@type":"ImageObject","inLanguage":"fr-FR","@id":"https:\/\/www.sacla.ch\/fr\/produit-italien\/assaisonnement-a-lhuile-dolive-extra-vierge-epicee\/#primaryimage","url":"https:\/\/www.sacla.ch\/wp-content\/uploads\/2021\/04\/olio-pizza.png","contentUrl":"https:\/\/www.sacla.ch\/wp-content\/uploads\/2021\/04\/olio-pizza.png","width":588,"height":588},{"@type":"BreadcrumbList","@id":"https:\/\/www.sacla.ch\/fr\/produit-italien\/assaisonnement-a-lhuile-dolive-extra-vierge-epicee\/#breadcrumb","itemListElement":[{"@type":"ListItem","position":1,"name":"Home","item":"https:\/\/www.sacla.ch\/fr\/"},{"@type":"ListItem","position":2,"name":"Produits","item":"https:\/\/www.sacla.ch\/fr\/shop\/"},{"@type":"ListItem","position":3,"name":"Assaisonnement \u00e0 l&#8217;huile d&#8217;olive extra vierge \u00e9pic\u00e9e"}]},{"@type":"WebSite","@id":"https:\/\/www.sacla.ch\/fr\/#website","url":"https:\/\/www.sacla.ch\/fr\/","name":"F.lli Sacl\u00e0 S.p.A.","description":"Italian Fine Food","publisher":{"@id":"https:\/\/www.sacla.ch\/fr\/#organization"},"potentialAction":[{"@type":"SearchAction","target":{"@type":"EntryPoint","urlTemplate":"https:\/\/www.sacla.ch\/fr\/?s={search_term_string}"},"query-input":{"@type":"PropertyValueSpecification","valueRequired":true,"valueName":"search_term_string"}}],"inLanguage":"fr-FR"},{"@type":"Organization","@id":"https:\/\/www.sacla.ch\/fr\/#organization","name":"F.lli Sacl\u00e0 S.p.A.","url":"https:\/\/www.sacla.ch\/fr\/","logo":{"@type":"ImageObject","inLanguage":"fr-FR","@id":"https:\/\/www.sacla.ch\/fr\/#\/schema\/logo\/image\/","url":"https:\/\/www.sacla.ch\/wp-content\/uploads\/2021\/03\/logo-sacla-300.png","contentUrl":"https:\/\/www.sacla.ch\/wp-content\/uploads\/2021\/03\/logo-sacla-300.png","width":300,"height":185,"caption":"F.lli Sacl\u00e0 S.p.A."},"image":{"@id":"https:\/\/www.sacla.ch\/fr\/#\/schema\/logo\/image\/"}}]}},"_links":{"self":[{"href":"https:\/\/www.sacla.ch\/fr\/wp-json\/wp\/v2\/product\/3257","targetHints":{"allow":["GET"]}}],"collection":[{"href":"https:\/\/www.sacla.ch\/fr\/wp-json\/wp\/v2\/product"}],"about":[{"href":"https:\/\/www.sacla.ch\/fr\/wp-json\/wp\/v2\/types\/product"}],"version-history":[{"count":1,"href":"https:\/\/www.sacla.ch\/fr\/wp-json\/wp\/v2\/product\/3257\/revisions"}],"predecessor-version":[{"id":3258,"href":"https:\/\/www.sacla.ch\/fr\/wp-json\/wp\/v2\/product\/3257\/revisions\/3258"}],"wp:featuredmedia":[{"embeddable":true,"href":"https:\/\/www.sacla.ch\/fr\/wp-json\/wp\/v2\/media\/3629"}],"wp:attachment":[{"href":"https:\/\/www.sacla.ch\/fr\/wp-json\/wp\/v2\/media?parent=3257"}],"wp:term":[{"taxonomy":"product_features","embeddable":true,"href":"https:\/\/www.sacla.ch\/fr\/wp-json\/wp\/v2\/product_features?post=3257"},{"taxonomy":"product_brand","embeddable":true,"href":"https:\/\/www.sacla.ch\/fr\/wp-json\/wp\/v2\/product_brand?post=3257"},{"taxonomy":"product_cat","embeddable":true,"href":"https:\/\/www.sacla.ch\/fr\/wp-json\/wp\/v2\/product_cat?post=3257"},{"taxonomy":"product_tag","embeddable":true,"href":"https:\/\/www.sacla.ch\/fr\/wp-json\/wp\/v2\/product_tag?post=3257"}],"curies":[{"name":"wp","href":"https:\/\/api.w.org\/{rel}","templated":true}]}}