{"id":3261,"date":"2021-04-12T22:00:07","date_gmt":"2021-04-12T20:00:07","guid":{"rendered":"https:\/\/www.sacla.ch\/?post_type=product&#038;p=3261"},"modified":"2021-06-18T15:36:12","modified_gmt":"2021-06-18T13:36:12","slug":"artichauts-marines","status":"publish","type":"product","link":"https:\/\/www.sacla.ch\/fr\/produit-italien\/artichauts-marines\/","title":{"rendered":"Artichauts marin\u00e9s"},"content":{"rendered":"","protected":false},"excerpt":{"rendered":"<p class=\"p1\">Une s\u00e9lection de tendres c\u0153urs d\u2019artichauts conserv\u00e9s dans une huile subtilement aromatis\u00e9e d&rsquo;\u00e9pices et aromates. Avec leur go\u00fbt amer caract\u00e9ristique, ils sont un plat d&rsquo;accompagnement frais et savoureux. Ils peuvent \u00eatre utilis\u00e9s comme garniture sur une pizza ou avec du pain frais.<\/p>\n","protected":false},"featured_media":3473,"template":"","meta":{"_acf_changed":false,"inline_featured_image":false},"product_features":[130,124,126,128],"product_brand":[],"product_cat":[147,148],"product_tag":[],"class_list":{"0":"post-3261","1":"product","2":"type-product","3":"status-publish","4":"has-post-thumbnail","6":"product_features-vegan-fr","7":"product_features-gluten-free-fr","8":"product_features-no-preservatives-fr","9":"product_features-vegetarian-fr","10":"product_cat-antipasti-traditionnels","11":"product_cat-classic-fr","13":"first","14":"instock","15":"shipping-taxable","16":"product-type-simple"},"acf":[],"yoast_head":"<!-- This site is optimized with the Yoast SEO plugin v27.4 - https:\/\/yoast.com\/product\/yoast-seo-wordpress\/ -->\n<title>Artichauts marin\u00e9s - F.lli Sacl\u00e0 S.p.A.<\/title>\n<meta name=\"description\" content=\"Une s\u00e9lection de tendres c\u0153urs d\u2019artichauts conserv\u00e9s dans une huile subtilement aromatis\u00e9e d&#039;\u00e9pices et aromates. Avec leur go\u00fbt amer caract\u00e9ristique, ils sont un plat d&#039;accompagnement frais et savoureux. Ils peuvent \u00eatre utilis\u00e9s comme garniture sur une pizza ou avec du pain frais. Artichauts marin\u00e9s\" \/>\n<meta name=\"robots\" content=\"index, follow, max-snippet:-1, max-image-preview:large, max-video-preview:-1\" \/>\n<link rel=\"canonical\" href=\"https:\/\/www.sacla.ch\/fr\/produit-italien\/artichauts-marines\/\" \/>\n<meta property=\"og:locale\" content=\"fr_FR\" \/>\n<meta property=\"og:type\" content=\"article\" \/>\n<meta property=\"og:title\" content=\"Artichauts marin\u00e9s - F.lli Sacl\u00e0 S.p.A.\" \/>\n<meta property=\"og:description\" content=\"Une s\u00e9lection de tendres c\u0153urs d\u2019artichauts conserv\u00e9s dans une huile subtilement aromatis\u00e9e d&#039;\u00e9pices et aromates. Avec leur go\u00fbt amer caract\u00e9ristique, ils sont un plat d&#039;accompagnement frais et savoureux. Ils peuvent \u00eatre utilis\u00e9s comme garniture sur une pizza ou avec du pain frais. Artichauts marin\u00e9s\" \/>\n<meta property=\"og:url\" content=\"https:\/\/www.sacla.ch\/fr\/produit-italien\/artichauts-marines\/\" \/>\n<meta property=\"og:site_name\" content=\"F.lli Sacl\u00e0 S.p.A.\" \/>\n<meta property=\"article:modified_time\" content=\"2021-06-18T13:36:12+00:00\" \/>\n<meta property=\"og:image\" content=\"https:\/\/www.sacla.ch\/wp-content\/uploads\/2021\/04\/E0C40123CBA00-1.png\" \/>\n\t<meta property=\"og:image:width\" content=\"588\" \/>\n\t<meta property=\"og:image:height\" content=\"588\" \/>\n\t<meta property=\"og:image:type\" content=\"image\/png\" \/>\n<meta name=\"twitter:card\" content=\"summary_large_image\" \/>\n<script type=\"application\/ld+json\" class=\"yoast-schema-graph\">{\"@context\":\"https:\\\/\\\/schema.org\",\"@graph\":[{\"@type\":[\"WebPage\",\"ItemPage\"],\"@id\":\"https:\\\/\\\/www.sacla.ch\\\/fr\\\/produit-italien\\\/artichauts-marines\\\/\",\"url\":\"https:\\\/\\\/www.sacla.ch\\\/fr\\\/produit-italien\\\/artichauts-marines\\\/\",\"name\":\"Artichauts marin\u00e9s - F.lli Sacl\u00e0 S.p.A.\",\"isPartOf\":{\"@id\":\"https:\\\/\\\/www.sacla.ch\\\/fr\\\/#website\"},\"primaryImageOfPage\":{\"@id\":\"https:\\\/\\\/www.sacla.ch\\\/fr\\\/produit-italien\\\/artichauts-marines\\\/#primaryimage\"},\"image\":{\"@id\":\"https:\\\/\\\/www.sacla.ch\\\/fr\\\/produit-italien\\\/artichauts-marines\\\/#primaryimage\"},\"thumbnailUrl\":\"https:\\\/\\\/www.sacla.ch\\\/wp-content\\\/uploads\\\/2021\\\/04\\\/E0C40123CBA00-1.png\",\"datePublished\":\"2021-04-12T20:00:07+00:00\",\"dateModified\":\"2021-06-18T13:36:12+00:00\",\"description\":\"Une s\u00e9lection de tendres c\u0153urs d\u2019artichauts conserv\u00e9s dans une huile subtilement aromatis\u00e9e d'\u00e9pices et aromates. Avec leur go\u00fbt amer caract\u00e9ristique, ils sont un plat d'accompagnement frais et savoureux. Ils peuvent \u00eatre utilis\u00e9s comme garniture sur une pizza ou avec du pain frais. Artichauts marin\u00e9s\",\"breadcrumb\":{\"@id\":\"https:\\\/\\\/www.sacla.ch\\\/fr\\\/produit-italien\\\/artichauts-marines\\\/#breadcrumb\"},\"inLanguage\":\"fr-FR\",\"potentialAction\":[{\"@type\":\"ReadAction\",\"target\":[\"https:\\\/\\\/www.sacla.ch\\\/fr\\\/produit-italien\\\/artichauts-marines\\\/\"]}]},{\"@type\":\"ImageObject\",\"inLanguage\":\"fr-FR\",\"@id\":\"https:\\\/\\\/www.sacla.ch\\\/fr\\\/produit-italien\\\/artichauts-marines\\\/#primaryimage\",\"url\":\"https:\\\/\\\/www.sacla.ch\\\/wp-content\\\/uploads\\\/2021\\\/04\\\/E0C40123CBA00-1.png\",\"contentUrl\":\"https:\\\/\\\/www.sacla.ch\\\/wp-content\\\/uploads\\\/2021\\\/04\\\/E0C40123CBA00-1.png\",\"width\":588,\"height\":588},{\"@type\":\"BreadcrumbList\",\"@id\":\"https:\\\/\\\/www.sacla.ch\\\/fr\\\/produit-italien\\\/artichauts-marines\\\/#breadcrumb\",\"itemListElement\":[{\"@type\":\"ListItem\",\"position\":1,\"name\":\"Home\",\"item\":\"https:\\\/\\\/www.sacla.ch\\\/fr\\\/\"},{\"@type\":\"ListItem\",\"position\":2,\"name\":\"Produits\",\"item\":\"https:\\\/\\\/www.sacla.ch\\\/fr\\\/shop\\\/\"},{\"@type\":\"ListItem\",\"position\":3,\"name\":\"Artichauts marin\u00e9s\"}]},{\"@type\":\"WebSite\",\"@id\":\"https:\\\/\\\/www.sacla.ch\\\/fr\\\/#website\",\"url\":\"https:\\\/\\\/www.sacla.ch\\\/fr\\\/\",\"name\":\"F.lli Sacl\u00e0 S.p.A.\",\"description\":\"Italian Fine Food\",\"publisher\":{\"@id\":\"https:\\\/\\\/www.sacla.ch\\\/fr\\\/#organization\"},\"potentialAction\":[{\"@type\":\"SearchAction\",\"target\":{\"@type\":\"EntryPoint\",\"urlTemplate\":\"https:\\\/\\\/www.sacla.ch\\\/fr\\\/?s={search_term_string}\"},\"query-input\":{\"@type\":\"PropertyValueSpecification\",\"valueRequired\":true,\"valueName\":\"search_term_string\"}}],\"inLanguage\":\"fr-FR\"},{\"@type\":\"Organization\",\"@id\":\"https:\\\/\\\/www.sacla.ch\\\/fr\\\/#organization\",\"name\":\"F.lli Sacl\u00e0 S.p.A.\",\"url\":\"https:\\\/\\\/www.sacla.ch\\\/fr\\\/\",\"logo\":{\"@type\":\"ImageObject\",\"inLanguage\":\"fr-FR\",\"@id\":\"https:\\\/\\\/www.sacla.ch\\\/fr\\\/#\\\/schema\\\/logo\\\/image\\\/\",\"url\":\"https:\\\/\\\/www.sacla.ch\\\/wp-content\\\/uploads\\\/2021\\\/03\\\/logo-sacla-300.png\",\"contentUrl\":\"https:\\\/\\\/www.sacla.ch\\\/wp-content\\\/uploads\\\/2021\\\/03\\\/logo-sacla-300.png\",\"width\":300,\"height\":185,\"caption\":\"F.lli Sacl\u00e0 S.p.A.\"},\"image\":{\"@id\":\"https:\\\/\\\/www.sacla.ch\\\/fr\\\/#\\\/schema\\\/logo\\\/image\\\/\"}}]}<\/script>\n<!-- \/ Yoast SEO plugin. -->","yoast_head_json":{"title":"Artichauts marin\u00e9s - F.lli Sacl\u00e0 S.p.A.","description":"Une s\u00e9lection de tendres c\u0153urs d\u2019artichauts conserv\u00e9s dans une huile subtilement aromatis\u00e9e d'\u00e9pices et aromates. Avec leur go\u00fbt amer caract\u00e9ristique, ils sont un plat d'accompagnement frais et savoureux. Ils peuvent \u00eatre utilis\u00e9s comme garniture sur une pizza ou avec du pain frais. Artichauts marin\u00e9s","robots":{"index":"index","follow":"follow","max-snippet":"max-snippet:-1","max-image-preview":"max-image-preview:large","max-video-preview":"max-video-preview:-1"},"canonical":"https:\/\/www.sacla.ch\/fr\/produit-italien\/artichauts-marines\/","og_locale":"fr_FR","og_type":"article","og_title":"Artichauts marin\u00e9s - F.lli Sacl\u00e0 S.p.A.","og_description":"Une s\u00e9lection de tendres c\u0153urs d\u2019artichauts conserv\u00e9s dans une huile subtilement aromatis\u00e9e d'\u00e9pices et aromates. Avec leur go\u00fbt amer caract\u00e9ristique, ils sont un plat d'accompagnement frais et savoureux. Ils peuvent \u00eatre utilis\u00e9s comme garniture sur une pizza ou avec du pain frais. Artichauts marin\u00e9s","og_url":"https:\/\/www.sacla.ch\/fr\/produit-italien\/artichauts-marines\/","og_site_name":"F.lli Sacl\u00e0 S.p.A.","article_modified_time":"2021-06-18T13:36:12+00:00","og_image":[{"width":588,"height":588,"url":"https:\/\/www.sacla.ch\/wp-content\/uploads\/2021\/04\/E0C40123CBA00-1.png","type":"image\/png"}],"twitter_card":"summary_large_image","schema":{"@context":"https:\/\/schema.org","@graph":[{"@type":["WebPage","ItemPage"],"@id":"https:\/\/www.sacla.ch\/fr\/produit-italien\/artichauts-marines\/","url":"https:\/\/www.sacla.ch\/fr\/produit-italien\/artichauts-marines\/","name":"Artichauts marin\u00e9s - F.lli Sacl\u00e0 S.p.A.","isPartOf":{"@id":"https:\/\/www.sacla.ch\/fr\/#website"},"primaryImageOfPage":{"@id":"https:\/\/www.sacla.ch\/fr\/produit-italien\/artichauts-marines\/#primaryimage"},"image":{"@id":"https:\/\/www.sacla.ch\/fr\/produit-italien\/artichauts-marines\/#primaryimage"},"thumbnailUrl":"https:\/\/www.sacla.ch\/wp-content\/uploads\/2021\/04\/E0C40123CBA00-1.png","datePublished":"2021-04-12T20:00:07+00:00","dateModified":"2021-06-18T13:36:12+00:00","description":"Une s\u00e9lection de tendres c\u0153urs d\u2019artichauts conserv\u00e9s dans une huile subtilement aromatis\u00e9e d'\u00e9pices et aromates. Avec leur go\u00fbt amer caract\u00e9ristique, ils sont un plat d'accompagnement frais et savoureux. Ils peuvent \u00eatre utilis\u00e9s comme garniture sur une pizza ou avec du pain frais. Artichauts marin\u00e9s","breadcrumb":{"@id":"https:\/\/www.sacla.ch\/fr\/produit-italien\/artichauts-marines\/#breadcrumb"},"inLanguage":"fr-FR","potentialAction":[{"@type":"ReadAction","target":["https:\/\/www.sacla.ch\/fr\/produit-italien\/artichauts-marines\/"]}]},{"@type":"ImageObject","inLanguage":"fr-FR","@id":"https:\/\/www.sacla.ch\/fr\/produit-italien\/artichauts-marines\/#primaryimage","url":"https:\/\/www.sacla.ch\/wp-content\/uploads\/2021\/04\/E0C40123CBA00-1.png","contentUrl":"https:\/\/www.sacla.ch\/wp-content\/uploads\/2021\/04\/E0C40123CBA00-1.png","width":588,"height":588},{"@type":"BreadcrumbList","@id":"https:\/\/www.sacla.ch\/fr\/produit-italien\/artichauts-marines\/#breadcrumb","itemListElement":[{"@type":"ListItem","position":1,"name":"Home","item":"https:\/\/www.sacla.ch\/fr\/"},{"@type":"ListItem","position":2,"name":"Produits","item":"https:\/\/www.sacla.ch\/fr\/shop\/"},{"@type":"ListItem","position":3,"name":"Artichauts marin\u00e9s"}]},{"@type":"WebSite","@id":"https:\/\/www.sacla.ch\/fr\/#website","url":"https:\/\/www.sacla.ch\/fr\/","name":"F.lli Sacl\u00e0 S.p.A.","description":"Italian Fine Food","publisher":{"@id":"https:\/\/www.sacla.ch\/fr\/#organization"},"potentialAction":[{"@type":"SearchAction","target":{"@type":"EntryPoint","urlTemplate":"https:\/\/www.sacla.ch\/fr\/?s={search_term_string}"},"query-input":{"@type":"PropertyValueSpecification","valueRequired":true,"valueName":"search_term_string"}}],"inLanguage":"fr-FR"},{"@type":"Organization","@id":"https:\/\/www.sacla.ch\/fr\/#organization","name":"F.lli Sacl\u00e0 S.p.A.","url":"https:\/\/www.sacla.ch\/fr\/","logo":{"@type":"ImageObject","inLanguage":"fr-FR","@id":"https:\/\/www.sacla.ch\/fr\/#\/schema\/logo\/image\/","url":"https:\/\/www.sacla.ch\/wp-content\/uploads\/2021\/03\/logo-sacla-300.png","contentUrl":"https:\/\/www.sacla.ch\/wp-content\/uploads\/2021\/03\/logo-sacla-300.png","width":300,"height":185,"caption":"F.lli Sacl\u00e0 S.p.A."},"image":{"@id":"https:\/\/www.sacla.ch\/fr\/#\/schema\/logo\/image\/"}}]}},"_links":{"self":[{"href":"https:\/\/www.sacla.ch\/fr\/wp-json\/wp\/v2\/product\/3261","targetHints":{"allow":["GET"]}}],"collection":[{"href":"https:\/\/www.sacla.ch\/fr\/wp-json\/wp\/v2\/product"}],"about":[{"href":"https:\/\/www.sacla.ch\/fr\/wp-json\/wp\/v2\/types\/product"}],"version-history":[{"count":2,"href":"https:\/\/www.sacla.ch\/fr\/wp-json\/wp\/v2\/product\/3261\/revisions"}],"predecessor-version":[{"id":3668,"href":"https:\/\/www.sacla.ch\/fr\/wp-json\/wp\/v2\/product\/3261\/revisions\/3668"}],"wp:featuredmedia":[{"embeddable":true,"href":"https:\/\/www.sacla.ch\/fr\/wp-json\/wp\/v2\/media\/3473"}],"wp:attachment":[{"href":"https:\/\/www.sacla.ch\/fr\/wp-json\/wp\/v2\/media?parent=3261"}],"wp:term":[{"taxonomy":"product_features","embeddable":true,"href":"https:\/\/www.sacla.ch\/fr\/wp-json\/wp\/v2\/product_features?post=3261"},{"taxonomy":"product_brand","embeddable":true,"href":"https:\/\/www.sacla.ch\/fr\/wp-json\/wp\/v2\/product_brand?post=3261"},{"taxonomy":"product_cat","embeddable":true,"href":"https:\/\/www.sacla.ch\/fr\/wp-json\/wp\/v2\/product_cat?post=3261"},{"taxonomy":"product_tag","embeddable":true,"href":"https:\/\/www.sacla.ch\/fr\/wp-json\/wp\/v2\/product_tag?post=3261"}],"curies":[{"name":"wp","href":"https:\/\/api.w.org\/{rel}","templated":true}]}}