{"id":3263,"date":"2021-04-12T21:00:33","date_gmt":"2021-04-12T19:00:33","guid":{"rendered":"https:\/\/www.sacla.ch\/?post_type=product&#038;p=3263"},"modified":"2021-06-30T12:39:54","modified_gmt":"2021-06-30T10:39:54","slug":"artichauts-entiers","status":"publish","type":"product","link":"https:\/\/www.sacla.ch\/fr\/produit-italien\/artichauts-entiers\/","title":{"rendered":"Artichauts entiers"},"content":{"rendered":"","protected":false},"excerpt":{"rendered":"<p class=\"p1\">Ces c\u0153urs d&rsquo;artichauts entiers sont traditionnellement marin\u00e9s dans de l&rsquo;huile de tournesol. Avec leur go\u00fbt amer caract\u00e9ristique, ils sont un plat d&rsquo;accompagnement frais et savoureux. Ils peuvent \u00eatre utilis\u00e9s comme garniture sur une pizza ou sur du pain frais.<\/p>\n","protected":false},"featured_media":3665,"template":"","meta":{"_acf_changed":false,"inline_featured_image":false},"product_features":[124,126,128,130],"product_brand":[],"product_cat":[147,148],"product_tag":[],"class_list":{"0":"post-3263","1":"product","2":"type-product","3":"status-publish","4":"has-post-thumbnail","6":"product_features-gluten-free-fr","7":"product_features-no-preservatives-fr","8":"product_features-vegetarian-fr","9":"product_features-vegan-fr","10":"product_cat-antipasti-traditionnels","11":"product_cat-classic-fr","13":"first","14":"instock","15":"shipping-taxable","16":"product-type-simple"},"acf":[],"yoast_head":"<!-- This site is optimized with the Yoast SEO plugin v27.5 - https:\/\/yoast.com\/product\/yoast-seo-wordpress\/ -->\n<title>Artichauts entiers - F.lli Sacl\u00e0 S.p.A.<\/title>\n<meta name=\"description\" content=\"Ces c\u0153urs d&#039;artichauts entiers sont traditionnellement marin\u00e9s dans de l&#039;huile de tournesol. Avec leur go\u00fbt amer caract\u00e9ristique, ils sont un plat d&#039;accompagnement frais et savoureux. Ils peuvent \u00eatre utilis\u00e9s comme garniture sur une pizza ou sur du pain frais.\" \/>\n<meta name=\"robots\" content=\"index, follow, max-snippet:-1, max-image-preview:large, max-video-preview:-1\" \/>\n<link rel=\"canonical\" href=\"https:\/\/www.sacla.ch\/fr\/produit-italien\/artichauts-entiers\/\" \/>\n<meta property=\"og:locale\" content=\"fr_FR\" \/>\n<meta property=\"og:type\" content=\"article\" \/>\n<meta property=\"og:title\" content=\"Artichauts entiers - F.lli Sacl\u00e0 S.p.A.\" \/>\n<meta property=\"og:description\" content=\"Ces c\u0153urs d&#039;artichauts entiers sont traditionnellement marin\u00e9s dans de l&#039;huile de tournesol. Avec leur go\u00fbt amer caract\u00e9ristique, ils sont un plat d&#039;accompagnement frais et savoureux. Ils peuvent \u00eatre utilis\u00e9s comme garniture sur une pizza ou sur du pain frais.\" \/>\n<meta property=\"og:url\" content=\"https:\/\/www.sacla.ch\/fr\/produit-italien\/artichauts-entiers\/\" \/>\n<meta property=\"og:site_name\" content=\"F.lli Sacl\u00e0 S.p.A.\" \/>\n<meta property=\"article:modified_time\" content=\"2021-06-30T10:39:54+00:00\" \/>\n<meta property=\"og:image\" content=\"https:\/\/www.sacla.ch\/wp-content\/uploads\/2021\/06\/E0C40103CBA00.png\" \/>\n\t<meta property=\"og:image:width\" content=\"588\" \/>\n\t<meta property=\"og:image:height\" content=\"588\" \/>\n\t<meta property=\"og:image:type\" content=\"image\/png\" \/>\n<meta name=\"twitter:card\" content=\"summary_large_image\" \/>\n<script type=\"application\/ld+json\" class=\"yoast-schema-graph\">{\"@context\":\"https:\\\/\\\/schema.org\",\"@graph\":[{\"@type\":[\"WebPage\",\"ItemPage\"],\"@id\":\"https:\\\/\\\/www.sacla.ch\\\/fr\\\/produit-italien\\\/artichauts-entiers\\\/\",\"url\":\"https:\\\/\\\/www.sacla.ch\\\/fr\\\/produit-italien\\\/artichauts-entiers\\\/\",\"name\":\"Artichauts entiers - F.lli Sacl\u00e0 S.p.A.\",\"isPartOf\":{\"@id\":\"https:\\\/\\\/www.sacla.ch\\\/fr\\\/#website\"},\"primaryImageOfPage\":{\"@id\":\"https:\\\/\\\/www.sacla.ch\\\/fr\\\/produit-italien\\\/artichauts-entiers\\\/#primaryimage\"},\"image\":{\"@id\":\"https:\\\/\\\/www.sacla.ch\\\/fr\\\/produit-italien\\\/artichauts-entiers\\\/#primaryimage\"},\"thumbnailUrl\":\"https:\\\/\\\/www.sacla.ch\\\/wp-content\\\/uploads\\\/2021\\\/06\\\/E0C40103CBA00.png\",\"datePublished\":\"2021-04-12T19:00:33+00:00\",\"dateModified\":\"2021-06-30T10:39:54+00:00\",\"description\":\"Ces c\u0153urs d'artichauts entiers sont traditionnellement marin\u00e9s dans de l'huile de tournesol. Avec leur go\u00fbt amer caract\u00e9ristique, ils sont un plat d'accompagnement frais et savoureux. Ils peuvent \u00eatre utilis\u00e9s comme garniture sur une pizza ou sur du pain frais.\",\"breadcrumb\":{\"@id\":\"https:\\\/\\\/www.sacla.ch\\\/fr\\\/produit-italien\\\/artichauts-entiers\\\/#breadcrumb\"},\"inLanguage\":\"fr-FR\",\"potentialAction\":[{\"@type\":\"ReadAction\",\"target\":[\"https:\\\/\\\/www.sacla.ch\\\/fr\\\/produit-italien\\\/artichauts-entiers\\\/\"]}]},{\"@type\":\"ImageObject\",\"inLanguage\":\"fr-FR\",\"@id\":\"https:\\\/\\\/www.sacla.ch\\\/fr\\\/produit-italien\\\/artichauts-entiers\\\/#primaryimage\",\"url\":\"https:\\\/\\\/www.sacla.ch\\\/wp-content\\\/uploads\\\/2021\\\/06\\\/E0C40103CBA00.png\",\"contentUrl\":\"https:\\\/\\\/www.sacla.ch\\\/wp-content\\\/uploads\\\/2021\\\/06\\\/E0C40103CBA00.png\",\"width\":588,\"height\":588},{\"@type\":\"BreadcrumbList\",\"@id\":\"https:\\\/\\\/www.sacla.ch\\\/fr\\\/produit-italien\\\/artichauts-entiers\\\/#breadcrumb\",\"itemListElement\":[{\"@type\":\"ListItem\",\"position\":1,\"name\":\"Home\",\"item\":\"https:\\\/\\\/www.sacla.ch\\\/fr\\\/\"},{\"@type\":\"ListItem\",\"position\":2,\"name\":\"Produits\",\"item\":\"https:\\\/\\\/www.sacla.ch\\\/fr\\\/shop\\\/\"},{\"@type\":\"ListItem\",\"position\":3,\"name\":\"Artichauts entiers\"}]},{\"@type\":\"WebSite\",\"@id\":\"https:\\\/\\\/www.sacla.ch\\\/fr\\\/#website\",\"url\":\"https:\\\/\\\/www.sacla.ch\\\/fr\\\/\",\"name\":\"F.lli Sacl\u00e0 S.p.A.\",\"description\":\"Italian Fine Food\",\"publisher\":{\"@id\":\"https:\\\/\\\/www.sacla.ch\\\/fr\\\/#organization\"},\"potentialAction\":[{\"@type\":\"SearchAction\",\"target\":{\"@type\":\"EntryPoint\",\"urlTemplate\":\"https:\\\/\\\/www.sacla.ch\\\/fr\\\/?s={search_term_string}\"},\"query-input\":{\"@type\":\"PropertyValueSpecification\",\"valueRequired\":true,\"valueName\":\"search_term_string\"}}],\"inLanguage\":\"fr-FR\"},{\"@type\":\"Organization\",\"@id\":\"https:\\\/\\\/www.sacla.ch\\\/fr\\\/#organization\",\"name\":\"F.lli Sacl\u00e0 S.p.A.\",\"url\":\"https:\\\/\\\/www.sacla.ch\\\/fr\\\/\",\"logo\":{\"@type\":\"ImageObject\",\"inLanguage\":\"fr-FR\",\"@id\":\"https:\\\/\\\/www.sacla.ch\\\/fr\\\/#\\\/schema\\\/logo\\\/image\\\/\",\"url\":\"https:\\\/\\\/www.sacla.ch\\\/wp-content\\\/uploads\\\/2021\\\/03\\\/logo-sacla-300.png\",\"contentUrl\":\"https:\\\/\\\/www.sacla.ch\\\/wp-content\\\/uploads\\\/2021\\\/03\\\/logo-sacla-300.png\",\"width\":300,\"height\":185,\"caption\":\"F.lli Sacl\u00e0 S.p.A.\"},\"image\":{\"@id\":\"https:\\\/\\\/www.sacla.ch\\\/fr\\\/#\\\/schema\\\/logo\\\/image\\\/\"}}]}<\/script>\n<!-- \/ Yoast SEO plugin. -->","yoast_head_json":{"title":"Artichauts entiers - F.lli Sacl\u00e0 S.p.A.","description":"Ces c\u0153urs d'artichauts entiers sont traditionnellement marin\u00e9s dans de l'huile de tournesol. Avec leur go\u00fbt amer caract\u00e9ristique, ils sont un plat d'accompagnement frais et savoureux. Ils peuvent \u00eatre utilis\u00e9s comme garniture sur une pizza ou sur du pain frais.","robots":{"index":"index","follow":"follow","max-snippet":"max-snippet:-1","max-image-preview":"max-image-preview:large","max-video-preview":"max-video-preview:-1"},"canonical":"https:\/\/www.sacla.ch\/fr\/produit-italien\/artichauts-entiers\/","og_locale":"fr_FR","og_type":"article","og_title":"Artichauts entiers - F.lli Sacl\u00e0 S.p.A.","og_description":"Ces c\u0153urs d'artichauts entiers sont traditionnellement marin\u00e9s dans de l'huile de tournesol. Avec leur go\u00fbt amer caract\u00e9ristique, ils sont un plat d'accompagnement frais et savoureux. Ils peuvent \u00eatre utilis\u00e9s comme garniture sur une pizza ou sur du pain frais.","og_url":"https:\/\/www.sacla.ch\/fr\/produit-italien\/artichauts-entiers\/","og_site_name":"F.lli Sacl\u00e0 S.p.A.","article_modified_time":"2021-06-30T10:39:54+00:00","og_image":[{"width":588,"height":588,"url":"https:\/\/www.sacla.ch\/wp-content\/uploads\/2021\/06\/E0C40103CBA00.png","type":"image\/png"}],"twitter_card":"summary_large_image","schema":{"@context":"https:\/\/schema.org","@graph":[{"@type":["WebPage","ItemPage"],"@id":"https:\/\/www.sacla.ch\/fr\/produit-italien\/artichauts-entiers\/","url":"https:\/\/www.sacla.ch\/fr\/produit-italien\/artichauts-entiers\/","name":"Artichauts entiers - F.lli Sacl\u00e0 S.p.A.","isPartOf":{"@id":"https:\/\/www.sacla.ch\/fr\/#website"},"primaryImageOfPage":{"@id":"https:\/\/www.sacla.ch\/fr\/produit-italien\/artichauts-entiers\/#primaryimage"},"image":{"@id":"https:\/\/www.sacla.ch\/fr\/produit-italien\/artichauts-entiers\/#primaryimage"},"thumbnailUrl":"https:\/\/www.sacla.ch\/wp-content\/uploads\/2021\/06\/E0C40103CBA00.png","datePublished":"2021-04-12T19:00:33+00:00","dateModified":"2021-06-30T10:39:54+00:00","description":"Ces c\u0153urs d'artichauts entiers sont traditionnellement marin\u00e9s dans de l'huile de tournesol. Avec leur go\u00fbt amer caract\u00e9ristique, ils sont un plat d'accompagnement frais et savoureux. Ils peuvent \u00eatre utilis\u00e9s comme garniture sur une pizza ou sur du pain frais.","breadcrumb":{"@id":"https:\/\/www.sacla.ch\/fr\/produit-italien\/artichauts-entiers\/#breadcrumb"},"inLanguage":"fr-FR","potentialAction":[{"@type":"ReadAction","target":["https:\/\/www.sacla.ch\/fr\/produit-italien\/artichauts-entiers\/"]}]},{"@type":"ImageObject","inLanguage":"fr-FR","@id":"https:\/\/www.sacla.ch\/fr\/produit-italien\/artichauts-entiers\/#primaryimage","url":"https:\/\/www.sacla.ch\/wp-content\/uploads\/2021\/06\/E0C40103CBA00.png","contentUrl":"https:\/\/www.sacla.ch\/wp-content\/uploads\/2021\/06\/E0C40103CBA00.png","width":588,"height":588},{"@type":"BreadcrumbList","@id":"https:\/\/www.sacla.ch\/fr\/produit-italien\/artichauts-entiers\/#breadcrumb","itemListElement":[{"@type":"ListItem","position":1,"name":"Home","item":"https:\/\/www.sacla.ch\/fr\/"},{"@type":"ListItem","position":2,"name":"Produits","item":"https:\/\/www.sacla.ch\/fr\/shop\/"},{"@type":"ListItem","position":3,"name":"Artichauts entiers"}]},{"@type":"WebSite","@id":"https:\/\/www.sacla.ch\/fr\/#website","url":"https:\/\/www.sacla.ch\/fr\/","name":"F.lli Sacl\u00e0 S.p.A.","description":"Italian Fine Food","publisher":{"@id":"https:\/\/www.sacla.ch\/fr\/#organization"},"potentialAction":[{"@type":"SearchAction","target":{"@type":"EntryPoint","urlTemplate":"https:\/\/www.sacla.ch\/fr\/?s={search_term_string}"},"query-input":{"@type":"PropertyValueSpecification","valueRequired":true,"valueName":"search_term_string"}}],"inLanguage":"fr-FR"},{"@type":"Organization","@id":"https:\/\/www.sacla.ch\/fr\/#organization","name":"F.lli Sacl\u00e0 S.p.A.","url":"https:\/\/www.sacla.ch\/fr\/","logo":{"@type":"ImageObject","inLanguage":"fr-FR","@id":"https:\/\/www.sacla.ch\/fr\/#\/schema\/logo\/image\/","url":"https:\/\/www.sacla.ch\/wp-content\/uploads\/2021\/03\/logo-sacla-300.png","contentUrl":"https:\/\/www.sacla.ch\/wp-content\/uploads\/2021\/03\/logo-sacla-300.png","width":300,"height":185,"caption":"F.lli Sacl\u00e0 S.p.A."},"image":{"@id":"https:\/\/www.sacla.ch\/fr\/#\/schema\/logo\/image\/"}}]}},"_links":{"self":[{"href":"https:\/\/www.sacla.ch\/fr\/wp-json\/wp\/v2\/product\/3263","targetHints":{"allow":["GET"]}}],"collection":[{"href":"https:\/\/www.sacla.ch\/fr\/wp-json\/wp\/v2\/product"}],"about":[{"href":"https:\/\/www.sacla.ch\/fr\/wp-json\/wp\/v2\/types\/product"}],"version-history":[{"count":2,"href":"https:\/\/www.sacla.ch\/fr\/wp-json\/wp\/v2\/product\/3263\/revisions"}],"predecessor-version":[{"id":3669,"href":"https:\/\/www.sacla.ch\/fr\/wp-json\/wp\/v2\/product\/3263\/revisions\/3669"}],"wp:featuredmedia":[{"embeddable":true,"href":"https:\/\/www.sacla.ch\/fr\/wp-json\/wp\/v2\/media\/3665"}],"wp:attachment":[{"href":"https:\/\/www.sacla.ch\/fr\/wp-json\/wp\/v2\/media?parent=3263"}],"wp:term":[{"taxonomy":"product_features","embeddable":true,"href":"https:\/\/www.sacla.ch\/fr\/wp-json\/wp\/v2\/product_features?post=3263"},{"taxonomy":"product_brand","embeddable":true,"href":"https:\/\/www.sacla.ch\/fr\/wp-json\/wp\/v2\/product_brand?post=3263"},{"taxonomy":"product_cat","embeddable":true,"href":"https:\/\/www.sacla.ch\/fr\/wp-json\/wp\/v2\/product_cat?post=3263"},{"taxonomy":"product_tag","embeddable":true,"href":"https:\/\/www.sacla.ch\/fr\/wp-json\/wp\/v2\/product_tag?post=3263"}],"curies":[{"name":"wp","href":"https:\/\/api.w.org\/{rel}","templated":true}]}}