{"id":3265,"date":"2021-04-12T20:00:51","date_gmt":"2021-04-12T18:00:51","guid":{"rendered":"https:\/\/www.sacla.ch\/?post_type=product&#038;p=3265"},"modified":"2021-06-18T16:10:56","modified_gmt":"2021-06-18T14:10:56","slug":"champignons-aux-herbes","status":"publish","type":"product","link":"https:\/\/www.sacla.ch\/fr\/produit-italien\/champignons-aux-herbes\/","title":{"rendered":"Champignons aux herbes"},"content":{"rendered":"","protected":false},"excerpt":{"rendered":"<p class=\"p1\">Cet ap\u00e9ritif \u00e0 base de champignons sauvages (trois vari\u00e9t\u00e9s diff\u00e9rentes) marin\u00e9s dans de l&rsquo;huile de tournesol subtilement aromatis\u00e9s avec des oignons et des \u00e9pices. Ils peuvent \u00eatre servis chauds ou froids et s\u2019accompagnent merveilleusement bien avec de la viande, de l\u2019omelette, du riz ou des p\u00e2tes (pour un savoureux Boscaiola).<\/p>\n","protected":false},"featured_media":3360,"template":"","meta":{"_acf_changed":false,"inline_featured_image":false},"product_features":[124,126,128,130],"product_brand":[],"product_cat":[147,148],"product_tag":[],"class_list":{"0":"post-3265","1":"product","2":"type-product","3":"status-publish","4":"has-post-thumbnail","6":"product_features-gluten-free-fr","7":"product_features-no-preservatives-fr","8":"product_features-vegetarian-fr","9":"product_features-vegan-fr","10":"product_cat-antipasti-traditionnels","11":"product_cat-classic-fr","13":"first","14":"instock","15":"shipping-taxable","16":"product-type-simple"},"acf":[],"yoast_head":"<!-- This site is optimized with the Yoast SEO plugin v27.5 - https:\/\/yoast.com\/product\/yoast-seo-wordpress\/ -->\n<title>Champignons aux herbes - F.lli Sacl\u00e0 S.p.A.<\/title>\n<meta name=\"description\" content=\"Cet ap\u00e9ritif \u00e0 base de champignons sauvages (trois vari\u00e9t\u00e9s diff\u00e9rentes) marin\u00e9s dans de l&#039;huile de tournesol subtilement aromatis\u00e9s avec des oignons et des \u00e9pices. Ils peuvent \u00eatre servis chauds ou froids et s\u2019accompagnent merveilleusement bien avec de la viande, de l\u2019omelette, du riz ou des p\u00e2tes (pour un savoureux Boscaiola).\" \/>\n<meta name=\"robots\" content=\"index, follow, max-snippet:-1, max-image-preview:large, max-video-preview:-1\" \/>\n<link rel=\"canonical\" href=\"https:\/\/www.sacla.ch\/fr\/produit-italien\/champignons-aux-herbes\/\" \/>\n<meta property=\"og:locale\" content=\"fr_FR\" \/>\n<meta property=\"og:type\" content=\"article\" \/>\n<meta property=\"og:title\" content=\"Champignons aux herbes - F.lli Sacl\u00e0 S.p.A.\" \/>\n<meta property=\"og:description\" content=\"Cet ap\u00e9ritif \u00e0 base de champignons sauvages (trois vari\u00e9t\u00e9s diff\u00e9rentes) marin\u00e9s dans de l&#039;huile de tournesol subtilement aromatis\u00e9s avec des oignons et des \u00e9pices. Ils peuvent \u00eatre servis chauds ou froids et s\u2019accompagnent merveilleusement bien avec de la viande, de l\u2019omelette, du riz ou des p\u00e2tes (pour un savoureux Boscaiola).\" \/>\n<meta property=\"og:url\" content=\"https:\/\/www.sacla.ch\/fr\/produit-italien\/champignons-aux-herbes\/\" \/>\n<meta property=\"og:site_name\" content=\"F.lli Sacl\u00e0 S.p.A.\" \/>\n<meta property=\"article:modified_time\" content=\"2021-06-18T14:10:56+00:00\" \/>\n<meta property=\"og:image\" content=\"https:\/\/www.sacla.ch\/wp-content\/uploads\/2021\/04\/E0C40CU3UEA00.png\" \/>\n\t<meta property=\"og:image:width\" content=\"588\" \/>\n\t<meta property=\"og:image:height\" content=\"588\" \/>\n\t<meta property=\"og:image:type\" content=\"image\/png\" \/>\n<meta name=\"twitter:card\" content=\"summary_large_image\" \/>\n<script type=\"application\/ld+json\" class=\"yoast-schema-graph\">{\"@context\":\"https:\\\/\\\/schema.org\",\"@graph\":[{\"@type\":[\"WebPage\",\"ItemPage\"],\"@id\":\"https:\\\/\\\/www.sacla.ch\\\/fr\\\/produit-italien\\\/champignons-aux-herbes\\\/\",\"url\":\"https:\\\/\\\/www.sacla.ch\\\/fr\\\/produit-italien\\\/champignons-aux-herbes\\\/\",\"name\":\"Champignons aux herbes - F.lli Sacl\u00e0 S.p.A.\",\"isPartOf\":{\"@id\":\"https:\\\/\\\/www.sacla.ch\\\/fr\\\/#website\"},\"primaryImageOfPage\":{\"@id\":\"https:\\\/\\\/www.sacla.ch\\\/fr\\\/produit-italien\\\/champignons-aux-herbes\\\/#primaryimage\"},\"image\":{\"@id\":\"https:\\\/\\\/www.sacla.ch\\\/fr\\\/produit-italien\\\/champignons-aux-herbes\\\/#primaryimage\"},\"thumbnailUrl\":\"https:\\\/\\\/www.sacla.ch\\\/wp-content\\\/uploads\\\/2021\\\/04\\\/E0C40CU3UEA00.png\",\"datePublished\":\"2021-04-12T18:00:51+00:00\",\"dateModified\":\"2021-06-18T14:10:56+00:00\",\"description\":\"Cet ap\u00e9ritif \u00e0 base de champignons sauvages (trois vari\u00e9t\u00e9s diff\u00e9rentes) marin\u00e9s dans de l'huile de tournesol subtilement aromatis\u00e9s avec des oignons et des \u00e9pices. Ils peuvent \u00eatre servis chauds ou froids et s\u2019accompagnent merveilleusement bien avec de la viande, de l\u2019omelette, du riz ou des p\u00e2tes (pour un savoureux Boscaiola).\",\"breadcrumb\":{\"@id\":\"https:\\\/\\\/www.sacla.ch\\\/fr\\\/produit-italien\\\/champignons-aux-herbes\\\/#breadcrumb\"},\"inLanguage\":\"fr-FR\",\"potentialAction\":[{\"@type\":\"ReadAction\",\"target\":[\"https:\\\/\\\/www.sacla.ch\\\/fr\\\/produit-italien\\\/champignons-aux-herbes\\\/\"]}]},{\"@type\":\"ImageObject\",\"inLanguage\":\"fr-FR\",\"@id\":\"https:\\\/\\\/www.sacla.ch\\\/fr\\\/produit-italien\\\/champignons-aux-herbes\\\/#primaryimage\",\"url\":\"https:\\\/\\\/www.sacla.ch\\\/wp-content\\\/uploads\\\/2021\\\/04\\\/E0C40CU3UEA00.png\",\"contentUrl\":\"https:\\\/\\\/www.sacla.ch\\\/wp-content\\\/uploads\\\/2021\\\/04\\\/E0C40CU3UEA00.png\",\"width\":588,\"height\":588},{\"@type\":\"BreadcrumbList\",\"@id\":\"https:\\\/\\\/www.sacla.ch\\\/fr\\\/produit-italien\\\/champignons-aux-herbes\\\/#breadcrumb\",\"itemListElement\":[{\"@type\":\"ListItem\",\"position\":1,\"name\":\"Home\",\"item\":\"https:\\\/\\\/www.sacla.ch\\\/fr\\\/\"},{\"@type\":\"ListItem\",\"position\":2,\"name\":\"Produits\",\"item\":\"https:\\\/\\\/www.sacla.ch\\\/fr\\\/shop\\\/\"},{\"@type\":\"ListItem\",\"position\":3,\"name\":\"Champignons aux herbes\"}]},{\"@type\":\"WebSite\",\"@id\":\"https:\\\/\\\/www.sacla.ch\\\/fr\\\/#website\",\"url\":\"https:\\\/\\\/www.sacla.ch\\\/fr\\\/\",\"name\":\"F.lli Sacl\u00e0 S.p.A.\",\"description\":\"Italian Fine Food\",\"publisher\":{\"@id\":\"https:\\\/\\\/www.sacla.ch\\\/fr\\\/#organization\"},\"potentialAction\":[{\"@type\":\"SearchAction\",\"target\":{\"@type\":\"EntryPoint\",\"urlTemplate\":\"https:\\\/\\\/www.sacla.ch\\\/fr\\\/?s={search_term_string}\"},\"query-input\":{\"@type\":\"PropertyValueSpecification\",\"valueRequired\":true,\"valueName\":\"search_term_string\"}}],\"inLanguage\":\"fr-FR\"},{\"@type\":\"Organization\",\"@id\":\"https:\\\/\\\/www.sacla.ch\\\/fr\\\/#organization\",\"name\":\"F.lli Sacl\u00e0 S.p.A.\",\"url\":\"https:\\\/\\\/www.sacla.ch\\\/fr\\\/\",\"logo\":{\"@type\":\"ImageObject\",\"inLanguage\":\"fr-FR\",\"@id\":\"https:\\\/\\\/www.sacla.ch\\\/fr\\\/#\\\/schema\\\/logo\\\/image\\\/\",\"url\":\"https:\\\/\\\/www.sacla.ch\\\/wp-content\\\/uploads\\\/2021\\\/03\\\/logo-sacla-300.png\",\"contentUrl\":\"https:\\\/\\\/www.sacla.ch\\\/wp-content\\\/uploads\\\/2021\\\/03\\\/logo-sacla-300.png\",\"width\":300,\"height\":185,\"caption\":\"F.lli Sacl\u00e0 S.p.A.\"},\"image\":{\"@id\":\"https:\\\/\\\/www.sacla.ch\\\/fr\\\/#\\\/schema\\\/logo\\\/image\\\/\"}}]}<\/script>\n<!-- \/ Yoast SEO plugin. -->","yoast_head_json":{"title":"Champignons aux herbes - F.lli Sacl\u00e0 S.p.A.","description":"Cet ap\u00e9ritif \u00e0 base de champignons sauvages (trois vari\u00e9t\u00e9s diff\u00e9rentes) marin\u00e9s dans de l'huile de tournesol subtilement aromatis\u00e9s avec des oignons et des \u00e9pices. Ils peuvent \u00eatre servis chauds ou froids et s\u2019accompagnent merveilleusement bien avec de la viande, de l\u2019omelette, du riz ou des p\u00e2tes (pour un savoureux Boscaiola).","robots":{"index":"index","follow":"follow","max-snippet":"max-snippet:-1","max-image-preview":"max-image-preview:large","max-video-preview":"max-video-preview:-1"},"canonical":"https:\/\/www.sacla.ch\/fr\/produit-italien\/champignons-aux-herbes\/","og_locale":"fr_FR","og_type":"article","og_title":"Champignons aux herbes - F.lli Sacl\u00e0 S.p.A.","og_description":"Cet ap\u00e9ritif \u00e0 base de champignons sauvages (trois vari\u00e9t\u00e9s diff\u00e9rentes) marin\u00e9s dans de l'huile de tournesol subtilement aromatis\u00e9s avec des oignons et des \u00e9pices. Ils peuvent \u00eatre servis chauds ou froids et s\u2019accompagnent merveilleusement bien avec de la viande, de l\u2019omelette, du riz ou des p\u00e2tes (pour un savoureux Boscaiola).","og_url":"https:\/\/www.sacla.ch\/fr\/produit-italien\/champignons-aux-herbes\/","og_site_name":"F.lli Sacl\u00e0 S.p.A.","article_modified_time":"2021-06-18T14:10:56+00:00","og_image":[{"width":588,"height":588,"url":"https:\/\/www.sacla.ch\/wp-content\/uploads\/2021\/04\/E0C40CU3UEA00.png","type":"image\/png"}],"twitter_card":"summary_large_image","schema":{"@context":"https:\/\/schema.org","@graph":[{"@type":["WebPage","ItemPage"],"@id":"https:\/\/www.sacla.ch\/fr\/produit-italien\/champignons-aux-herbes\/","url":"https:\/\/www.sacla.ch\/fr\/produit-italien\/champignons-aux-herbes\/","name":"Champignons aux herbes - F.lli Sacl\u00e0 S.p.A.","isPartOf":{"@id":"https:\/\/www.sacla.ch\/fr\/#website"},"primaryImageOfPage":{"@id":"https:\/\/www.sacla.ch\/fr\/produit-italien\/champignons-aux-herbes\/#primaryimage"},"image":{"@id":"https:\/\/www.sacla.ch\/fr\/produit-italien\/champignons-aux-herbes\/#primaryimage"},"thumbnailUrl":"https:\/\/www.sacla.ch\/wp-content\/uploads\/2021\/04\/E0C40CU3UEA00.png","datePublished":"2021-04-12T18:00:51+00:00","dateModified":"2021-06-18T14:10:56+00:00","description":"Cet ap\u00e9ritif \u00e0 base de champignons sauvages (trois vari\u00e9t\u00e9s diff\u00e9rentes) marin\u00e9s dans de l'huile de tournesol subtilement aromatis\u00e9s avec des oignons et des \u00e9pices. Ils peuvent \u00eatre servis chauds ou froids et s\u2019accompagnent merveilleusement bien avec de la viande, de l\u2019omelette, du riz ou des p\u00e2tes (pour un savoureux Boscaiola).","breadcrumb":{"@id":"https:\/\/www.sacla.ch\/fr\/produit-italien\/champignons-aux-herbes\/#breadcrumb"},"inLanguage":"fr-FR","potentialAction":[{"@type":"ReadAction","target":["https:\/\/www.sacla.ch\/fr\/produit-italien\/champignons-aux-herbes\/"]}]},{"@type":"ImageObject","inLanguage":"fr-FR","@id":"https:\/\/www.sacla.ch\/fr\/produit-italien\/champignons-aux-herbes\/#primaryimage","url":"https:\/\/www.sacla.ch\/wp-content\/uploads\/2021\/04\/E0C40CU3UEA00.png","contentUrl":"https:\/\/www.sacla.ch\/wp-content\/uploads\/2021\/04\/E0C40CU3UEA00.png","width":588,"height":588},{"@type":"BreadcrumbList","@id":"https:\/\/www.sacla.ch\/fr\/produit-italien\/champignons-aux-herbes\/#breadcrumb","itemListElement":[{"@type":"ListItem","position":1,"name":"Home","item":"https:\/\/www.sacla.ch\/fr\/"},{"@type":"ListItem","position":2,"name":"Produits","item":"https:\/\/www.sacla.ch\/fr\/shop\/"},{"@type":"ListItem","position":3,"name":"Champignons aux herbes"}]},{"@type":"WebSite","@id":"https:\/\/www.sacla.ch\/fr\/#website","url":"https:\/\/www.sacla.ch\/fr\/","name":"F.lli Sacl\u00e0 S.p.A.","description":"Italian Fine Food","publisher":{"@id":"https:\/\/www.sacla.ch\/fr\/#organization"},"potentialAction":[{"@type":"SearchAction","target":{"@type":"EntryPoint","urlTemplate":"https:\/\/www.sacla.ch\/fr\/?s={search_term_string}"},"query-input":{"@type":"PropertyValueSpecification","valueRequired":true,"valueName":"search_term_string"}}],"inLanguage":"fr-FR"},{"@type":"Organization","@id":"https:\/\/www.sacla.ch\/fr\/#organization","name":"F.lli Sacl\u00e0 S.p.A.","url":"https:\/\/www.sacla.ch\/fr\/","logo":{"@type":"ImageObject","inLanguage":"fr-FR","@id":"https:\/\/www.sacla.ch\/fr\/#\/schema\/logo\/image\/","url":"https:\/\/www.sacla.ch\/wp-content\/uploads\/2021\/03\/logo-sacla-300.png","contentUrl":"https:\/\/www.sacla.ch\/wp-content\/uploads\/2021\/03\/logo-sacla-300.png","width":300,"height":185,"caption":"F.lli Sacl\u00e0 S.p.A."},"image":{"@id":"https:\/\/www.sacla.ch\/fr\/#\/schema\/logo\/image\/"}}]}},"_links":{"self":[{"href":"https:\/\/www.sacla.ch\/fr\/wp-json\/wp\/v2\/product\/3265","targetHints":{"allow":["GET"]}}],"collection":[{"href":"https:\/\/www.sacla.ch\/fr\/wp-json\/wp\/v2\/product"}],"about":[{"href":"https:\/\/www.sacla.ch\/fr\/wp-json\/wp\/v2\/types\/product"}],"version-history":[{"count":3,"href":"https:\/\/www.sacla.ch\/fr\/wp-json\/wp\/v2\/product\/3265\/revisions"}],"predecessor-version":[{"id":3671,"href":"https:\/\/www.sacla.ch\/fr\/wp-json\/wp\/v2\/product\/3265\/revisions\/3671"}],"wp:featuredmedia":[{"embeddable":true,"href":"https:\/\/www.sacla.ch\/fr\/wp-json\/wp\/v2\/media\/3360"}],"wp:attachment":[{"href":"https:\/\/www.sacla.ch\/fr\/wp-json\/wp\/v2\/media?parent=3265"}],"wp:term":[{"taxonomy":"product_features","embeddable":true,"href":"https:\/\/www.sacla.ch\/fr\/wp-json\/wp\/v2\/product_features?post=3265"},{"taxonomy":"product_brand","embeddable":true,"href":"https:\/\/www.sacla.ch\/fr\/wp-json\/wp\/v2\/product_brand?post=3265"},{"taxonomy":"product_cat","embeddable":true,"href":"https:\/\/www.sacla.ch\/fr\/wp-json\/wp\/v2\/product_cat?post=3265"},{"taxonomy":"product_tag","embeddable":true,"href":"https:\/\/www.sacla.ch\/fr\/wp-json\/wp\/v2\/product_tag?post=3265"}],"curies":[{"name":"wp","href":"https:\/\/api.w.org\/{rel}","templated":true}]}}