{"id":3267,"date":"2021-04-12T19:00:06","date_gmt":"2021-04-12T17:00:06","guid":{"rendered":"https:\/\/www.sacla.ch\/?post_type=product&#038;p=3267"},"modified":"2021-06-18T16:25:10","modified_gmt":"2021-06-18T14:25:10","slug":"poivrons-marines-tranches","status":"publish","type":"product","link":"https:\/\/www.sacla.ch\/fr\/produit-italien\/poivrons-marines-tranches\/","title":{"rendered":"Poivrons marin\u00e9s tranch\u00e9s"},"content":{"rendered":"","protected":false},"excerpt":{"rendered":"<p class=\"p1\">Un m\u00e9lange de poivrons rouge et jaune qui sont finement tranch\u00e9s et marin\u00e9s dans de l&rsquo;huile de tournesol avec une pointe de vinaigre de vin et de l&rsquo;ail. C\u2019est un duo qui peut \u00eatre utilis\u00e9 froid pour accompagner vos viandes, agr\u00e9menter vos salades, ou bien chaud avec des p\u00e2tes longues de type : Fettucce, Tagliatelle, Pappardelle.<\/p>\n","protected":false},"featured_media":3472,"template":"","meta":{"_acf_changed":false,"inline_featured_image":false},"product_features":[124,126,128,130],"product_brand":[],"product_cat":[147,148],"product_tag":[],"class_list":{"0":"post-3267","1":"product","2":"type-product","3":"status-publish","4":"has-post-thumbnail","6":"product_features-gluten-free-fr","7":"product_features-no-preservatives-fr","8":"product_features-vegetarian-fr","9":"product_features-vegan-fr","10":"product_cat-antipasti-traditionnels","11":"product_cat-classic-fr","13":"first","14":"instock","15":"shipping-taxable","16":"product-type-simple"},"acf":[],"yoast_head":"<!-- This site is optimized with the Yoast SEO plugin v27.6 - https:\/\/yoast.com\/product\/yoast-seo-wordpress\/ -->\n<title>Poivrons marin\u00e9s tranch\u00e9s - F.lli Sacl\u00e0 S.p.A.<\/title>\n<meta name=\"description\" content=\"Un m\u00e9lange de poivrons rouge et jaune qui sont finement tranch\u00e9s et marin\u00e9s dans de l&#039;huile de tournesol avec une pointe de vinaigre de vin et de l&#039;ail. C\u2019est un duo qui peut \u00eatre utilis\u00e9 froid pour accompagner vos viandes, agr\u00e9menter vos salades, ou bien chaud avec des p\u00e2tes longues de type : Fettucce, Tagliatelle, Pappardelle.\" \/>\n<meta name=\"robots\" content=\"index, follow, max-snippet:-1, max-image-preview:large, max-video-preview:-1\" \/>\n<link rel=\"canonical\" href=\"https:\/\/www.sacla.ch\/fr\/produit-italien\/poivrons-marines-tranches\/\" \/>\n<meta property=\"og:locale\" content=\"fr_FR\" \/>\n<meta property=\"og:type\" content=\"article\" \/>\n<meta property=\"og:title\" content=\"Poivrons marin\u00e9s tranch\u00e9s - F.lli Sacl\u00e0 S.p.A.\" \/>\n<meta property=\"og:description\" content=\"Un m\u00e9lange de poivrons rouge et jaune qui sont finement tranch\u00e9s et marin\u00e9s dans de l&#039;huile de tournesol avec une pointe de vinaigre de vin et de l&#039;ail. C\u2019est un duo qui peut \u00eatre utilis\u00e9 froid pour accompagner vos viandes, agr\u00e9menter vos salades, ou bien chaud avec des p\u00e2tes longues de type : Fettucce, Tagliatelle, Pappardelle.\" \/>\n<meta property=\"og:url\" content=\"https:\/\/www.sacla.ch\/fr\/produit-italien\/poivrons-marines-tranches\/\" \/>\n<meta property=\"og:site_name\" content=\"F.lli Sacl\u00e0 S.p.A.\" \/>\n<meta property=\"article:modified_time\" content=\"2021-06-18T14:25:10+00:00\" \/>\n<meta property=\"og:image\" content=\"https:\/\/www.sacla.ch\/wp-content\/uploads\/2021\/04\/E0C40CI3CBA00.png\" \/>\n\t<meta property=\"og:image:width\" content=\"588\" \/>\n\t<meta property=\"og:image:height\" content=\"588\" \/>\n\t<meta property=\"og:image:type\" content=\"image\/png\" \/>\n<meta name=\"twitter:card\" content=\"summary_large_image\" \/>\n<script type=\"application\/ld+json\" class=\"yoast-schema-graph\">{\"@context\":\"https:\\\/\\\/schema.org\",\"@graph\":[{\"@type\":[\"WebPage\",\"ItemPage\"],\"@id\":\"https:\\\/\\\/www.sacla.ch\\\/fr\\\/produit-italien\\\/poivrons-marines-tranches\\\/\",\"url\":\"https:\\\/\\\/www.sacla.ch\\\/fr\\\/produit-italien\\\/poivrons-marines-tranches\\\/\",\"name\":\"Poivrons marin\u00e9s tranch\u00e9s - F.lli Sacl\u00e0 S.p.A.\",\"isPartOf\":{\"@id\":\"https:\\\/\\\/www.sacla.ch\\\/fr\\\/#website\"},\"primaryImageOfPage\":{\"@id\":\"https:\\\/\\\/www.sacla.ch\\\/fr\\\/produit-italien\\\/poivrons-marines-tranches\\\/#primaryimage\"},\"image\":{\"@id\":\"https:\\\/\\\/www.sacla.ch\\\/fr\\\/produit-italien\\\/poivrons-marines-tranches\\\/#primaryimage\"},\"thumbnailUrl\":\"https:\\\/\\\/www.sacla.ch\\\/wp-content\\\/uploads\\\/2021\\\/04\\\/E0C40CI3CBA00.png\",\"datePublished\":\"2021-04-12T17:00:06+00:00\",\"dateModified\":\"2021-06-18T14:25:10+00:00\",\"description\":\"Un m\u00e9lange de poivrons rouge et jaune qui sont finement tranch\u00e9s et marin\u00e9s dans de l'huile de tournesol avec une pointe de vinaigre de vin et de l'ail. C\u2019est un duo qui peut \u00eatre utilis\u00e9 froid pour accompagner vos viandes, agr\u00e9menter vos salades, ou bien chaud avec des p\u00e2tes longues de type : Fettucce, Tagliatelle, Pappardelle.\",\"breadcrumb\":{\"@id\":\"https:\\\/\\\/www.sacla.ch\\\/fr\\\/produit-italien\\\/poivrons-marines-tranches\\\/#breadcrumb\"},\"inLanguage\":\"fr-FR\",\"potentialAction\":[{\"@type\":\"ReadAction\",\"target\":[\"https:\\\/\\\/www.sacla.ch\\\/fr\\\/produit-italien\\\/poivrons-marines-tranches\\\/\"]}]},{\"@type\":\"ImageObject\",\"inLanguage\":\"fr-FR\",\"@id\":\"https:\\\/\\\/www.sacla.ch\\\/fr\\\/produit-italien\\\/poivrons-marines-tranches\\\/#primaryimage\",\"url\":\"https:\\\/\\\/www.sacla.ch\\\/wp-content\\\/uploads\\\/2021\\\/04\\\/E0C40CI3CBA00.png\",\"contentUrl\":\"https:\\\/\\\/www.sacla.ch\\\/wp-content\\\/uploads\\\/2021\\\/04\\\/E0C40CI3CBA00.png\",\"width\":588,\"height\":588},{\"@type\":\"BreadcrumbList\",\"@id\":\"https:\\\/\\\/www.sacla.ch\\\/fr\\\/produit-italien\\\/poivrons-marines-tranches\\\/#breadcrumb\",\"itemListElement\":[{\"@type\":\"ListItem\",\"position\":1,\"name\":\"Home\",\"item\":\"https:\\\/\\\/www.sacla.ch\\\/fr\\\/\"},{\"@type\":\"ListItem\",\"position\":2,\"name\":\"Produits\",\"item\":\"https:\\\/\\\/www.sacla.ch\\\/fr\\\/shop\\\/\"},{\"@type\":\"ListItem\",\"position\":3,\"name\":\"Poivrons marin\u00e9s tranch\u00e9s\"}]},{\"@type\":\"WebSite\",\"@id\":\"https:\\\/\\\/www.sacla.ch\\\/fr\\\/#website\",\"url\":\"https:\\\/\\\/www.sacla.ch\\\/fr\\\/\",\"name\":\"F.lli Sacl\u00e0 S.p.A.\",\"description\":\"Italian Fine Food\",\"publisher\":{\"@id\":\"https:\\\/\\\/www.sacla.ch\\\/fr\\\/#organization\"},\"potentialAction\":[{\"@type\":\"SearchAction\",\"target\":{\"@type\":\"EntryPoint\",\"urlTemplate\":\"https:\\\/\\\/www.sacla.ch\\\/fr\\\/?s={search_term_string}\"},\"query-input\":{\"@type\":\"PropertyValueSpecification\",\"valueRequired\":true,\"valueName\":\"search_term_string\"}}],\"inLanguage\":\"fr-FR\"},{\"@type\":\"Organization\",\"@id\":\"https:\\\/\\\/www.sacla.ch\\\/fr\\\/#organization\",\"name\":\"F.lli Sacl\u00e0 S.p.A.\",\"url\":\"https:\\\/\\\/www.sacla.ch\\\/fr\\\/\",\"logo\":{\"@type\":\"ImageObject\",\"inLanguage\":\"fr-FR\",\"@id\":\"https:\\\/\\\/www.sacla.ch\\\/fr\\\/#\\\/schema\\\/logo\\\/image\\\/\",\"url\":\"https:\\\/\\\/www.sacla.ch\\\/wp-content\\\/uploads\\\/2021\\\/03\\\/logo-sacla-300.png\",\"contentUrl\":\"https:\\\/\\\/www.sacla.ch\\\/wp-content\\\/uploads\\\/2021\\\/03\\\/logo-sacla-300.png\",\"width\":300,\"height\":185,\"caption\":\"F.lli Sacl\u00e0 S.p.A.\"},\"image\":{\"@id\":\"https:\\\/\\\/www.sacla.ch\\\/fr\\\/#\\\/schema\\\/logo\\\/image\\\/\"}}]}<\/script>\n<!-- \/ Yoast SEO plugin. -->","yoast_head_json":{"title":"Poivrons marin\u00e9s tranch\u00e9s - F.lli Sacl\u00e0 S.p.A.","description":"Un m\u00e9lange de poivrons rouge et jaune qui sont finement tranch\u00e9s et marin\u00e9s dans de l'huile de tournesol avec une pointe de vinaigre de vin et de l'ail. C\u2019est un duo qui peut \u00eatre utilis\u00e9 froid pour accompagner vos viandes, agr\u00e9menter vos salades, ou bien chaud avec des p\u00e2tes longues de type : Fettucce, Tagliatelle, Pappardelle.","robots":{"index":"index","follow":"follow","max-snippet":"max-snippet:-1","max-image-preview":"max-image-preview:large","max-video-preview":"max-video-preview:-1"},"canonical":"https:\/\/www.sacla.ch\/fr\/produit-italien\/poivrons-marines-tranches\/","og_locale":"fr_FR","og_type":"article","og_title":"Poivrons marin\u00e9s tranch\u00e9s - F.lli Sacl\u00e0 S.p.A.","og_description":"Un m\u00e9lange de poivrons rouge et jaune qui sont finement tranch\u00e9s et marin\u00e9s dans de l'huile de tournesol avec une pointe de vinaigre de vin et de l'ail. C\u2019est un duo qui peut \u00eatre utilis\u00e9 froid pour accompagner vos viandes, agr\u00e9menter vos salades, ou bien chaud avec des p\u00e2tes longues de type : Fettucce, Tagliatelle, Pappardelle.","og_url":"https:\/\/www.sacla.ch\/fr\/produit-italien\/poivrons-marines-tranches\/","og_site_name":"F.lli Sacl\u00e0 S.p.A.","article_modified_time":"2021-06-18T14:25:10+00:00","og_image":[{"width":588,"height":588,"url":"https:\/\/www.sacla.ch\/wp-content\/uploads\/2021\/04\/E0C40CI3CBA00.png","type":"image\/png"}],"twitter_card":"summary_large_image","schema":{"@context":"https:\/\/schema.org","@graph":[{"@type":["WebPage","ItemPage"],"@id":"https:\/\/www.sacla.ch\/fr\/produit-italien\/poivrons-marines-tranches\/","url":"https:\/\/www.sacla.ch\/fr\/produit-italien\/poivrons-marines-tranches\/","name":"Poivrons marin\u00e9s tranch\u00e9s - F.lli Sacl\u00e0 S.p.A.","isPartOf":{"@id":"https:\/\/www.sacla.ch\/fr\/#website"},"primaryImageOfPage":{"@id":"https:\/\/www.sacla.ch\/fr\/produit-italien\/poivrons-marines-tranches\/#primaryimage"},"image":{"@id":"https:\/\/www.sacla.ch\/fr\/produit-italien\/poivrons-marines-tranches\/#primaryimage"},"thumbnailUrl":"https:\/\/www.sacla.ch\/wp-content\/uploads\/2021\/04\/E0C40CI3CBA00.png","datePublished":"2021-04-12T17:00:06+00:00","dateModified":"2021-06-18T14:25:10+00:00","description":"Un m\u00e9lange de poivrons rouge et jaune qui sont finement tranch\u00e9s et marin\u00e9s dans de l'huile de tournesol avec une pointe de vinaigre de vin et de l'ail. C\u2019est un duo qui peut \u00eatre utilis\u00e9 froid pour accompagner vos viandes, agr\u00e9menter vos salades, ou bien chaud avec des p\u00e2tes longues de type : Fettucce, Tagliatelle, Pappardelle.","breadcrumb":{"@id":"https:\/\/www.sacla.ch\/fr\/produit-italien\/poivrons-marines-tranches\/#breadcrumb"},"inLanguage":"fr-FR","potentialAction":[{"@type":"ReadAction","target":["https:\/\/www.sacla.ch\/fr\/produit-italien\/poivrons-marines-tranches\/"]}]},{"@type":"ImageObject","inLanguage":"fr-FR","@id":"https:\/\/www.sacla.ch\/fr\/produit-italien\/poivrons-marines-tranches\/#primaryimage","url":"https:\/\/www.sacla.ch\/wp-content\/uploads\/2021\/04\/E0C40CI3CBA00.png","contentUrl":"https:\/\/www.sacla.ch\/wp-content\/uploads\/2021\/04\/E0C40CI3CBA00.png","width":588,"height":588},{"@type":"BreadcrumbList","@id":"https:\/\/www.sacla.ch\/fr\/produit-italien\/poivrons-marines-tranches\/#breadcrumb","itemListElement":[{"@type":"ListItem","position":1,"name":"Home","item":"https:\/\/www.sacla.ch\/fr\/"},{"@type":"ListItem","position":2,"name":"Produits","item":"https:\/\/www.sacla.ch\/fr\/shop\/"},{"@type":"ListItem","position":3,"name":"Poivrons marin\u00e9s tranch\u00e9s"}]},{"@type":"WebSite","@id":"https:\/\/www.sacla.ch\/fr\/#website","url":"https:\/\/www.sacla.ch\/fr\/","name":"F.lli Sacl\u00e0 S.p.A.","description":"Italian Fine Food","publisher":{"@id":"https:\/\/www.sacla.ch\/fr\/#organization"},"potentialAction":[{"@type":"SearchAction","target":{"@type":"EntryPoint","urlTemplate":"https:\/\/www.sacla.ch\/fr\/?s={search_term_string}"},"query-input":{"@type":"PropertyValueSpecification","valueRequired":true,"valueName":"search_term_string"}}],"inLanguage":"fr-FR"},{"@type":"Organization","@id":"https:\/\/www.sacla.ch\/fr\/#organization","name":"F.lli Sacl\u00e0 S.p.A.","url":"https:\/\/www.sacla.ch\/fr\/","logo":{"@type":"ImageObject","inLanguage":"fr-FR","@id":"https:\/\/www.sacla.ch\/fr\/#\/schema\/logo\/image\/","url":"https:\/\/www.sacla.ch\/wp-content\/uploads\/2021\/03\/logo-sacla-300.png","contentUrl":"https:\/\/www.sacla.ch\/wp-content\/uploads\/2021\/03\/logo-sacla-300.png","width":300,"height":185,"caption":"F.lli Sacl\u00e0 S.p.A."},"image":{"@id":"https:\/\/www.sacla.ch\/fr\/#\/schema\/logo\/image\/"}}]}},"_links":{"self":[{"href":"https:\/\/www.sacla.ch\/fr\/wp-json\/wp\/v2\/product\/3267","targetHints":{"allow":["GET"]}}],"collection":[{"href":"https:\/\/www.sacla.ch\/fr\/wp-json\/wp\/v2\/product"}],"about":[{"href":"https:\/\/www.sacla.ch\/fr\/wp-json\/wp\/v2\/types\/product"}],"version-history":[{"count":2,"href":"https:\/\/www.sacla.ch\/fr\/wp-json\/wp\/v2\/product\/3267\/revisions"}],"predecessor-version":[{"id":3672,"href":"https:\/\/www.sacla.ch\/fr\/wp-json\/wp\/v2\/product\/3267\/revisions\/3672"}],"wp:featuredmedia":[{"embeddable":true,"href":"https:\/\/www.sacla.ch\/fr\/wp-json\/wp\/v2\/media\/3472"}],"wp:attachment":[{"href":"https:\/\/www.sacla.ch\/fr\/wp-json\/wp\/v2\/media?parent=3267"}],"wp:term":[{"taxonomy":"product_features","embeddable":true,"href":"https:\/\/www.sacla.ch\/fr\/wp-json\/wp\/v2\/product_features?post=3267"},{"taxonomy":"product_brand","embeddable":true,"href":"https:\/\/www.sacla.ch\/fr\/wp-json\/wp\/v2\/product_brand?post=3267"},{"taxonomy":"product_cat","embeddable":true,"href":"https:\/\/www.sacla.ch\/fr\/wp-json\/wp\/v2\/product_cat?post=3267"},{"taxonomy":"product_tag","embeddable":true,"href":"https:\/\/www.sacla.ch\/fr\/wp-json\/wp\/v2\/product_tag?post=3267"}],"curies":[{"name":"wp","href":"https:\/\/api.w.org\/{rel}","templated":true}]}}