{"id":3678,"date":"2021-04-13T23:00:15","date_gmt":"2021-04-13T21:00:15","guid":{"rendered":"https:\/\/www.sacla.ch\/italienisch-produkt\/arrabbiata-sauce-pour-pates-aux-tomates-et-piments\/"},"modified":"2021-06-18T17:08:26","modified_gmt":"2021-06-18T15:08:26","slug":"arrabbiata-sauce-pour-pates-aux-tomates-et-piments","status":"publish","type":"product","link":"https:\/\/www.sacla.ch\/fr\/produit-italien\/arrabbiata-sauce-pour-pates-aux-tomates-et-piments\/","title":{"rendered":"Arrabbiata \u2013 Sauce pour p\u00e2tes aux tomates et piments"},"content":{"rendered":"","protected":false},"excerpt":{"rendered":"<p class=\"p1\">Cette sauce est \u00e9labor\u00e9e avec des tomates, du piment rouge, de l&rsquo;ail, de l&rsquo;oignon et un trait d&rsquo;huile d&rsquo;olive vierge extra. L\u2019Arrabbiata s\u2019accompagne parfaitement avec des Penne ou Strozzapreti. Agr\u00e9ment\u00e9e \u00e9galement de crevette, de pancetta, de poulet ou tout simplement avec vos l\u00e9gumes pr\u00e9f\u00e9r\u00e9s pour un repas dont tout le monde se souviendra. Id\u00e9ale comme vinaigrette pour une salade \u00e9pic\u00e9e.<\/p>\n","protected":false},"featured_media":3453,"template":"","meta":{"_acf_changed":false,"inline_featured_image":false},"product_features":[124,126,128,130],"product_brand":[],"product_cat":[158],"product_tag":[],"class_list":{"0":"post-3678","1":"product","2":"type-product","3":"status-publish","4":"has-post-thumbnail","6":"product_features-gluten-free-fr","7":"product_features-no-preservatives-fr","8":"product_features-vegetarian-fr","9":"product_features-vegan-fr","10":"product_cat-sauces-pour-pates-concentrees","12":"first","13":"instock","14":"shipping-taxable","15":"product-type-simple"},"acf":[],"yoast_head":"<!-- This site is optimized with the Yoast SEO plugin v27.4 - https:\/\/yoast.com\/product\/yoast-seo-wordpress\/ -->\n<title>Arrabbiata \u2013 Sauce pour p\u00e2tes aux tomates et piments - F.lli Sacl\u00e0 S.p.A.<\/title>\n<meta name=\"description\" content=\"Cette sauce est \u00e9labor\u00e9e avec des tomates, du piment rouge, de l&#039;ail, de l&#039;oignon et un trait d&#039;huile d&#039;olive vierge extra. L\u2019Arrabbiata s\u2019accompagne parfaitement avec des Penne ou Strozzapreti. Agr\u00e9ment\u00e9e \u00e9galement de crevette, de pancetta, de poulet ou tout simplement avec vos l\u00e9gumes pr\u00e9f\u00e9r\u00e9s pour un repas dont tout le monde se souviendra. Id\u00e9ale comme vinaigrette pour une salade \u00e9pic\u00e9e.\" \/>\n<meta name=\"robots\" content=\"index, follow, max-snippet:-1, max-image-preview:large, max-video-preview:-1\" \/>\n<link rel=\"canonical\" href=\"https:\/\/www.sacla.ch\/fr\/produit-italien\/arrabbiata-sauce-pour-pates-aux-tomates-et-piments\/\" \/>\n<meta property=\"og:locale\" content=\"fr_FR\" \/>\n<meta property=\"og:type\" content=\"article\" \/>\n<meta property=\"og:title\" content=\"Arrabbiata \u2013 Sauce pour p\u00e2tes aux tomates et piments - F.lli Sacl\u00e0 S.p.A.\" \/>\n<meta property=\"og:description\" content=\"Cette sauce est \u00e9labor\u00e9e avec des tomates, du piment rouge, de l&#039;ail, de l&#039;oignon et un trait d&#039;huile d&#039;olive vierge extra. L\u2019Arrabbiata s\u2019accompagne parfaitement avec des Penne ou Strozzapreti. Agr\u00e9ment\u00e9e \u00e9galement de crevette, de pancetta, de poulet ou tout simplement avec vos l\u00e9gumes pr\u00e9f\u00e9r\u00e9s pour un repas dont tout le monde se souviendra. Id\u00e9ale comme vinaigrette pour une salade \u00e9pic\u00e9e.\" \/>\n<meta property=\"og:url\" content=\"https:\/\/www.sacla.ch\/fr\/produit-italien\/arrabbiata-sauce-pour-pates-aux-tomates-et-piments\/\" \/>\n<meta property=\"og:site_name\" content=\"F.lli Sacl\u00e0 S.p.A.\" \/>\n<meta property=\"article:modified_time\" content=\"2021-06-18T15:08:26+00:00\" \/>\n<meta property=\"og:image\" content=\"https:\/\/www.sacla.ch\/wp-content\/uploads\/2021\/04\/E0A00L83CBA00.png\" \/>\n\t<meta property=\"og:image:width\" content=\"588\" \/>\n\t<meta property=\"og:image:height\" content=\"588\" \/>\n\t<meta property=\"og:image:type\" content=\"image\/png\" \/>\n<meta name=\"twitter:card\" content=\"summary_large_image\" \/>\n<script type=\"application\/ld+json\" class=\"yoast-schema-graph\">{\"@context\":\"https:\\\/\\\/schema.org\",\"@graph\":[{\"@type\":[\"WebPage\",\"ItemPage\"],\"@id\":\"https:\\\/\\\/www.sacla.ch\\\/fr\\\/produit-italien\\\/arrabbiata-sauce-pour-pates-aux-tomates-et-piments\\\/\",\"url\":\"https:\\\/\\\/www.sacla.ch\\\/fr\\\/produit-italien\\\/arrabbiata-sauce-pour-pates-aux-tomates-et-piments\\\/\",\"name\":\"Arrabbiata \u2013 Sauce pour p\u00e2tes aux tomates et piments - F.lli Sacl\u00e0 S.p.A.\",\"isPartOf\":{\"@id\":\"https:\\\/\\\/www.sacla.ch\\\/fr\\\/#website\"},\"primaryImageOfPage\":{\"@id\":\"https:\\\/\\\/www.sacla.ch\\\/fr\\\/produit-italien\\\/arrabbiata-sauce-pour-pates-aux-tomates-et-piments\\\/#primaryimage\"},\"image\":{\"@id\":\"https:\\\/\\\/www.sacla.ch\\\/fr\\\/produit-italien\\\/arrabbiata-sauce-pour-pates-aux-tomates-et-piments\\\/#primaryimage\"},\"thumbnailUrl\":\"https:\\\/\\\/www.sacla.ch\\\/wp-content\\\/uploads\\\/2021\\\/04\\\/E0A00L83CBA00.png\",\"datePublished\":\"2021-04-13T21:00:15+00:00\",\"dateModified\":\"2021-06-18T15:08:26+00:00\",\"description\":\"Cette sauce est \u00e9labor\u00e9e avec des tomates, du piment rouge, de l'ail, de l'oignon et un trait d'huile d'olive vierge extra. L\u2019Arrabbiata s\u2019accompagne parfaitement avec des Penne ou Strozzapreti. Agr\u00e9ment\u00e9e \u00e9galement de crevette, de pancetta, de poulet ou tout simplement avec vos l\u00e9gumes pr\u00e9f\u00e9r\u00e9s pour un repas dont tout le monde se souviendra. Id\u00e9ale comme vinaigrette pour une salade \u00e9pic\u00e9e.\",\"breadcrumb\":{\"@id\":\"https:\\\/\\\/www.sacla.ch\\\/fr\\\/produit-italien\\\/arrabbiata-sauce-pour-pates-aux-tomates-et-piments\\\/#breadcrumb\"},\"inLanguage\":\"fr-FR\",\"potentialAction\":[{\"@type\":\"ReadAction\",\"target\":[\"https:\\\/\\\/www.sacla.ch\\\/fr\\\/produit-italien\\\/arrabbiata-sauce-pour-pates-aux-tomates-et-piments\\\/\"]}]},{\"@type\":\"ImageObject\",\"inLanguage\":\"fr-FR\",\"@id\":\"https:\\\/\\\/www.sacla.ch\\\/fr\\\/produit-italien\\\/arrabbiata-sauce-pour-pates-aux-tomates-et-piments\\\/#primaryimage\",\"url\":\"https:\\\/\\\/www.sacla.ch\\\/wp-content\\\/uploads\\\/2021\\\/04\\\/E0A00L83CBA00.png\",\"contentUrl\":\"https:\\\/\\\/www.sacla.ch\\\/wp-content\\\/uploads\\\/2021\\\/04\\\/E0A00L83CBA00.png\",\"width\":588,\"height\":588},{\"@type\":\"BreadcrumbList\",\"@id\":\"https:\\\/\\\/www.sacla.ch\\\/fr\\\/produit-italien\\\/arrabbiata-sauce-pour-pates-aux-tomates-et-piments\\\/#breadcrumb\",\"itemListElement\":[{\"@type\":\"ListItem\",\"position\":1,\"name\":\"Home\",\"item\":\"https:\\\/\\\/www.sacla.ch\\\/fr\\\/\"},{\"@type\":\"ListItem\",\"position\":2,\"name\":\"Produits\",\"item\":\"https:\\\/\\\/www.sacla.ch\\\/fr\\\/shop\\\/\"},{\"@type\":\"ListItem\",\"position\":3,\"name\":\"Arrabbiata \u2013 Sauce pour p\u00e2tes aux tomates et piments\"}]},{\"@type\":\"WebSite\",\"@id\":\"https:\\\/\\\/www.sacla.ch\\\/fr\\\/#website\",\"url\":\"https:\\\/\\\/www.sacla.ch\\\/fr\\\/\",\"name\":\"F.lli Sacl\u00e0 S.p.A.\",\"description\":\"Italian Fine Food\",\"publisher\":{\"@id\":\"https:\\\/\\\/www.sacla.ch\\\/fr\\\/#organization\"},\"potentialAction\":[{\"@type\":\"SearchAction\",\"target\":{\"@type\":\"EntryPoint\",\"urlTemplate\":\"https:\\\/\\\/www.sacla.ch\\\/fr\\\/?s={search_term_string}\"},\"query-input\":{\"@type\":\"PropertyValueSpecification\",\"valueRequired\":true,\"valueName\":\"search_term_string\"}}],\"inLanguage\":\"fr-FR\"},{\"@type\":\"Organization\",\"@id\":\"https:\\\/\\\/www.sacla.ch\\\/fr\\\/#organization\",\"name\":\"F.lli Sacl\u00e0 S.p.A.\",\"url\":\"https:\\\/\\\/www.sacla.ch\\\/fr\\\/\",\"logo\":{\"@type\":\"ImageObject\",\"inLanguage\":\"fr-FR\",\"@id\":\"https:\\\/\\\/www.sacla.ch\\\/fr\\\/#\\\/schema\\\/logo\\\/image\\\/\",\"url\":\"https:\\\/\\\/www.sacla.ch\\\/wp-content\\\/uploads\\\/2021\\\/03\\\/logo-sacla-300.png\",\"contentUrl\":\"https:\\\/\\\/www.sacla.ch\\\/wp-content\\\/uploads\\\/2021\\\/03\\\/logo-sacla-300.png\",\"width\":300,\"height\":185,\"caption\":\"F.lli Sacl\u00e0 S.p.A.\"},\"image\":{\"@id\":\"https:\\\/\\\/www.sacla.ch\\\/fr\\\/#\\\/schema\\\/logo\\\/image\\\/\"}}]}<\/script>\n<!-- \/ Yoast SEO plugin. -->","yoast_head_json":{"title":"Arrabbiata \u2013 Sauce pour p\u00e2tes aux tomates et piments - F.lli Sacl\u00e0 S.p.A.","description":"Cette sauce est \u00e9labor\u00e9e avec des tomates, du piment rouge, de l'ail, de l'oignon et un trait d'huile d'olive vierge extra. L\u2019Arrabbiata s\u2019accompagne parfaitement avec des Penne ou Strozzapreti. Agr\u00e9ment\u00e9e \u00e9galement de crevette, de pancetta, de poulet ou tout simplement avec vos l\u00e9gumes pr\u00e9f\u00e9r\u00e9s pour un repas dont tout le monde se souviendra. Id\u00e9ale comme vinaigrette pour une salade \u00e9pic\u00e9e.","robots":{"index":"index","follow":"follow","max-snippet":"max-snippet:-1","max-image-preview":"max-image-preview:large","max-video-preview":"max-video-preview:-1"},"canonical":"https:\/\/www.sacla.ch\/fr\/produit-italien\/arrabbiata-sauce-pour-pates-aux-tomates-et-piments\/","og_locale":"fr_FR","og_type":"article","og_title":"Arrabbiata \u2013 Sauce pour p\u00e2tes aux tomates et piments - F.lli Sacl\u00e0 S.p.A.","og_description":"Cette sauce est \u00e9labor\u00e9e avec des tomates, du piment rouge, de l'ail, de l'oignon et un trait d'huile d'olive vierge extra. L\u2019Arrabbiata s\u2019accompagne parfaitement avec des Penne ou Strozzapreti. Agr\u00e9ment\u00e9e \u00e9galement de crevette, de pancetta, de poulet ou tout simplement avec vos l\u00e9gumes pr\u00e9f\u00e9r\u00e9s pour un repas dont tout le monde se souviendra. Id\u00e9ale comme vinaigrette pour une salade \u00e9pic\u00e9e.","og_url":"https:\/\/www.sacla.ch\/fr\/produit-italien\/arrabbiata-sauce-pour-pates-aux-tomates-et-piments\/","og_site_name":"F.lli Sacl\u00e0 S.p.A.","article_modified_time":"2021-06-18T15:08:26+00:00","og_image":[{"width":588,"height":588,"url":"https:\/\/www.sacla.ch\/wp-content\/uploads\/2021\/04\/E0A00L83CBA00.png","type":"image\/png"}],"twitter_card":"summary_large_image","schema":{"@context":"https:\/\/schema.org","@graph":[{"@type":["WebPage","ItemPage"],"@id":"https:\/\/www.sacla.ch\/fr\/produit-italien\/arrabbiata-sauce-pour-pates-aux-tomates-et-piments\/","url":"https:\/\/www.sacla.ch\/fr\/produit-italien\/arrabbiata-sauce-pour-pates-aux-tomates-et-piments\/","name":"Arrabbiata \u2013 Sauce pour p\u00e2tes aux tomates et piments - F.lli Sacl\u00e0 S.p.A.","isPartOf":{"@id":"https:\/\/www.sacla.ch\/fr\/#website"},"primaryImageOfPage":{"@id":"https:\/\/www.sacla.ch\/fr\/produit-italien\/arrabbiata-sauce-pour-pates-aux-tomates-et-piments\/#primaryimage"},"image":{"@id":"https:\/\/www.sacla.ch\/fr\/produit-italien\/arrabbiata-sauce-pour-pates-aux-tomates-et-piments\/#primaryimage"},"thumbnailUrl":"https:\/\/www.sacla.ch\/wp-content\/uploads\/2021\/04\/E0A00L83CBA00.png","datePublished":"2021-04-13T21:00:15+00:00","dateModified":"2021-06-18T15:08:26+00:00","description":"Cette sauce est \u00e9labor\u00e9e avec des tomates, du piment rouge, de l'ail, de l'oignon et un trait d'huile d'olive vierge extra. L\u2019Arrabbiata s\u2019accompagne parfaitement avec des Penne ou Strozzapreti. Agr\u00e9ment\u00e9e \u00e9galement de crevette, de pancetta, de poulet ou tout simplement avec vos l\u00e9gumes pr\u00e9f\u00e9r\u00e9s pour un repas dont tout le monde se souviendra. Id\u00e9ale comme vinaigrette pour une salade \u00e9pic\u00e9e.","breadcrumb":{"@id":"https:\/\/www.sacla.ch\/fr\/produit-italien\/arrabbiata-sauce-pour-pates-aux-tomates-et-piments\/#breadcrumb"},"inLanguage":"fr-FR","potentialAction":[{"@type":"ReadAction","target":["https:\/\/www.sacla.ch\/fr\/produit-italien\/arrabbiata-sauce-pour-pates-aux-tomates-et-piments\/"]}]},{"@type":"ImageObject","inLanguage":"fr-FR","@id":"https:\/\/www.sacla.ch\/fr\/produit-italien\/arrabbiata-sauce-pour-pates-aux-tomates-et-piments\/#primaryimage","url":"https:\/\/www.sacla.ch\/wp-content\/uploads\/2021\/04\/E0A00L83CBA00.png","contentUrl":"https:\/\/www.sacla.ch\/wp-content\/uploads\/2021\/04\/E0A00L83CBA00.png","width":588,"height":588},{"@type":"BreadcrumbList","@id":"https:\/\/www.sacla.ch\/fr\/produit-italien\/arrabbiata-sauce-pour-pates-aux-tomates-et-piments\/#breadcrumb","itemListElement":[{"@type":"ListItem","position":1,"name":"Home","item":"https:\/\/www.sacla.ch\/fr\/"},{"@type":"ListItem","position":2,"name":"Produits","item":"https:\/\/www.sacla.ch\/fr\/shop\/"},{"@type":"ListItem","position":3,"name":"Arrabbiata \u2013 Sauce pour p\u00e2tes aux tomates et piments"}]},{"@type":"WebSite","@id":"https:\/\/www.sacla.ch\/fr\/#website","url":"https:\/\/www.sacla.ch\/fr\/","name":"F.lli Sacl\u00e0 S.p.A.","description":"Italian Fine Food","publisher":{"@id":"https:\/\/www.sacla.ch\/fr\/#organization"},"potentialAction":[{"@type":"SearchAction","target":{"@type":"EntryPoint","urlTemplate":"https:\/\/www.sacla.ch\/fr\/?s={search_term_string}"},"query-input":{"@type":"PropertyValueSpecification","valueRequired":true,"valueName":"search_term_string"}}],"inLanguage":"fr-FR"},{"@type":"Organization","@id":"https:\/\/www.sacla.ch\/fr\/#organization","name":"F.lli Sacl\u00e0 S.p.A.","url":"https:\/\/www.sacla.ch\/fr\/","logo":{"@type":"ImageObject","inLanguage":"fr-FR","@id":"https:\/\/www.sacla.ch\/fr\/#\/schema\/logo\/image\/","url":"https:\/\/www.sacla.ch\/wp-content\/uploads\/2021\/03\/logo-sacla-300.png","contentUrl":"https:\/\/www.sacla.ch\/wp-content\/uploads\/2021\/03\/logo-sacla-300.png","width":300,"height":185,"caption":"F.lli Sacl\u00e0 S.p.A."},"image":{"@id":"https:\/\/www.sacla.ch\/fr\/#\/schema\/logo\/image\/"}}]}},"_links":{"self":[{"href":"https:\/\/www.sacla.ch\/fr\/wp-json\/wp\/v2\/product\/3678","targetHints":{"allow":["GET"]}}],"collection":[{"href":"https:\/\/www.sacla.ch\/fr\/wp-json\/wp\/v2\/product"}],"about":[{"href":"https:\/\/www.sacla.ch\/fr\/wp-json\/wp\/v2\/types\/product"}],"version-history":[{"count":1,"href":"https:\/\/www.sacla.ch\/fr\/wp-json\/wp\/v2\/product\/3678\/revisions"}],"predecessor-version":[{"id":3679,"href":"https:\/\/www.sacla.ch\/fr\/wp-json\/wp\/v2\/product\/3678\/revisions\/3679"}],"wp:featuredmedia":[{"embeddable":true,"href":"https:\/\/www.sacla.ch\/fr\/wp-json\/wp\/v2\/media\/3453"}],"wp:attachment":[{"href":"https:\/\/www.sacla.ch\/fr\/wp-json\/wp\/v2\/media?parent=3678"}],"wp:term":[{"taxonomy":"product_features","embeddable":true,"href":"https:\/\/www.sacla.ch\/fr\/wp-json\/wp\/v2\/product_features?post=3678"},{"taxonomy":"product_brand","embeddable":true,"href":"https:\/\/www.sacla.ch\/fr\/wp-json\/wp\/v2\/product_brand?post=3678"},{"taxonomy":"product_cat","embeddable":true,"href":"https:\/\/www.sacla.ch\/fr\/wp-json\/wp\/v2\/product_cat?post=3678"},{"taxonomy":"product_tag","embeddable":true,"href":"https:\/\/www.sacla.ch\/fr\/wp-json\/wp\/v2\/product_tag?post=3678"}],"curies":[{"name":"wp","href":"https:\/\/api.w.org\/{rel}","templated":true}]}}