{"id":3680,"date":"2021-04-13T23:00:14","date_gmt":"2021-04-13T21:00:14","guid":{"rendered":"https:\/\/www.sacla.ch\/italienisch-produkt\/poivrons-grilles\/"},"modified":"2021-06-23T15:40:50","modified_gmt":"2021-06-23T13:40:50","slug":"poivrons-grilles","status":"publish","type":"product","link":"https:\/\/www.sacla.ch\/fr\/produit-italien\/poivrons-grilles\/","title":{"rendered":"Poivrons grill\u00e9s"},"content":{"rendered":"","protected":false},"excerpt":{"rendered":"<p class=\"p1\">Poivrons rouge et jaune grill\u00e9s. Notre conseil : faire frire ou r\u00f4tir la dinde jusqu&rsquo;\u00e0 ce qu&rsquo;elle soit dor\u00e9e, chauffer bri\u00e8vement les poivrons et verser les sur la viande. Ils peuvent \u00e9galement \u00eatre servis sur une Bruschetta, Pizza ou bien froid sur un morceau de pain.<\/p>\n","protected":false},"featured_media":3368,"template":"","meta":{"_acf_changed":false,"inline_featured_image":false},"product_features":[124,126,128,130],"product_brand":[],"product_cat":[159],"product_tag":[],"class_list":{"0":"post-3680","1":"product","2":"type-product","3":"status-publish","4":"has-post-thumbnail","6":"product_features-gluten-free-fr","7":"product_features-no-preservatives-fr","8":"product_features-vegetarian-fr","9":"product_features-vegan-fr","10":"product_cat-antipasti-grilles","12":"first","13":"instock","14":"shipping-taxable","15":"product-type-simple"},"acf":[],"yoast_head":"<!-- This site is optimized with the Yoast SEO plugin v27.4 - https:\/\/yoast.com\/product\/yoast-seo-wordpress\/ -->\n<title>Poivrons grill\u00e9s - F.lli Sacl\u00e0 S.p.A.<\/title>\n<meta name=\"description\" content=\"Poivrons rouge et jaune grill\u00e9s. Notre conseil : faire frire ou r\u00f4tir la dinde jusqu&#039;\u00e0 ce qu&#039;elle soit dor\u00e9e, chauffer bri\u00e8vement les poivrons et verser les sur la viande. Ils peuvent \u00e9galement \u00eatre servis sur une Bruschetta, Pizza ou bien froid sur un morceau de pain.\" \/>\n<meta name=\"robots\" content=\"index, follow, max-snippet:-1, max-image-preview:large, max-video-preview:-1\" \/>\n<link rel=\"canonical\" href=\"https:\/\/www.sacla.ch\/fr\/produit-italien\/poivrons-grilles\/\" \/>\n<meta property=\"og:locale\" content=\"fr_FR\" \/>\n<meta property=\"og:type\" content=\"article\" \/>\n<meta property=\"og:title\" content=\"Poivrons grill\u00e9s - F.lli Sacl\u00e0 S.p.A.\" \/>\n<meta property=\"og:description\" content=\"Poivrons rouge et jaune grill\u00e9s. Notre conseil : faire frire ou r\u00f4tir la dinde jusqu&#039;\u00e0 ce qu&#039;elle soit dor\u00e9e, chauffer bri\u00e8vement les poivrons et verser les sur la viande. Ils peuvent \u00e9galement \u00eatre servis sur une Bruschetta, Pizza ou bien froid sur un morceau de pain.\" \/>\n<meta property=\"og:url\" content=\"https:\/\/www.sacla.ch\/fr\/produit-italien\/poivrons-grilles\/\" \/>\n<meta property=\"og:site_name\" content=\"F.lli Sacl\u00e0 S.p.A.\" \/>\n<meta property=\"article:modified_time\" content=\"2021-06-23T13:40:50+00:00\" \/>\n<meta property=\"og:image\" content=\"https:\/\/www.sacla.ch\/wp-content\/uploads\/2021\/04\/E0C40T93CBA00.png\" \/>\n\t<meta property=\"og:image:width\" content=\"588\" \/>\n\t<meta property=\"og:image:height\" content=\"588\" \/>\n\t<meta property=\"og:image:type\" content=\"image\/png\" \/>\n<meta name=\"twitter:card\" content=\"summary_large_image\" \/>\n<script type=\"application\/ld+json\" class=\"yoast-schema-graph\">{\"@context\":\"https:\\\/\\\/schema.org\",\"@graph\":[{\"@type\":[\"WebPage\",\"ItemPage\"],\"@id\":\"https:\\\/\\\/www.sacla.ch\\\/fr\\\/produit-italien\\\/poivrons-grilles\\\/\",\"url\":\"https:\\\/\\\/www.sacla.ch\\\/fr\\\/produit-italien\\\/poivrons-grilles\\\/\",\"name\":\"Poivrons grill\u00e9s - F.lli Sacl\u00e0 S.p.A.\",\"isPartOf\":{\"@id\":\"https:\\\/\\\/www.sacla.ch\\\/fr\\\/#website\"},\"primaryImageOfPage\":{\"@id\":\"https:\\\/\\\/www.sacla.ch\\\/fr\\\/produit-italien\\\/poivrons-grilles\\\/#primaryimage\"},\"image\":{\"@id\":\"https:\\\/\\\/www.sacla.ch\\\/fr\\\/produit-italien\\\/poivrons-grilles\\\/#primaryimage\"},\"thumbnailUrl\":\"https:\\\/\\\/www.sacla.ch\\\/wp-content\\\/uploads\\\/2021\\\/04\\\/E0C40T93CBA00.png\",\"datePublished\":\"2021-04-13T21:00:14+00:00\",\"dateModified\":\"2021-06-23T13:40:50+00:00\",\"description\":\"Poivrons rouge et jaune grill\u00e9s. Notre conseil : faire frire ou r\u00f4tir la dinde jusqu'\u00e0 ce qu'elle soit dor\u00e9e, chauffer bri\u00e8vement les poivrons et verser les sur la viande. Ils peuvent \u00e9galement \u00eatre servis sur une Bruschetta, Pizza ou bien froid sur un morceau de pain.\",\"breadcrumb\":{\"@id\":\"https:\\\/\\\/www.sacla.ch\\\/fr\\\/produit-italien\\\/poivrons-grilles\\\/#breadcrumb\"},\"inLanguage\":\"fr-FR\",\"potentialAction\":[{\"@type\":\"ReadAction\",\"target\":[\"https:\\\/\\\/www.sacla.ch\\\/fr\\\/produit-italien\\\/poivrons-grilles\\\/\"]}]},{\"@type\":\"ImageObject\",\"inLanguage\":\"fr-FR\",\"@id\":\"https:\\\/\\\/www.sacla.ch\\\/fr\\\/produit-italien\\\/poivrons-grilles\\\/#primaryimage\",\"url\":\"https:\\\/\\\/www.sacla.ch\\\/wp-content\\\/uploads\\\/2021\\\/04\\\/E0C40T93CBA00.png\",\"contentUrl\":\"https:\\\/\\\/www.sacla.ch\\\/wp-content\\\/uploads\\\/2021\\\/04\\\/E0C40T93CBA00.png\",\"width\":588,\"height\":588},{\"@type\":\"BreadcrumbList\",\"@id\":\"https:\\\/\\\/www.sacla.ch\\\/fr\\\/produit-italien\\\/poivrons-grilles\\\/#breadcrumb\",\"itemListElement\":[{\"@type\":\"ListItem\",\"position\":1,\"name\":\"Home\",\"item\":\"https:\\\/\\\/www.sacla.ch\\\/fr\\\/\"},{\"@type\":\"ListItem\",\"position\":2,\"name\":\"Produits\",\"item\":\"https:\\\/\\\/www.sacla.ch\\\/fr\\\/shop\\\/\"},{\"@type\":\"ListItem\",\"position\":3,\"name\":\"Poivrons grill\u00e9s\"}]},{\"@type\":\"WebSite\",\"@id\":\"https:\\\/\\\/www.sacla.ch\\\/fr\\\/#website\",\"url\":\"https:\\\/\\\/www.sacla.ch\\\/fr\\\/\",\"name\":\"F.lli Sacl\u00e0 S.p.A.\",\"description\":\"Italian Fine Food\",\"publisher\":{\"@id\":\"https:\\\/\\\/www.sacla.ch\\\/fr\\\/#organization\"},\"potentialAction\":[{\"@type\":\"SearchAction\",\"target\":{\"@type\":\"EntryPoint\",\"urlTemplate\":\"https:\\\/\\\/www.sacla.ch\\\/fr\\\/?s={search_term_string}\"},\"query-input\":{\"@type\":\"PropertyValueSpecification\",\"valueRequired\":true,\"valueName\":\"search_term_string\"}}],\"inLanguage\":\"fr-FR\"},{\"@type\":\"Organization\",\"@id\":\"https:\\\/\\\/www.sacla.ch\\\/fr\\\/#organization\",\"name\":\"F.lli Sacl\u00e0 S.p.A.\",\"url\":\"https:\\\/\\\/www.sacla.ch\\\/fr\\\/\",\"logo\":{\"@type\":\"ImageObject\",\"inLanguage\":\"fr-FR\",\"@id\":\"https:\\\/\\\/www.sacla.ch\\\/fr\\\/#\\\/schema\\\/logo\\\/image\\\/\",\"url\":\"https:\\\/\\\/www.sacla.ch\\\/wp-content\\\/uploads\\\/2021\\\/03\\\/logo-sacla-300.png\",\"contentUrl\":\"https:\\\/\\\/www.sacla.ch\\\/wp-content\\\/uploads\\\/2021\\\/03\\\/logo-sacla-300.png\",\"width\":300,\"height\":185,\"caption\":\"F.lli Sacl\u00e0 S.p.A.\"},\"image\":{\"@id\":\"https:\\\/\\\/www.sacla.ch\\\/fr\\\/#\\\/schema\\\/logo\\\/image\\\/\"}}]}<\/script>\n<!-- \/ Yoast SEO plugin. -->","yoast_head_json":{"title":"Poivrons grill\u00e9s - F.lli Sacl\u00e0 S.p.A.","description":"Poivrons rouge et jaune grill\u00e9s. Notre conseil : faire frire ou r\u00f4tir la dinde jusqu'\u00e0 ce qu'elle soit dor\u00e9e, chauffer bri\u00e8vement les poivrons et verser les sur la viande. Ils peuvent \u00e9galement \u00eatre servis sur une Bruschetta, Pizza ou bien froid sur un morceau de pain.","robots":{"index":"index","follow":"follow","max-snippet":"max-snippet:-1","max-image-preview":"max-image-preview:large","max-video-preview":"max-video-preview:-1"},"canonical":"https:\/\/www.sacla.ch\/fr\/produit-italien\/poivrons-grilles\/","og_locale":"fr_FR","og_type":"article","og_title":"Poivrons grill\u00e9s - F.lli Sacl\u00e0 S.p.A.","og_description":"Poivrons rouge et jaune grill\u00e9s. Notre conseil : faire frire ou r\u00f4tir la dinde jusqu'\u00e0 ce qu'elle soit dor\u00e9e, chauffer bri\u00e8vement les poivrons et verser les sur la viande. Ils peuvent \u00e9galement \u00eatre servis sur une Bruschetta, Pizza ou bien froid sur un morceau de pain.","og_url":"https:\/\/www.sacla.ch\/fr\/produit-italien\/poivrons-grilles\/","og_site_name":"F.lli Sacl\u00e0 S.p.A.","article_modified_time":"2021-06-23T13:40:50+00:00","og_image":[{"width":588,"height":588,"url":"https:\/\/www.sacla.ch\/wp-content\/uploads\/2021\/04\/E0C40T93CBA00.png","type":"image\/png"}],"twitter_card":"summary_large_image","schema":{"@context":"https:\/\/schema.org","@graph":[{"@type":["WebPage","ItemPage"],"@id":"https:\/\/www.sacla.ch\/fr\/produit-italien\/poivrons-grilles\/","url":"https:\/\/www.sacla.ch\/fr\/produit-italien\/poivrons-grilles\/","name":"Poivrons grill\u00e9s - F.lli Sacl\u00e0 S.p.A.","isPartOf":{"@id":"https:\/\/www.sacla.ch\/fr\/#website"},"primaryImageOfPage":{"@id":"https:\/\/www.sacla.ch\/fr\/produit-italien\/poivrons-grilles\/#primaryimage"},"image":{"@id":"https:\/\/www.sacla.ch\/fr\/produit-italien\/poivrons-grilles\/#primaryimage"},"thumbnailUrl":"https:\/\/www.sacla.ch\/wp-content\/uploads\/2021\/04\/E0C40T93CBA00.png","datePublished":"2021-04-13T21:00:14+00:00","dateModified":"2021-06-23T13:40:50+00:00","description":"Poivrons rouge et jaune grill\u00e9s. Notre conseil : faire frire ou r\u00f4tir la dinde jusqu'\u00e0 ce qu'elle soit dor\u00e9e, chauffer bri\u00e8vement les poivrons et verser les sur la viande. Ils peuvent \u00e9galement \u00eatre servis sur une Bruschetta, Pizza ou bien froid sur un morceau de pain.","breadcrumb":{"@id":"https:\/\/www.sacla.ch\/fr\/produit-italien\/poivrons-grilles\/#breadcrumb"},"inLanguage":"fr-FR","potentialAction":[{"@type":"ReadAction","target":["https:\/\/www.sacla.ch\/fr\/produit-italien\/poivrons-grilles\/"]}]},{"@type":"ImageObject","inLanguage":"fr-FR","@id":"https:\/\/www.sacla.ch\/fr\/produit-italien\/poivrons-grilles\/#primaryimage","url":"https:\/\/www.sacla.ch\/wp-content\/uploads\/2021\/04\/E0C40T93CBA00.png","contentUrl":"https:\/\/www.sacla.ch\/wp-content\/uploads\/2021\/04\/E0C40T93CBA00.png","width":588,"height":588},{"@type":"BreadcrumbList","@id":"https:\/\/www.sacla.ch\/fr\/produit-italien\/poivrons-grilles\/#breadcrumb","itemListElement":[{"@type":"ListItem","position":1,"name":"Home","item":"https:\/\/www.sacla.ch\/fr\/"},{"@type":"ListItem","position":2,"name":"Produits","item":"https:\/\/www.sacla.ch\/fr\/shop\/"},{"@type":"ListItem","position":3,"name":"Poivrons grill\u00e9s"}]},{"@type":"WebSite","@id":"https:\/\/www.sacla.ch\/fr\/#website","url":"https:\/\/www.sacla.ch\/fr\/","name":"F.lli Sacl\u00e0 S.p.A.","description":"Italian Fine Food","publisher":{"@id":"https:\/\/www.sacla.ch\/fr\/#organization"},"potentialAction":[{"@type":"SearchAction","target":{"@type":"EntryPoint","urlTemplate":"https:\/\/www.sacla.ch\/fr\/?s={search_term_string}"},"query-input":{"@type":"PropertyValueSpecification","valueRequired":true,"valueName":"search_term_string"}}],"inLanguage":"fr-FR"},{"@type":"Organization","@id":"https:\/\/www.sacla.ch\/fr\/#organization","name":"F.lli Sacl\u00e0 S.p.A.","url":"https:\/\/www.sacla.ch\/fr\/","logo":{"@type":"ImageObject","inLanguage":"fr-FR","@id":"https:\/\/www.sacla.ch\/fr\/#\/schema\/logo\/image\/","url":"https:\/\/www.sacla.ch\/wp-content\/uploads\/2021\/03\/logo-sacla-300.png","contentUrl":"https:\/\/www.sacla.ch\/wp-content\/uploads\/2021\/03\/logo-sacla-300.png","width":300,"height":185,"caption":"F.lli Sacl\u00e0 S.p.A."},"image":{"@id":"https:\/\/www.sacla.ch\/fr\/#\/schema\/logo\/image\/"}}]}},"_links":{"self":[{"href":"https:\/\/www.sacla.ch\/fr\/wp-json\/wp\/v2\/product\/3680","targetHints":{"allow":["GET"]}}],"collection":[{"href":"https:\/\/www.sacla.ch\/fr\/wp-json\/wp\/v2\/product"}],"about":[{"href":"https:\/\/www.sacla.ch\/fr\/wp-json\/wp\/v2\/types\/product"}],"version-history":[{"count":2,"href":"https:\/\/www.sacla.ch\/fr\/wp-json\/wp\/v2\/product\/3680\/revisions"}],"predecessor-version":[{"id":3911,"href":"https:\/\/www.sacla.ch\/fr\/wp-json\/wp\/v2\/product\/3680\/revisions\/3911"}],"wp:featuredmedia":[{"embeddable":true,"href":"https:\/\/www.sacla.ch\/fr\/wp-json\/wp\/v2\/media\/3368"}],"wp:attachment":[{"href":"https:\/\/www.sacla.ch\/fr\/wp-json\/wp\/v2\/media?parent=3680"}],"wp:term":[{"taxonomy":"product_features","embeddable":true,"href":"https:\/\/www.sacla.ch\/fr\/wp-json\/wp\/v2\/product_features?post=3680"},{"taxonomy":"product_brand","embeddable":true,"href":"https:\/\/www.sacla.ch\/fr\/wp-json\/wp\/v2\/product_brand?post=3680"},{"taxonomy":"product_cat","embeddable":true,"href":"https:\/\/www.sacla.ch\/fr\/wp-json\/wp\/v2\/product_cat?post=3680"},{"taxonomy":"product_tag","embeddable":true,"href":"https:\/\/www.sacla.ch\/fr\/wp-json\/wp\/v2\/product_tag?post=3680"}],"curies":[{"name":"wp","href":"https:\/\/api.w.org\/{rel}","templated":true}]}}