{"id":3695,"date":"2021-04-13T23:00:49","date_gmt":"2021-04-13T21:00:49","guid":{"rendered":"https:\/\/www.sacla.ch\/italienisch-produkt\/napoletana-tomates-cerises-et-basilic-350g\/"},"modified":"2021-06-21T12:34:18","modified_gmt":"2021-06-21T10:34:18","slug":"napoletana-tomates-cerises-et-basilic-350g","status":"publish","type":"product","link":"https:\/\/www.sacla.ch\/fr\/produit-italien\/napoletana-tomates-cerises-et-basilic-350g\/","title":{"rendered":"Napoletana &#8211; tomates cerises et basilic (350g)"},"content":{"rendered":"","protected":false},"excerpt":{"rendered":"<p class=\"p1\">Nous savons que la saveur d\u00e9pend de la qualit\u00e9 des ingr\u00e9dients, nous avons donc mari\u00e9 des tomates cerises enti\u00e8res, du basilic frais, des carottes, oignons et c\u00e9leri. \u00c0 D\u00e9guster avec des p\u00e2tes fraiches ou comme base pour la pizza!<\/p>\n","protected":false},"featured_media":3343,"template":"","meta":{"_acf_changed":false,"inline_featured_image":false},"product_features":[124,126,128,130],"product_brand":[],"product_cat":[163],"product_tag":[],"class_list":{"0":"post-3695","1":"product","2":"type-product","3":"status-publish","4":"has-post-thumbnail","6":"product_features-gluten-free-fr","7":"product_features-no-preservatives-fr","8":"product_features-vegetarian-fr","9":"product_features-vegan-fr","10":"product_cat-sauces-pour-pates-aux-tomates-cerises-entieres","12":"first","13":"instock","14":"shipping-taxable","15":"product-type-simple"},"acf":[],"yoast_head":"<!-- This site is optimized with the Yoast SEO plugin v27.6 - https:\/\/yoast.com\/product\/yoast-seo-wordpress\/ -->\n<title>Napoletana - tomates cerises et basilic (350g) - F.lli Sacl\u00e0 S.p.A.<\/title>\n<meta name=\"description\" content=\"Nous savons que la saveur d\u00e9pend de la qualit\u00e9 des ingr\u00e9dients, nous avons donc mari\u00e9 des tomates cerises enti\u00e8res, du basilic frais, des carottes, oignons et c\u00e9leri. \u00c0 D\u00e9guster avec des p\u00e2tes fraiches ou comme base pour la pizza!\" \/>\n<meta name=\"robots\" content=\"index, follow, max-snippet:-1, max-image-preview:large, max-video-preview:-1\" \/>\n<link rel=\"canonical\" href=\"https:\/\/www.sacla.ch\/fr\/produit-italien\/napoletana-tomates-cerises-et-basilic-350g\/\" \/>\n<meta property=\"og:locale\" content=\"fr_FR\" \/>\n<meta property=\"og:type\" content=\"article\" \/>\n<meta property=\"og:title\" content=\"Napoletana - tomates cerises et basilic (350g) - F.lli Sacl\u00e0 S.p.A.\" \/>\n<meta property=\"og:description\" content=\"Nous savons que la saveur d\u00e9pend de la qualit\u00e9 des ingr\u00e9dients, nous avons donc mari\u00e9 des tomates cerises enti\u00e8res, du basilic frais, des carottes, oignons et c\u00e9leri. \u00c0 D\u00e9guster avec des p\u00e2tes fraiches ou comme base pour la pizza!\" \/>\n<meta property=\"og:url\" content=\"https:\/\/www.sacla.ch\/fr\/produit-italien\/napoletana-tomates-cerises-et-basilic-350g\/\" \/>\n<meta property=\"og:site_name\" content=\"F.lli Sacl\u00e0 S.p.A.\" \/>\n<meta property=\"article:modified_time\" content=\"2021-06-21T10:34:18+00:00\" \/>\n<meta property=\"og:image\" content=\"https:\/\/www.sacla.ch\/wp-content\/uploads\/2021\/04\/E0T31NF3UEA00.png\" \/>\n\t<meta property=\"og:image:width\" content=\"588\" \/>\n\t<meta property=\"og:image:height\" content=\"588\" \/>\n\t<meta property=\"og:image:type\" content=\"image\/png\" \/>\n<meta name=\"twitter:card\" content=\"summary_large_image\" \/>\n<script type=\"application\/ld+json\" class=\"yoast-schema-graph\">{\"@context\":\"https:\\\/\\\/schema.org\",\"@graph\":[{\"@type\":[\"WebPage\",\"ItemPage\"],\"@id\":\"https:\\\/\\\/www.sacla.ch\\\/fr\\\/produit-italien\\\/napoletana-tomates-cerises-et-basilic-350g\\\/\",\"url\":\"https:\\\/\\\/www.sacla.ch\\\/fr\\\/produit-italien\\\/napoletana-tomates-cerises-et-basilic-350g\\\/\",\"name\":\"Napoletana - tomates cerises et basilic (350g) - F.lli Sacl\u00e0 S.p.A.\",\"isPartOf\":{\"@id\":\"https:\\\/\\\/www.sacla.ch\\\/fr\\\/#website\"},\"primaryImageOfPage\":{\"@id\":\"https:\\\/\\\/www.sacla.ch\\\/fr\\\/produit-italien\\\/napoletana-tomates-cerises-et-basilic-350g\\\/#primaryimage\"},\"image\":{\"@id\":\"https:\\\/\\\/www.sacla.ch\\\/fr\\\/produit-italien\\\/napoletana-tomates-cerises-et-basilic-350g\\\/#primaryimage\"},\"thumbnailUrl\":\"https:\\\/\\\/www.sacla.ch\\\/wp-content\\\/uploads\\\/2021\\\/04\\\/E0T31NF3UEA00.png\",\"datePublished\":\"2021-04-13T21:00:49+00:00\",\"dateModified\":\"2021-06-21T10:34:18+00:00\",\"description\":\"Nous savons que la saveur d\u00e9pend de la qualit\u00e9 des ingr\u00e9dients, nous avons donc mari\u00e9 des tomates cerises enti\u00e8res, du basilic frais, des carottes, oignons et c\u00e9leri. \u00c0 D\u00e9guster avec des p\u00e2tes fraiches ou comme base pour la pizza!\",\"breadcrumb\":{\"@id\":\"https:\\\/\\\/www.sacla.ch\\\/fr\\\/produit-italien\\\/napoletana-tomates-cerises-et-basilic-350g\\\/#breadcrumb\"},\"inLanguage\":\"fr-FR\",\"potentialAction\":[{\"@type\":\"ReadAction\",\"target\":[\"https:\\\/\\\/www.sacla.ch\\\/fr\\\/produit-italien\\\/napoletana-tomates-cerises-et-basilic-350g\\\/\"]}]},{\"@type\":\"ImageObject\",\"inLanguage\":\"fr-FR\",\"@id\":\"https:\\\/\\\/www.sacla.ch\\\/fr\\\/produit-italien\\\/napoletana-tomates-cerises-et-basilic-350g\\\/#primaryimage\",\"url\":\"https:\\\/\\\/www.sacla.ch\\\/wp-content\\\/uploads\\\/2021\\\/04\\\/E0T31NF3UEA00.png\",\"contentUrl\":\"https:\\\/\\\/www.sacla.ch\\\/wp-content\\\/uploads\\\/2021\\\/04\\\/E0T31NF3UEA00.png\",\"width\":588,\"height\":588},{\"@type\":\"BreadcrumbList\",\"@id\":\"https:\\\/\\\/www.sacla.ch\\\/fr\\\/produit-italien\\\/napoletana-tomates-cerises-et-basilic-350g\\\/#breadcrumb\",\"itemListElement\":[{\"@type\":\"ListItem\",\"position\":1,\"name\":\"Home\",\"item\":\"https:\\\/\\\/www.sacla.ch\\\/fr\\\/\"},{\"@type\":\"ListItem\",\"position\":2,\"name\":\"Produits\",\"item\":\"https:\\\/\\\/www.sacla.ch\\\/fr\\\/shop\\\/\"},{\"@type\":\"ListItem\",\"position\":3,\"name\":\"Napoletana &#8211; tomates cerises et basilic (350g)\"}]},{\"@type\":\"WebSite\",\"@id\":\"https:\\\/\\\/www.sacla.ch\\\/fr\\\/#website\",\"url\":\"https:\\\/\\\/www.sacla.ch\\\/fr\\\/\",\"name\":\"F.lli Sacl\u00e0 S.p.A.\",\"description\":\"Italian Fine Food\",\"publisher\":{\"@id\":\"https:\\\/\\\/www.sacla.ch\\\/fr\\\/#organization\"},\"potentialAction\":[{\"@type\":\"SearchAction\",\"target\":{\"@type\":\"EntryPoint\",\"urlTemplate\":\"https:\\\/\\\/www.sacla.ch\\\/fr\\\/?s={search_term_string}\"},\"query-input\":{\"@type\":\"PropertyValueSpecification\",\"valueRequired\":true,\"valueName\":\"search_term_string\"}}],\"inLanguage\":\"fr-FR\"},{\"@type\":\"Organization\",\"@id\":\"https:\\\/\\\/www.sacla.ch\\\/fr\\\/#organization\",\"name\":\"F.lli Sacl\u00e0 S.p.A.\",\"url\":\"https:\\\/\\\/www.sacla.ch\\\/fr\\\/\",\"logo\":{\"@type\":\"ImageObject\",\"inLanguage\":\"fr-FR\",\"@id\":\"https:\\\/\\\/www.sacla.ch\\\/fr\\\/#\\\/schema\\\/logo\\\/image\\\/\",\"url\":\"https:\\\/\\\/www.sacla.ch\\\/wp-content\\\/uploads\\\/2021\\\/03\\\/logo-sacla-300.png\",\"contentUrl\":\"https:\\\/\\\/www.sacla.ch\\\/wp-content\\\/uploads\\\/2021\\\/03\\\/logo-sacla-300.png\",\"width\":300,\"height\":185,\"caption\":\"F.lli Sacl\u00e0 S.p.A.\"},\"image\":{\"@id\":\"https:\\\/\\\/www.sacla.ch\\\/fr\\\/#\\\/schema\\\/logo\\\/image\\\/\"}}]}<\/script>\n<!-- \/ Yoast SEO plugin. -->","yoast_head_json":{"title":"Napoletana - tomates cerises et basilic (350g) - F.lli Sacl\u00e0 S.p.A.","description":"Nous savons que la saveur d\u00e9pend de la qualit\u00e9 des ingr\u00e9dients, nous avons donc mari\u00e9 des tomates cerises enti\u00e8res, du basilic frais, des carottes, oignons et c\u00e9leri. \u00c0 D\u00e9guster avec des p\u00e2tes fraiches ou comme base pour la pizza!","robots":{"index":"index","follow":"follow","max-snippet":"max-snippet:-1","max-image-preview":"max-image-preview:large","max-video-preview":"max-video-preview:-1"},"canonical":"https:\/\/www.sacla.ch\/fr\/produit-italien\/napoletana-tomates-cerises-et-basilic-350g\/","og_locale":"fr_FR","og_type":"article","og_title":"Napoletana - tomates cerises et basilic (350g) - F.lli Sacl\u00e0 S.p.A.","og_description":"Nous savons que la saveur d\u00e9pend de la qualit\u00e9 des ingr\u00e9dients, nous avons donc mari\u00e9 des tomates cerises enti\u00e8res, du basilic frais, des carottes, oignons et c\u00e9leri. \u00c0 D\u00e9guster avec des p\u00e2tes fraiches ou comme base pour la pizza!","og_url":"https:\/\/www.sacla.ch\/fr\/produit-italien\/napoletana-tomates-cerises-et-basilic-350g\/","og_site_name":"F.lli Sacl\u00e0 S.p.A.","article_modified_time":"2021-06-21T10:34:18+00:00","og_image":[{"width":588,"height":588,"url":"https:\/\/www.sacla.ch\/wp-content\/uploads\/2021\/04\/E0T31NF3UEA00.png","type":"image\/png"}],"twitter_card":"summary_large_image","schema":{"@context":"https:\/\/schema.org","@graph":[{"@type":["WebPage","ItemPage"],"@id":"https:\/\/www.sacla.ch\/fr\/produit-italien\/napoletana-tomates-cerises-et-basilic-350g\/","url":"https:\/\/www.sacla.ch\/fr\/produit-italien\/napoletana-tomates-cerises-et-basilic-350g\/","name":"Napoletana - tomates cerises et basilic (350g) - F.lli Sacl\u00e0 S.p.A.","isPartOf":{"@id":"https:\/\/www.sacla.ch\/fr\/#website"},"primaryImageOfPage":{"@id":"https:\/\/www.sacla.ch\/fr\/produit-italien\/napoletana-tomates-cerises-et-basilic-350g\/#primaryimage"},"image":{"@id":"https:\/\/www.sacla.ch\/fr\/produit-italien\/napoletana-tomates-cerises-et-basilic-350g\/#primaryimage"},"thumbnailUrl":"https:\/\/www.sacla.ch\/wp-content\/uploads\/2021\/04\/E0T31NF3UEA00.png","datePublished":"2021-04-13T21:00:49+00:00","dateModified":"2021-06-21T10:34:18+00:00","description":"Nous savons que la saveur d\u00e9pend de la qualit\u00e9 des ingr\u00e9dients, nous avons donc mari\u00e9 des tomates cerises enti\u00e8res, du basilic frais, des carottes, oignons et c\u00e9leri. \u00c0 D\u00e9guster avec des p\u00e2tes fraiches ou comme base pour la pizza!","breadcrumb":{"@id":"https:\/\/www.sacla.ch\/fr\/produit-italien\/napoletana-tomates-cerises-et-basilic-350g\/#breadcrumb"},"inLanguage":"fr-FR","potentialAction":[{"@type":"ReadAction","target":["https:\/\/www.sacla.ch\/fr\/produit-italien\/napoletana-tomates-cerises-et-basilic-350g\/"]}]},{"@type":"ImageObject","inLanguage":"fr-FR","@id":"https:\/\/www.sacla.ch\/fr\/produit-italien\/napoletana-tomates-cerises-et-basilic-350g\/#primaryimage","url":"https:\/\/www.sacla.ch\/wp-content\/uploads\/2021\/04\/E0T31NF3UEA00.png","contentUrl":"https:\/\/www.sacla.ch\/wp-content\/uploads\/2021\/04\/E0T31NF3UEA00.png","width":588,"height":588},{"@type":"BreadcrumbList","@id":"https:\/\/www.sacla.ch\/fr\/produit-italien\/napoletana-tomates-cerises-et-basilic-350g\/#breadcrumb","itemListElement":[{"@type":"ListItem","position":1,"name":"Home","item":"https:\/\/www.sacla.ch\/fr\/"},{"@type":"ListItem","position":2,"name":"Produits","item":"https:\/\/www.sacla.ch\/fr\/shop\/"},{"@type":"ListItem","position":3,"name":"Napoletana &#8211; tomates cerises et basilic (350g)"}]},{"@type":"WebSite","@id":"https:\/\/www.sacla.ch\/fr\/#website","url":"https:\/\/www.sacla.ch\/fr\/","name":"F.lli Sacl\u00e0 S.p.A.","description":"Italian Fine Food","publisher":{"@id":"https:\/\/www.sacla.ch\/fr\/#organization"},"potentialAction":[{"@type":"SearchAction","target":{"@type":"EntryPoint","urlTemplate":"https:\/\/www.sacla.ch\/fr\/?s={search_term_string}"},"query-input":{"@type":"PropertyValueSpecification","valueRequired":true,"valueName":"search_term_string"}}],"inLanguage":"fr-FR"},{"@type":"Organization","@id":"https:\/\/www.sacla.ch\/fr\/#organization","name":"F.lli Sacl\u00e0 S.p.A.","url":"https:\/\/www.sacla.ch\/fr\/","logo":{"@type":"ImageObject","inLanguage":"fr-FR","@id":"https:\/\/www.sacla.ch\/fr\/#\/schema\/logo\/image\/","url":"https:\/\/www.sacla.ch\/wp-content\/uploads\/2021\/03\/logo-sacla-300.png","contentUrl":"https:\/\/www.sacla.ch\/wp-content\/uploads\/2021\/03\/logo-sacla-300.png","width":300,"height":185,"caption":"F.lli Sacl\u00e0 S.p.A."},"image":{"@id":"https:\/\/www.sacla.ch\/fr\/#\/schema\/logo\/image\/"}}]}},"_links":{"self":[{"href":"https:\/\/www.sacla.ch\/fr\/wp-json\/wp\/v2\/product\/3695","targetHints":{"allow":["GET"]}}],"collection":[{"href":"https:\/\/www.sacla.ch\/fr\/wp-json\/wp\/v2\/product"}],"about":[{"href":"https:\/\/www.sacla.ch\/fr\/wp-json\/wp\/v2\/types\/product"}],"version-history":[{"count":1,"href":"https:\/\/www.sacla.ch\/fr\/wp-json\/wp\/v2\/product\/3695\/revisions"}],"predecessor-version":[{"id":3696,"href":"https:\/\/www.sacla.ch\/fr\/wp-json\/wp\/v2\/product\/3695\/revisions\/3696"}],"wp:featuredmedia":[{"embeddable":true,"href":"https:\/\/www.sacla.ch\/fr\/wp-json\/wp\/v2\/media\/3343"}],"wp:attachment":[{"href":"https:\/\/www.sacla.ch\/fr\/wp-json\/wp\/v2\/media?parent=3695"}],"wp:term":[{"taxonomy":"product_features","embeddable":true,"href":"https:\/\/www.sacla.ch\/fr\/wp-json\/wp\/v2\/product_features?post=3695"},{"taxonomy":"product_brand","embeddable":true,"href":"https:\/\/www.sacla.ch\/fr\/wp-json\/wp\/v2\/product_brand?post=3695"},{"taxonomy":"product_cat","embeddable":true,"href":"https:\/\/www.sacla.ch\/fr\/wp-json\/wp\/v2\/product_cat?post=3695"},{"taxonomy":"product_tag","embeddable":true,"href":"https:\/\/www.sacla.ch\/fr\/wp-json\/wp\/v2\/product_tag?post=3695"}],"curies":[{"name":"wp","href":"https:\/\/api.w.org\/{rel}","templated":true}]}}