{"id":3903,"date":"2021-06-09T20:00:45","date_gmt":"2021-06-09T18:00:45","guid":{"rendered":"https:\/\/www.sacla.ch\/italienisch-produkt\/bianchi-di-spagna-butterbohnen-in-salzlake-25kg\/"},"modified":"2021-06-23T15:11:32","modified_gmt":"2021-06-23T13:11:32","slug":"haricots-beurre-bianchi-di-spagna-en-saumure-25kg","status":"publish","type":"product","link":"https:\/\/www.sacla.ch\/fr\/produit-italien\/haricots-beurre-bianchi-di-spagna-en-saumure-25kg\/","title":{"rendered":"Haricots beurre \u00ab\u00a0Bianchi di Spagna\u00a0\u00bb en saumure (2,5kg)"},"content":{"rendered":"","protected":false},"excerpt":{"rendered":"<p class=\"p1\"><span class=\"s1\"> Source naturelle de prot\u00e9ines et de fibres, ces l\u00e9gumineuses sont pr\u00eates \u00e0 l&#8217;emploi et conviennent \u00e0 de nombreuses recettes. Ils peuvent \u00eatre utilis\u00e9s tels quels, chauff\u00e9s dans leur eau puis assaisonn\u00e9s ou utilis\u00e9s comme ingr\u00e9dient de base pour la pr\u00e9paration de vos soupes.<\/span><\/p>\n","protected":false},"featured_media":3901,"template":"","meta":{"_acf_changed":false,"inline_featured_image":false},"product_features":[124,126,128,130],"product_brand":[],"product_cat":[180],"product_tag":[],"class_list":{"0":"post-3903","1":"product","2":"type-product","3":"status-publish","4":"has-post-thumbnail","6":"product_features-gluten-free-fr","7":"product_features-no-preservatives-fr","8":"product_features-vegetarian-fr","9":"product_features-vegan-fr","10":"product_cat-foodservice","12":"first","13":"instock","14":"shipping-taxable","15":"product-type-simple"},"acf":[],"yoast_head":"<!-- This site is optimized with the Yoast SEO plugin v27.5 - https:\/\/yoast.com\/product\/yoast-seo-wordpress\/ -->\n<title>Haricots beurre &quot;Bianchi di Spagna&quot; en saumure (2,5kg) - F.lli Sacl\u00e0 S.p.A.<\/title>\n<meta name=\"description\" content=\"Source naturelle de prot\u00e9ines et de fibres, ces l\u00e9gumineuses sont pr\u00eates \u00e0 l&#039;emploi et conviennent \u00e0 de nombreuses recettes. Ils peuvent \u00eatre utilis\u00e9s tels quels, chauff\u00e9s dans leur eau puis assaisonn\u00e9s ou utilis\u00e9s comme ingr\u00e9dient de base pour la pr\u00e9paration de vos soupes.\" \/>\n<meta name=\"robots\" content=\"index, follow, max-snippet:-1, max-image-preview:large, max-video-preview:-1\" \/>\n<link rel=\"canonical\" href=\"https:\/\/www.sacla.ch\/fr\/produit-italien\/haricots-beurre-bianchi-di-spagna-en-saumure-25kg\/\" \/>\n<meta property=\"og:locale\" content=\"fr_FR\" \/>\n<meta property=\"og:type\" content=\"article\" \/>\n<meta property=\"og:title\" content=\"Haricots beurre &quot;Bianchi di Spagna&quot; en saumure (2,5kg) - F.lli Sacl\u00e0 S.p.A.\" \/>\n<meta property=\"og:description\" content=\"Source naturelle de prot\u00e9ines et de fibres, ces l\u00e9gumineuses sont pr\u00eates \u00e0 l&#039;emploi et conviennent \u00e0 de nombreuses recettes. Ils peuvent \u00eatre utilis\u00e9s tels quels, chauff\u00e9s dans leur eau puis assaisonn\u00e9s ou utilis\u00e9s comme ingr\u00e9dient de base pour la pr\u00e9paration de vos soupes.\" \/>\n<meta property=\"og:url\" content=\"https:\/\/www.sacla.ch\/fr\/produit-italien\/haricots-beurre-bianchi-di-spagna-en-saumure-25kg\/\" \/>\n<meta property=\"og:site_name\" content=\"F.lli Sacl\u00e0 S.p.A.\" \/>\n<meta property=\"article:modified_time\" content=\"2021-06-23T13:11:32+00:00\" \/>\n<meta property=\"og:image\" content=\"https:\/\/www.sacla.ch\/wp-content\/uploads\/2021\/06\/L74O600-006-Fagioli-bianchi-di-spagna.png\" \/>\n\t<meta property=\"og:image:width\" content=\"588\" \/>\n\t<meta property=\"og:image:height\" content=\"588\" \/>\n\t<meta property=\"og:image:type\" content=\"image\/png\" \/>\n<meta name=\"twitter:card\" content=\"summary_large_image\" \/>\n<script type=\"application\/ld+json\" class=\"yoast-schema-graph\">{\"@context\":\"https:\\\/\\\/schema.org\",\"@graph\":[{\"@type\":[\"WebPage\",\"ItemPage\"],\"@id\":\"https:\\\/\\\/www.sacla.ch\\\/fr\\\/produit-italien\\\/haricots-beurre-bianchi-di-spagna-en-saumure-25kg\\\/\",\"url\":\"https:\\\/\\\/www.sacla.ch\\\/fr\\\/produit-italien\\\/haricots-beurre-bianchi-di-spagna-en-saumure-25kg\\\/\",\"name\":\"Haricots beurre \\\"Bianchi di Spagna\\\" en saumure (2,5kg) - F.lli Sacl\u00e0 S.p.A.\",\"isPartOf\":{\"@id\":\"https:\\\/\\\/www.sacla.ch\\\/fr\\\/#website\"},\"primaryImageOfPage\":{\"@id\":\"https:\\\/\\\/www.sacla.ch\\\/fr\\\/produit-italien\\\/haricots-beurre-bianchi-di-spagna-en-saumure-25kg\\\/#primaryimage\"},\"image\":{\"@id\":\"https:\\\/\\\/www.sacla.ch\\\/fr\\\/produit-italien\\\/haricots-beurre-bianchi-di-spagna-en-saumure-25kg\\\/#primaryimage\"},\"thumbnailUrl\":\"https:\\\/\\\/www.sacla.ch\\\/wp-content\\\/uploads\\\/2021\\\/06\\\/L74O600-006-Fagioli-bianchi-di-spagna.png\",\"datePublished\":\"2021-06-09T18:00:45+00:00\",\"dateModified\":\"2021-06-23T13:11:32+00:00\",\"description\":\"Source naturelle de prot\u00e9ines et de fibres, ces l\u00e9gumineuses sont pr\u00eates \u00e0 l'emploi et conviennent \u00e0 de nombreuses recettes. Ils peuvent \u00eatre utilis\u00e9s tels quels, chauff\u00e9s dans leur eau puis assaisonn\u00e9s ou utilis\u00e9s comme ingr\u00e9dient de base pour la pr\u00e9paration de vos soupes.\",\"breadcrumb\":{\"@id\":\"https:\\\/\\\/www.sacla.ch\\\/fr\\\/produit-italien\\\/haricots-beurre-bianchi-di-spagna-en-saumure-25kg\\\/#breadcrumb\"},\"inLanguage\":\"fr-FR\",\"potentialAction\":[{\"@type\":\"ReadAction\",\"target\":[\"https:\\\/\\\/www.sacla.ch\\\/fr\\\/produit-italien\\\/haricots-beurre-bianchi-di-spagna-en-saumure-25kg\\\/\"]}]},{\"@type\":\"ImageObject\",\"inLanguage\":\"fr-FR\",\"@id\":\"https:\\\/\\\/www.sacla.ch\\\/fr\\\/produit-italien\\\/haricots-beurre-bianchi-di-spagna-en-saumure-25kg\\\/#primaryimage\",\"url\":\"https:\\\/\\\/www.sacla.ch\\\/wp-content\\\/uploads\\\/2021\\\/06\\\/L74O600-006-Fagioli-bianchi-di-spagna.png\",\"contentUrl\":\"https:\\\/\\\/www.sacla.ch\\\/wp-content\\\/uploads\\\/2021\\\/06\\\/L74O600-006-Fagioli-bianchi-di-spagna.png\",\"width\":588,\"height\":588},{\"@type\":\"BreadcrumbList\",\"@id\":\"https:\\\/\\\/www.sacla.ch\\\/fr\\\/produit-italien\\\/haricots-beurre-bianchi-di-spagna-en-saumure-25kg\\\/#breadcrumb\",\"itemListElement\":[{\"@type\":\"ListItem\",\"position\":1,\"name\":\"Home\",\"item\":\"https:\\\/\\\/www.sacla.ch\\\/fr\\\/\"},{\"@type\":\"ListItem\",\"position\":2,\"name\":\"Produits\",\"item\":\"https:\\\/\\\/www.sacla.ch\\\/fr\\\/shop\\\/\"},{\"@type\":\"ListItem\",\"position\":3,\"name\":\"Haricots beurre \u00ab\u00a0Bianchi di Spagna\u00a0\u00bb en saumure (2,5kg)\"}]},{\"@type\":\"WebSite\",\"@id\":\"https:\\\/\\\/www.sacla.ch\\\/fr\\\/#website\",\"url\":\"https:\\\/\\\/www.sacla.ch\\\/fr\\\/\",\"name\":\"F.lli Sacl\u00e0 S.p.A.\",\"description\":\"Italian Fine Food\",\"publisher\":{\"@id\":\"https:\\\/\\\/www.sacla.ch\\\/fr\\\/#organization\"},\"potentialAction\":[{\"@type\":\"SearchAction\",\"target\":{\"@type\":\"EntryPoint\",\"urlTemplate\":\"https:\\\/\\\/www.sacla.ch\\\/fr\\\/?s={search_term_string}\"},\"query-input\":{\"@type\":\"PropertyValueSpecification\",\"valueRequired\":true,\"valueName\":\"search_term_string\"}}],\"inLanguage\":\"fr-FR\"},{\"@type\":\"Organization\",\"@id\":\"https:\\\/\\\/www.sacla.ch\\\/fr\\\/#organization\",\"name\":\"F.lli Sacl\u00e0 S.p.A.\",\"url\":\"https:\\\/\\\/www.sacla.ch\\\/fr\\\/\",\"logo\":{\"@type\":\"ImageObject\",\"inLanguage\":\"fr-FR\",\"@id\":\"https:\\\/\\\/www.sacla.ch\\\/fr\\\/#\\\/schema\\\/logo\\\/image\\\/\",\"url\":\"https:\\\/\\\/www.sacla.ch\\\/wp-content\\\/uploads\\\/2021\\\/03\\\/logo-sacla-300.png\",\"contentUrl\":\"https:\\\/\\\/www.sacla.ch\\\/wp-content\\\/uploads\\\/2021\\\/03\\\/logo-sacla-300.png\",\"width\":300,\"height\":185,\"caption\":\"F.lli Sacl\u00e0 S.p.A.\"},\"image\":{\"@id\":\"https:\\\/\\\/www.sacla.ch\\\/fr\\\/#\\\/schema\\\/logo\\\/image\\\/\"}}]}<\/script>\n<!-- \/ Yoast SEO plugin. -->","yoast_head_json":{"title":"Haricots beurre \"Bianchi di Spagna\" en saumure (2,5kg) - F.lli Sacl\u00e0 S.p.A.","description":"Source naturelle de prot\u00e9ines et de fibres, ces l\u00e9gumineuses sont pr\u00eates \u00e0 l'emploi et conviennent \u00e0 de nombreuses recettes. Ils peuvent \u00eatre utilis\u00e9s tels quels, chauff\u00e9s dans leur eau puis assaisonn\u00e9s ou utilis\u00e9s comme ingr\u00e9dient de base pour la pr\u00e9paration de vos soupes.","robots":{"index":"index","follow":"follow","max-snippet":"max-snippet:-1","max-image-preview":"max-image-preview:large","max-video-preview":"max-video-preview:-1"},"canonical":"https:\/\/www.sacla.ch\/fr\/produit-italien\/haricots-beurre-bianchi-di-spagna-en-saumure-25kg\/","og_locale":"fr_FR","og_type":"article","og_title":"Haricots beurre \"Bianchi di Spagna\" en saumure (2,5kg) - F.lli Sacl\u00e0 S.p.A.","og_description":"Source naturelle de prot\u00e9ines et de fibres, ces l\u00e9gumineuses sont pr\u00eates \u00e0 l'emploi et conviennent \u00e0 de nombreuses recettes. Ils peuvent \u00eatre utilis\u00e9s tels quels, chauff\u00e9s dans leur eau puis assaisonn\u00e9s ou utilis\u00e9s comme ingr\u00e9dient de base pour la pr\u00e9paration de vos soupes.","og_url":"https:\/\/www.sacla.ch\/fr\/produit-italien\/haricots-beurre-bianchi-di-spagna-en-saumure-25kg\/","og_site_name":"F.lli Sacl\u00e0 S.p.A.","article_modified_time":"2021-06-23T13:11:32+00:00","og_image":[{"width":588,"height":588,"url":"https:\/\/www.sacla.ch\/wp-content\/uploads\/2021\/06\/L74O600-006-Fagioli-bianchi-di-spagna.png","type":"image\/png"}],"twitter_card":"summary_large_image","schema":{"@context":"https:\/\/schema.org","@graph":[{"@type":["WebPage","ItemPage"],"@id":"https:\/\/www.sacla.ch\/fr\/produit-italien\/haricots-beurre-bianchi-di-spagna-en-saumure-25kg\/","url":"https:\/\/www.sacla.ch\/fr\/produit-italien\/haricots-beurre-bianchi-di-spagna-en-saumure-25kg\/","name":"Haricots beurre \"Bianchi di Spagna\" en saumure (2,5kg) - F.lli Sacl\u00e0 S.p.A.","isPartOf":{"@id":"https:\/\/www.sacla.ch\/fr\/#website"},"primaryImageOfPage":{"@id":"https:\/\/www.sacla.ch\/fr\/produit-italien\/haricots-beurre-bianchi-di-spagna-en-saumure-25kg\/#primaryimage"},"image":{"@id":"https:\/\/www.sacla.ch\/fr\/produit-italien\/haricots-beurre-bianchi-di-spagna-en-saumure-25kg\/#primaryimage"},"thumbnailUrl":"https:\/\/www.sacla.ch\/wp-content\/uploads\/2021\/06\/L74O600-006-Fagioli-bianchi-di-spagna.png","datePublished":"2021-06-09T18:00:45+00:00","dateModified":"2021-06-23T13:11:32+00:00","description":"Source naturelle de prot\u00e9ines et de fibres, ces l\u00e9gumineuses sont pr\u00eates \u00e0 l'emploi et conviennent \u00e0 de nombreuses recettes. Ils peuvent \u00eatre utilis\u00e9s tels quels, chauff\u00e9s dans leur eau puis assaisonn\u00e9s ou utilis\u00e9s comme ingr\u00e9dient de base pour la pr\u00e9paration de vos soupes.","breadcrumb":{"@id":"https:\/\/www.sacla.ch\/fr\/produit-italien\/haricots-beurre-bianchi-di-spagna-en-saumure-25kg\/#breadcrumb"},"inLanguage":"fr-FR","potentialAction":[{"@type":"ReadAction","target":["https:\/\/www.sacla.ch\/fr\/produit-italien\/haricots-beurre-bianchi-di-spagna-en-saumure-25kg\/"]}]},{"@type":"ImageObject","inLanguage":"fr-FR","@id":"https:\/\/www.sacla.ch\/fr\/produit-italien\/haricots-beurre-bianchi-di-spagna-en-saumure-25kg\/#primaryimage","url":"https:\/\/www.sacla.ch\/wp-content\/uploads\/2021\/06\/L74O600-006-Fagioli-bianchi-di-spagna.png","contentUrl":"https:\/\/www.sacla.ch\/wp-content\/uploads\/2021\/06\/L74O600-006-Fagioli-bianchi-di-spagna.png","width":588,"height":588},{"@type":"BreadcrumbList","@id":"https:\/\/www.sacla.ch\/fr\/produit-italien\/haricots-beurre-bianchi-di-spagna-en-saumure-25kg\/#breadcrumb","itemListElement":[{"@type":"ListItem","position":1,"name":"Home","item":"https:\/\/www.sacla.ch\/fr\/"},{"@type":"ListItem","position":2,"name":"Produits","item":"https:\/\/www.sacla.ch\/fr\/shop\/"},{"@type":"ListItem","position":3,"name":"Haricots beurre \u00ab\u00a0Bianchi di Spagna\u00a0\u00bb en saumure (2,5kg)"}]},{"@type":"WebSite","@id":"https:\/\/www.sacla.ch\/fr\/#website","url":"https:\/\/www.sacla.ch\/fr\/","name":"F.lli Sacl\u00e0 S.p.A.","description":"Italian Fine Food","publisher":{"@id":"https:\/\/www.sacla.ch\/fr\/#organization"},"potentialAction":[{"@type":"SearchAction","target":{"@type":"EntryPoint","urlTemplate":"https:\/\/www.sacla.ch\/fr\/?s={search_term_string}"},"query-input":{"@type":"PropertyValueSpecification","valueRequired":true,"valueName":"search_term_string"}}],"inLanguage":"fr-FR"},{"@type":"Organization","@id":"https:\/\/www.sacla.ch\/fr\/#organization","name":"F.lli Sacl\u00e0 S.p.A.","url":"https:\/\/www.sacla.ch\/fr\/","logo":{"@type":"ImageObject","inLanguage":"fr-FR","@id":"https:\/\/www.sacla.ch\/fr\/#\/schema\/logo\/image\/","url":"https:\/\/www.sacla.ch\/wp-content\/uploads\/2021\/03\/logo-sacla-300.png","contentUrl":"https:\/\/www.sacla.ch\/wp-content\/uploads\/2021\/03\/logo-sacla-300.png","width":300,"height":185,"caption":"F.lli Sacl\u00e0 S.p.A."},"image":{"@id":"https:\/\/www.sacla.ch\/fr\/#\/schema\/logo\/image\/"}}]}},"_links":{"self":[{"href":"https:\/\/www.sacla.ch\/fr\/wp-json\/wp\/v2\/product\/3903","targetHints":{"allow":["GET"]}}],"collection":[{"href":"https:\/\/www.sacla.ch\/fr\/wp-json\/wp\/v2\/product"}],"about":[{"href":"https:\/\/www.sacla.ch\/fr\/wp-json\/wp\/v2\/types\/product"}],"version-history":[{"count":2,"href":"https:\/\/www.sacla.ch\/fr\/wp-json\/wp\/v2\/product\/3903\/revisions"}],"predecessor-version":[{"id":3905,"href":"https:\/\/www.sacla.ch\/fr\/wp-json\/wp\/v2\/product\/3903\/revisions\/3905"}],"wp:featuredmedia":[{"embeddable":true,"href":"https:\/\/www.sacla.ch\/fr\/wp-json\/wp\/v2\/media\/3901"}],"wp:attachment":[{"href":"https:\/\/www.sacla.ch\/fr\/wp-json\/wp\/v2\/media?parent=3903"}],"wp:term":[{"taxonomy":"product_features","embeddable":true,"href":"https:\/\/www.sacla.ch\/fr\/wp-json\/wp\/v2\/product_features?post=3903"},{"taxonomy":"product_brand","embeddable":true,"href":"https:\/\/www.sacla.ch\/fr\/wp-json\/wp\/v2\/product_brand?post=3903"},{"taxonomy":"product_cat","embeddable":true,"href":"https:\/\/www.sacla.ch\/fr\/wp-json\/wp\/v2\/product_cat?post=3903"},{"taxonomy":"product_tag","embeddable":true,"href":"https:\/\/www.sacla.ch\/fr\/wp-json\/wp\/v2\/product_tag?post=3903"}],"curies":[{"name":"wp","href":"https:\/\/api.w.org\/{rel}","templated":true}]}}