{"id":3914,"date":"2021-06-11T22:00:51","date_gmt":"2021-06-11T20:00:51","guid":{"rendered":"https:\/\/www.sacla.ch\/italienisch-produkt\/entkernte-schwarze-oliven-in-salzlake-75g\/"},"modified":"2021-06-23T15:47:48","modified_gmt":"2021-06-23T13:47:48","slug":"olives-noires-denoyautees-en-saumure-75g","status":"publish","type":"product","link":"https:\/\/www.sacla.ch\/fr\/produit-italien\/olives-noires-denoyautees-en-saumure-75g\/","title":{"rendered":"Olives noires d\u00e9noyaut\u00e9es en saumure (75g)"},"content":{"rendered":"","protected":false},"excerpt":{"rendered":"<p class=\"p1\">Les olives noires \u00ab Morate \u00bb d&rsquo;origine espagnole, sont r\u00e9colt\u00e9es \u00e0 maturit\u00e9 et trait\u00e9es selon un proc\u00e9d\u00e9 qui leur donne cette couleur sombre caract\u00e9ristique. Les olives sont pr\u00e9alablement d\u00e9noyaut\u00e9es et pr\u00eates \u00e0 l&#8217;emploi. D\u00e9couvrez le format doypack: coupez le paquet le long des pointill\u00e9s et servez!<\/p>\n","protected":false},"featured_media":3913,"template":"","meta":{"_acf_changed":false,"inline_featured_image":false},"product_features":[124,126,128,130],"product_brand":[],"product_cat":[181],"product_tag":[],"class_list":{"0":"post-3914","1":"product","2":"type-product","3":"status-publish","4":"has-post-thumbnail","6":"product_features-gluten-free-fr","7":"product_features-no-preservatives-fr","8":"product_features-vegetarian-fr","9":"product_features-vegan-fr","10":"product_cat-olives","12":"first","13":"instock","14":"shipping-taxable","15":"product-type-simple"},"acf":[],"yoast_head":"<!-- This site is optimized with the Yoast SEO plugin v27.6 - https:\/\/yoast.com\/product\/yoast-seo-wordpress\/ -->\n<title>Olives noires d\u00e9noyaut\u00e9es en saumure (75g) - F.lli Sacl\u00e0 S.p.A.<\/title>\n<meta name=\"description\" content=\"Les olives noires \u00ab Morate \u00bb d&#039;origine espagnole, sont r\u00e9colt\u00e9es \u00e0 maturit\u00e9 et trait\u00e9es selon un proc\u00e9d\u00e9 qui leur donne cette couleur sombre caract\u00e9ristique. Les olives sont pr\u00e9alablement d\u00e9noyaut\u00e9es et pr\u00eates \u00e0 l&#039;emploi. D\u00e9couvrez le format doypack: coupez le paquet le long des pointill\u00e9s et servez!\" \/>\n<meta name=\"robots\" content=\"index, follow, max-snippet:-1, max-image-preview:large, max-video-preview:-1\" \/>\n<link rel=\"canonical\" href=\"https:\/\/www.sacla.ch\/fr\/produit-italien\/olives-noires-denoyautees-en-saumure-75g\/\" \/>\n<meta property=\"og:locale\" content=\"fr_FR\" \/>\n<meta property=\"og:type\" content=\"article\" \/>\n<meta property=\"og:title\" content=\"Olives noires d\u00e9noyaut\u00e9es en saumure (75g) - F.lli Sacl\u00e0 S.p.A.\" \/>\n<meta property=\"og:description\" content=\"Les olives noires \u00ab Morate \u00bb d&#039;origine espagnole, sont r\u00e9colt\u00e9es \u00e0 maturit\u00e9 et trait\u00e9es selon un proc\u00e9d\u00e9 qui leur donne cette couleur sombre caract\u00e9ristique. Les olives sont pr\u00e9alablement d\u00e9noyaut\u00e9es et pr\u00eates \u00e0 l&#039;emploi. D\u00e9couvrez le format doypack: coupez le paquet le long des pointill\u00e9s et servez!\" \/>\n<meta property=\"og:url\" content=\"https:\/\/www.sacla.ch\/fr\/produit-italien\/olives-noires-denoyautees-en-saumure-75g\/\" \/>\n<meta property=\"og:site_name\" content=\"F.lli Sacl\u00e0 S.p.A.\" \/>\n<meta property=\"article:modified_time\" content=\"2021-06-23T13:47:48+00:00\" \/>\n<meta property=\"og:image\" content=\"https:\/\/www.sacla.ch\/wp-content\/uploads\/2021\/06\/L0D10EV000-024-Olive-nere-snocciolate-senza-liquido.png\" \/>\n\t<meta property=\"og:image:width\" content=\"588\" \/>\n\t<meta property=\"og:image:height\" content=\"588\" \/>\n\t<meta property=\"og:image:type\" content=\"image\/png\" \/>\n<meta name=\"twitter:card\" content=\"summary_large_image\" \/>\n<script type=\"application\/ld+json\" class=\"yoast-schema-graph\">{\"@context\":\"https:\\\/\\\/schema.org\",\"@graph\":[{\"@type\":[\"WebPage\",\"ItemPage\"],\"@id\":\"https:\\\/\\\/www.sacla.ch\\\/fr\\\/produit-italien\\\/olives-noires-denoyautees-en-saumure-75g\\\/\",\"url\":\"https:\\\/\\\/www.sacla.ch\\\/fr\\\/produit-italien\\\/olives-noires-denoyautees-en-saumure-75g\\\/\",\"name\":\"Olives noires d\u00e9noyaut\u00e9es en saumure (75g) - F.lli Sacl\u00e0 S.p.A.\",\"isPartOf\":{\"@id\":\"https:\\\/\\\/www.sacla.ch\\\/fr\\\/#website\"},\"primaryImageOfPage\":{\"@id\":\"https:\\\/\\\/www.sacla.ch\\\/fr\\\/produit-italien\\\/olives-noires-denoyautees-en-saumure-75g\\\/#primaryimage\"},\"image\":{\"@id\":\"https:\\\/\\\/www.sacla.ch\\\/fr\\\/produit-italien\\\/olives-noires-denoyautees-en-saumure-75g\\\/#primaryimage\"},\"thumbnailUrl\":\"https:\\\/\\\/www.sacla.ch\\\/wp-content\\\/uploads\\\/2021\\\/06\\\/L0D10EV000-024-Olive-nere-snocciolate-senza-liquido.png\",\"datePublished\":\"2021-06-11T20:00:51+00:00\",\"dateModified\":\"2021-06-23T13:47:48+00:00\",\"description\":\"Les olives noires \u00ab Morate \u00bb d'origine espagnole, sont r\u00e9colt\u00e9es \u00e0 maturit\u00e9 et trait\u00e9es selon un proc\u00e9d\u00e9 qui leur donne cette couleur sombre caract\u00e9ristique. Les olives sont pr\u00e9alablement d\u00e9noyaut\u00e9es et pr\u00eates \u00e0 l'emploi. D\u00e9couvrez le format doypack: coupez le paquet le long des pointill\u00e9s et servez!\",\"breadcrumb\":{\"@id\":\"https:\\\/\\\/www.sacla.ch\\\/fr\\\/produit-italien\\\/olives-noires-denoyautees-en-saumure-75g\\\/#breadcrumb\"},\"inLanguage\":\"fr-FR\",\"potentialAction\":[{\"@type\":\"ReadAction\",\"target\":[\"https:\\\/\\\/www.sacla.ch\\\/fr\\\/produit-italien\\\/olives-noires-denoyautees-en-saumure-75g\\\/\"]}]},{\"@type\":\"ImageObject\",\"inLanguage\":\"fr-FR\",\"@id\":\"https:\\\/\\\/www.sacla.ch\\\/fr\\\/produit-italien\\\/olives-noires-denoyautees-en-saumure-75g\\\/#primaryimage\",\"url\":\"https:\\\/\\\/www.sacla.ch\\\/wp-content\\\/uploads\\\/2021\\\/06\\\/L0D10EV000-024-Olive-nere-snocciolate-senza-liquido.png\",\"contentUrl\":\"https:\\\/\\\/www.sacla.ch\\\/wp-content\\\/uploads\\\/2021\\\/06\\\/L0D10EV000-024-Olive-nere-snocciolate-senza-liquido.png\",\"width\":588,\"height\":588},{\"@type\":\"BreadcrumbList\",\"@id\":\"https:\\\/\\\/www.sacla.ch\\\/fr\\\/produit-italien\\\/olives-noires-denoyautees-en-saumure-75g\\\/#breadcrumb\",\"itemListElement\":[{\"@type\":\"ListItem\",\"position\":1,\"name\":\"Home\",\"item\":\"https:\\\/\\\/www.sacla.ch\\\/fr\\\/\"},{\"@type\":\"ListItem\",\"position\":2,\"name\":\"Produits\",\"item\":\"https:\\\/\\\/www.sacla.ch\\\/fr\\\/shop\\\/\"},{\"@type\":\"ListItem\",\"position\":3,\"name\":\"Olives noires d\u00e9noyaut\u00e9es en saumure (75g)\"}]},{\"@type\":\"WebSite\",\"@id\":\"https:\\\/\\\/www.sacla.ch\\\/fr\\\/#website\",\"url\":\"https:\\\/\\\/www.sacla.ch\\\/fr\\\/\",\"name\":\"F.lli Sacl\u00e0 S.p.A.\",\"description\":\"Italian Fine Food\",\"publisher\":{\"@id\":\"https:\\\/\\\/www.sacla.ch\\\/fr\\\/#organization\"},\"potentialAction\":[{\"@type\":\"SearchAction\",\"target\":{\"@type\":\"EntryPoint\",\"urlTemplate\":\"https:\\\/\\\/www.sacla.ch\\\/fr\\\/?s={search_term_string}\"},\"query-input\":{\"@type\":\"PropertyValueSpecification\",\"valueRequired\":true,\"valueName\":\"search_term_string\"}}],\"inLanguage\":\"fr-FR\"},{\"@type\":\"Organization\",\"@id\":\"https:\\\/\\\/www.sacla.ch\\\/fr\\\/#organization\",\"name\":\"F.lli Sacl\u00e0 S.p.A.\",\"url\":\"https:\\\/\\\/www.sacla.ch\\\/fr\\\/\",\"logo\":{\"@type\":\"ImageObject\",\"inLanguage\":\"fr-FR\",\"@id\":\"https:\\\/\\\/www.sacla.ch\\\/fr\\\/#\\\/schema\\\/logo\\\/image\\\/\",\"url\":\"https:\\\/\\\/www.sacla.ch\\\/wp-content\\\/uploads\\\/2021\\\/03\\\/logo-sacla-300.png\",\"contentUrl\":\"https:\\\/\\\/www.sacla.ch\\\/wp-content\\\/uploads\\\/2021\\\/03\\\/logo-sacla-300.png\",\"width\":300,\"height\":185,\"caption\":\"F.lli Sacl\u00e0 S.p.A.\"},\"image\":{\"@id\":\"https:\\\/\\\/www.sacla.ch\\\/fr\\\/#\\\/schema\\\/logo\\\/image\\\/\"}}]}<\/script>\n<!-- \/ Yoast SEO plugin. -->","yoast_head_json":{"title":"Olives noires d\u00e9noyaut\u00e9es en saumure (75g) - F.lli Sacl\u00e0 S.p.A.","description":"Les olives noires \u00ab Morate \u00bb d'origine espagnole, sont r\u00e9colt\u00e9es \u00e0 maturit\u00e9 et trait\u00e9es selon un proc\u00e9d\u00e9 qui leur donne cette couleur sombre caract\u00e9ristique. Les olives sont pr\u00e9alablement d\u00e9noyaut\u00e9es et pr\u00eates \u00e0 l'emploi. D\u00e9couvrez le format doypack: coupez le paquet le long des pointill\u00e9s et servez!","robots":{"index":"index","follow":"follow","max-snippet":"max-snippet:-1","max-image-preview":"max-image-preview:large","max-video-preview":"max-video-preview:-1"},"canonical":"https:\/\/www.sacla.ch\/fr\/produit-italien\/olives-noires-denoyautees-en-saumure-75g\/","og_locale":"fr_FR","og_type":"article","og_title":"Olives noires d\u00e9noyaut\u00e9es en saumure (75g) - F.lli Sacl\u00e0 S.p.A.","og_description":"Les olives noires \u00ab Morate \u00bb d'origine espagnole, sont r\u00e9colt\u00e9es \u00e0 maturit\u00e9 et trait\u00e9es selon un proc\u00e9d\u00e9 qui leur donne cette couleur sombre caract\u00e9ristique. Les olives sont pr\u00e9alablement d\u00e9noyaut\u00e9es et pr\u00eates \u00e0 l'emploi. D\u00e9couvrez le format doypack: coupez le paquet le long des pointill\u00e9s et servez!","og_url":"https:\/\/www.sacla.ch\/fr\/produit-italien\/olives-noires-denoyautees-en-saumure-75g\/","og_site_name":"F.lli Sacl\u00e0 S.p.A.","article_modified_time":"2021-06-23T13:47:48+00:00","og_image":[{"width":588,"height":588,"url":"https:\/\/www.sacla.ch\/wp-content\/uploads\/2021\/06\/L0D10EV000-024-Olive-nere-snocciolate-senza-liquido.png","type":"image\/png"}],"twitter_card":"summary_large_image","schema":{"@context":"https:\/\/schema.org","@graph":[{"@type":["WebPage","ItemPage"],"@id":"https:\/\/www.sacla.ch\/fr\/produit-italien\/olives-noires-denoyautees-en-saumure-75g\/","url":"https:\/\/www.sacla.ch\/fr\/produit-italien\/olives-noires-denoyautees-en-saumure-75g\/","name":"Olives noires d\u00e9noyaut\u00e9es en saumure (75g) - F.lli Sacl\u00e0 S.p.A.","isPartOf":{"@id":"https:\/\/www.sacla.ch\/fr\/#website"},"primaryImageOfPage":{"@id":"https:\/\/www.sacla.ch\/fr\/produit-italien\/olives-noires-denoyautees-en-saumure-75g\/#primaryimage"},"image":{"@id":"https:\/\/www.sacla.ch\/fr\/produit-italien\/olives-noires-denoyautees-en-saumure-75g\/#primaryimage"},"thumbnailUrl":"https:\/\/www.sacla.ch\/wp-content\/uploads\/2021\/06\/L0D10EV000-024-Olive-nere-snocciolate-senza-liquido.png","datePublished":"2021-06-11T20:00:51+00:00","dateModified":"2021-06-23T13:47:48+00:00","description":"Les olives noires \u00ab Morate \u00bb d'origine espagnole, sont r\u00e9colt\u00e9es \u00e0 maturit\u00e9 et trait\u00e9es selon un proc\u00e9d\u00e9 qui leur donne cette couleur sombre caract\u00e9ristique. Les olives sont pr\u00e9alablement d\u00e9noyaut\u00e9es et pr\u00eates \u00e0 l'emploi. D\u00e9couvrez le format doypack: coupez le paquet le long des pointill\u00e9s et servez!","breadcrumb":{"@id":"https:\/\/www.sacla.ch\/fr\/produit-italien\/olives-noires-denoyautees-en-saumure-75g\/#breadcrumb"},"inLanguage":"fr-FR","potentialAction":[{"@type":"ReadAction","target":["https:\/\/www.sacla.ch\/fr\/produit-italien\/olives-noires-denoyautees-en-saumure-75g\/"]}]},{"@type":"ImageObject","inLanguage":"fr-FR","@id":"https:\/\/www.sacla.ch\/fr\/produit-italien\/olives-noires-denoyautees-en-saumure-75g\/#primaryimage","url":"https:\/\/www.sacla.ch\/wp-content\/uploads\/2021\/06\/L0D10EV000-024-Olive-nere-snocciolate-senza-liquido.png","contentUrl":"https:\/\/www.sacla.ch\/wp-content\/uploads\/2021\/06\/L0D10EV000-024-Olive-nere-snocciolate-senza-liquido.png","width":588,"height":588},{"@type":"BreadcrumbList","@id":"https:\/\/www.sacla.ch\/fr\/produit-italien\/olives-noires-denoyautees-en-saumure-75g\/#breadcrumb","itemListElement":[{"@type":"ListItem","position":1,"name":"Home","item":"https:\/\/www.sacla.ch\/fr\/"},{"@type":"ListItem","position":2,"name":"Produits","item":"https:\/\/www.sacla.ch\/fr\/shop\/"},{"@type":"ListItem","position":3,"name":"Olives noires d\u00e9noyaut\u00e9es en saumure (75g)"}]},{"@type":"WebSite","@id":"https:\/\/www.sacla.ch\/fr\/#website","url":"https:\/\/www.sacla.ch\/fr\/","name":"F.lli Sacl\u00e0 S.p.A.","description":"Italian Fine Food","publisher":{"@id":"https:\/\/www.sacla.ch\/fr\/#organization"},"potentialAction":[{"@type":"SearchAction","target":{"@type":"EntryPoint","urlTemplate":"https:\/\/www.sacla.ch\/fr\/?s={search_term_string}"},"query-input":{"@type":"PropertyValueSpecification","valueRequired":true,"valueName":"search_term_string"}}],"inLanguage":"fr-FR"},{"@type":"Organization","@id":"https:\/\/www.sacla.ch\/fr\/#organization","name":"F.lli Sacl\u00e0 S.p.A.","url":"https:\/\/www.sacla.ch\/fr\/","logo":{"@type":"ImageObject","inLanguage":"fr-FR","@id":"https:\/\/www.sacla.ch\/fr\/#\/schema\/logo\/image\/","url":"https:\/\/www.sacla.ch\/wp-content\/uploads\/2021\/03\/logo-sacla-300.png","contentUrl":"https:\/\/www.sacla.ch\/wp-content\/uploads\/2021\/03\/logo-sacla-300.png","width":300,"height":185,"caption":"F.lli Sacl\u00e0 S.p.A."},"image":{"@id":"https:\/\/www.sacla.ch\/fr\/#\/schema\/logo\/image\/"}}]}},"_links":{"self":[{"href":"https:\/\/www.sacla.ch\/fr\/wp-json\/wp\/v2\/product\/3914","targetHints":{"allow":["GET"]}}],"collection":[{"href":"https:\/\/www.sacla.ch\/fr\/wp-json\/wp\/v2\/product"}],"about":[{"href":"https:\/\/www.sacla.ch\/fr\/wp-json\/wp\/v2\/types\/product"}],"version-history":[{"count":2,"href":"https:\/\/www.sacla.ch\/fr\/wp-json\/wp\/v2\/product\/3914\/revisions"}],"predecessor-version":[{"id":3916,"href":"https:\/\/www.sacla.ch\/fr\/wp-json\/wp\/v2\/product\/3914\/revisions\/3916"}],"wp:featuredmedia":[{"embeddable":true,"href":"https:\/\/www.sacla.ch\/fr\/wp-json\/wp\/v2\/media\/3913"}],"wp:attachment":[{"href":"https:\/\/www.sacla.ch\/fr\/wp-json\/wp\/v2\/media?parent=3914"}],"wp:term":[{"taxonomy":"product_features","embeddable":true,"href":"https:\/\/www.sacla.ch\/fr\/wp-json\/wp\/v2\/product_features?post=3914"},{"taxonomy":"product_brand","embeddable":true,"href":"https:\/\/www.sacla.ch\/fr\/wp-json\/wp\/v2\/product_brand?post=3914"},{"taxonomy":"product_cat","embeddable":true,"href":"https:\/\/www.sacla.ch\/fr\/wp-json\/wp\/v2\/product_cat?post=3914"},{"taxonomy":"product_tag","embeddable":true,"href":"https:\/\/www.sacla.ch\/fr\/wp-json\/wp\/v2\/product_tag?post=3914"}],"curies":[{"name":"wp","href":"https:\/\/api.w.org\/{rel}","templated":true}]}}