{"id":3919,"date":"2021-06-11T21:00:08","date_gmt":"2021-06-11T19:00:08","guid":{"rendered":"https:\/\/www.sacla.ch\/italienisch-produkt\/entkernte-gruene-oliven-in-salzlake-185g\/"},"modified":"2021-06-23T15:54:01","modified_gmt":"2021-06-23T13:54:01","slug":"olives-vertes-denoyautees-en-saumure-185g","status":"publish","type":"product","link":"https:\/\/www.sacla.ch\/fr\/produit-italien\/olives-vertes-denoyautees-en-saumure-185g\/","title":{"rendered":"Olives vertes d\u00e9noyaut\u00e9es en saumure (185g)"},"content":{"rendered":"","protected":false},"excerpt":{"rendered":"<p class=\"p1\">Les olives vertes sont r\u00e9colt\u00e9es \u00e0 l&rsquo;automne et mises au repos dans de la saumure. Nous avons \u00e0 c\u0153ur de prendre en charge toutes les \u00e9tapes de sa fabrication, passant par la r\u00e9colte, la s\u00e9lection, au conditionnement pour nous permettre de garantir au consommateur un produit de qualit\u00e9. Ces olives vertes d\u00e9noyaut\u00e9es conservent toutes leurs saveurs. Id\u00e9ales pour accompagner vos ap\u00e9ritifs et ajouter de la saveur \u00e0 vos plats.<\/p>\n","protected":false},"featured_media":3918,"template":"","meta":{"_acf_changed":false,"inline_featured_image":false},"product_features":[124,126,128,130],"product_brand":[],"product_cat":[181],"product_tag":[],"class_list":{"0":"post-3919","1":"product","2":"type-product","3":"status-publish","4":"has-post-thumbnail","6":"product_features-gluten-free-fr","7":"product_features-no-preservatives-fr","8":"product_features-vegetarian-fr","9":"product_features-vegan-fr","10":"product_cat-olives","12":"first","13":"instock","14":"shipping-taxable","15":"product-type-simple"},"acf":[],"yoast_head":"<!-- This site is optimized with the Yoast SEO plugin v27.6 - https:\/\/yoast.com\/product\/yoast-seo-wordpress\/ -->\n<title>Olives vertes d\u00e9noyaut\u00e9es en saumure (185g) - F.lli Sacl\u00e0 S.p.A.<\/title>\n<meta name=\"description\" content=\"Les olives vertes sont r\u00e9colt\u00e9es \u00e0 l&#039;automne et mises au repos dans de la saumure. Nous avons \u00e0 c\u0153ur de prendre en charge toutes les \u00e9tapes de sa fabrication, passant par la r\u00e9colte, la s\u00e9lection, au conditionnement pour nous permettre de garantir au consommateur un produit de qualit\u00e9. Ces olives vertes d\u00e9noyaut\u00e9es conservent toutes leurs saveurs. Id\u00e9ales pour accompagner vos ap\u00e9ritifs et ajouter de la saveur \u00e0 vos plats.\" \/>\n<meta name=\"robots\" content=\"index, follow, max-snippet:-1, max-image-preview:large, max-video-preview:-1\" \/>\n<link rel=\"canonical\" href=\"https:\/\/www.sacla.ch\/fr\/produit-italien\/olives-vertes-denoyautees-en-saumure-185g\/\" \/>\n<meta property=\"og:locale\" content=\"fr_FR\" \/>\n<meta property=\"og:type\" content=\"article\" \/>\n<meta property=\"og:title\" content=\"Olives vertes d\u00e9noyaut\u00e9es en saumure (185g) - F.lli Sacl\u00e0 S.p.A.\" \/>\n<meta property=\"og:description\" content=\"Les olives vertes sont r\u00e9colt\u00e9es \u00e0 l&#039;automne et mises au repos dans de la saumure. Nous avons \u00e0 c\u0153ur de prendre en charge toutes les \u00e9tapes de sa fabrication, passant par la r\u00e9colte, la s\u00e9lection, au conditionnement pour nous permettre de garantir au consommateur un produit de qualit\u00e9. Ces olives vertes d\u00e9noyaut\u00e9es conservent toutes leurs saveurs. Id\u00e9ales pour accompagner vos ap\u00e9ritifs et ajouter de la saveur \u00e0 vos plats.\" \/>\n<meta property=\"og:url\" content=\"https:\/\/www.sacla.ch\/fr\/produit-italien\/olives-vertes-denoyautees-en-saumure-185g\/\" \/>\n<meta property=\"og:site_name\" content=\"F.lli Sacl\u00e0 S.p.A.\" \/>\n<meta property=\"article:modified_time\" content=\"2021-06-23T13:54:01+00:00\" \/>\n<meta property=\"og:image\" content=\"https:\/\/www.sacla.ch\/wp-content\/uploads\/2021\/06\/L0D1002000-024-Olive-verdi-snocciolate.png\" \/>\n\t<meta property=\"og:image:width\" content=\"588\" \/>\n\t<meta property=\"og:image:height\" content=\"588\" \/>\n\t<meta property=\"og:image:type\" content=\"image\/png\" \/>\n<meta name=\"twitter:card\" content=\"summary_large_image\" \/>\n<script type=\"application\/ld+json\" class=\"yoast-schema-graph\">{\"@context\":\"https:\\\/\\\/schema.org\",\"@graph\":[{\"@type\":[\"WebPage\",\"ItemPage\"],\"@id\":\"https:\\\/\\\/www.sacla.ch\\\/fr\\\/produit-italien\\\/olives-vertes-denoyautees-en-saumure-185g\\\/\",\"url\":\"https:\\\/\\\/www.sacla.ch\\\/fr\\\/produit-italien\\\/olives-vertes-denoyautees-en-saumure-185g\\\/\",\"name\":\"Olives vertes d\u00e9noyaut\u00e9es en saumure (185g) - F.lli Sacl\u00e0 S.p.A.\",\"isPartOf\":{\"@id\":\"https:\\\/\\\/www.sacla.ch\\\/fr\\\/#website\"},\"primaryImageOfPage\":{\"@id\":\"https:\\\/\\\/www.sacla.ch\\\/fr\\\/produit-italien\\\/olives-vertes-denoyautees-en-saumure-185g\\\/#primaryimage\"},\"image\":{\"@id\":\"https:\\\/\\\/www.sacla.ch\\\/fr\\\/produit-italien\\\/olives-vertes-denoyautees-en-saumure-185g\\\/#primaryimage\"},\"thumbnailUrl\":\"https:\\\/\\\/www.sacla.ch\\\/wp-content\\\/uploads\\\/2021\\\/06\\\/L0D1002000-024-Olive-verdi-snocciolate.png\",\"datePublished\":\"2021-06-11T19:00:08+00:00\",\"dateModified\":\"2021-06-23T13:54:01+00:00\",\"description\":\"Les olives vertes sont r\u00e9colt\u00e9es \u00e0 l'automne et mises au repos dans de la saumure. Nous avons \u00e0 c\u0153ur de prendre en charge toutes les \u00e9tapes de sa fabrication, passant par la r\u00e9colte, la s\u00e9lection, au conditionnement pour nous permettre de garantir au consommateur un produit de qualit\u00e9. Ces olives vertes d\u00e9noyaut\u00e9es conservent toutes leurs saveurs. Id\u00e9ales pour accompagner vos ap\u00e9ritifs et ajouter de la saveur \u00e0 vos plats.\",\"breadcrumb\":{\"@id\":\"https:\\\/\\\/www.sacla.ch\\\/fr\\\/produit-italien\\\/olives-vertes-denoyautees-en-saumure-185g\\\/#breadcrumb\"},\"inLanguage\":\"fr-FR\",\"potentialAction\":[{\"@type\":\"ReadAction\",\"target\":[\"https:\\\/\\\/www.sacla.ch\\\/fr\\\/produit-italien\\\/olives-vertes-denoyautees-en-saumure-185g\\\/\"]}]},{\"@type\":\"ImageObject\",\"inLanguage\":\"fr-FR\",\"@id\":\"https:\\\/\\\/www.sacla.ch\\\/fr\\\/produit-italien\\\/olives-vertes-denoyautees-en-saumure-185g\\\/#primaryimage\",\"url\":\"https:\\\/\\\/www.sacla.ch\\\/wp-content\\\/uploads\\\/2021\\\/06\\\/L0D1002000-024-Olive-verdi-snocciolate.png\",\"contentUrl\":\"https:\\\/\\\/www.sacla.ch\\\/wp-content\\\/uploads\\\/2021\\\/06\\\/L0D1002000-024-Olive-verdi-snocciolate.png\",\"width\":588,\"height\":588},{\"@type\":\"BreadcrumbList\",\"@id\":\"https:\\\/\\\/www.sacla.ch\\\/fr\\\/produit-italien\\\/olives-vertes-denoyautees-en-saumure-185g\\\/#breadcrumb\",\"itemListElement\":[{\"@type\":\"ListItem\",\"position\":1,\"name\":\"Home\",\"item\":\"https:\\\/\\\/www.sacla.ch\\\/fr\\\/\"},{\"@type\":\"ListItem\",\"position\":2,\"name\":\"Produits\",\"item\":\"https:\\\/\\\/www.sacla.ch\\\/fr\\\/shop\\\/\"},{\"@type\":\"ListItem\",\"position\":3,\"name\":\"Olives vertes d\u00e9noyaut\u00e9es en saumure (185g)\"}]},{\"@type\":\"WebSite\",\"@id\":\"https:\\\/\\\/www.sacla.ch\\\/fr\\\/#website\",\"url\":\"https:\\\/\\\/www.sacla.ch\\\/fr\\\/\",\"name\":\"F.lli Sacl\u00e0 S.p.A.\",\"description\":\"Italian Fine Food\",\"publisher\":{\"@id\":\"https:\\\/\\\/www.sacla.ch\\\/fr\\\/#organization\"},\"potentialAction\":[{\"@type\":\"SearchAction\",\"target\":{\"@type\":\"EntryPoint\",\"urlTemplate\":\"https:\\\/\\\/www.sacla.ch\\\/fr\\\/?s={search_term_string}\"},\"query-input\":{\"@type\":\"PropertyValueSpecification\",\"valueRequired\":true,\"valueName\":\"search_term_string\"}}],\"inLanguage\":\"fr-FR\"},{\"@type\":\"Organization\",\"@id\":\"https:\\\/\\\/www.sacla.ch\\\/fr\\\/#organization\",\"name\":\"F.lli Sacl\u00e0 S.p.A.\",\"url\":\"https:\\\/\\\/www.sacla.ch\\\/fr\\\/\",\"logo\":{\"@type\":\"ImageObject\",\"inLanguage\":\"fr-FR\",\"@id\":\"https:\\\/\\\/www.sacla.ch\\\/fr\\\/#\\\/schema\\\/logo\\\/image\\\/\",\"url\":\"https:\\\/\\\/www.sacla.ch\\\/wp-content\\\/uploads\\\/2021\\\/03\\\/logo-sacla-300.png\",\"contentUrl\":\"https:\\\/\\\/www.sacla.ch\\\/wp-content\\\/uploads\\\/2021\\\/03\\\/logo-sacla-300.png\",\"width\":300,\"height\":185,\"caption\":\"F.lli Sacl\u00e0 S.p.A.\"},\"image\":{\"@id\":\"https:\\\/\\\/www.sacla.ch\\\/fr\\\/#\\\/schema\\\/logo\\\/image\\\/\"}}]}<\/script>\n<!-- \/ Yoast SEO plugin. -->","yoast_head_json":{"title":"Olives vertes d\u00e9noyaut\u00e9es en saumure (185g) - F.lli Sacl\u00e0 S.p.A.","description":"Les olives vertes sont r\u00e9colt\u00e9es \u00e0 l'automne et mises au repos dans de la saumure. Nous avons \u00e0 c\u0153ur de prendre en charge toutes les \u00e9tapes de sa fabrication, passant par la r\u00e9colte, la s\u00e9lection, au conditionnement pour nous permettre de garantir au consommateur un produit de qualit\u00e9. Ces olives vertes d\u00e9noyaut\u00e9es conservent toutes leurs saveurs. Id\u00e9ales pour accompagner vos ap\u00e9ritifs et ajouter de la saveur \u00e0 vos plats.","robots":{"index":"index","follow":"follow","max-snippet":"max-snippet:-1","max-image-preview":"max-image-preview:large","max-video-preview":"max-video-preview:-1"},"canonical":"https:\/\/www.sacla.ch\/fr\/produit-italien\/olives-vertes-denoyautees-en-saumure-185g\/","og_locale":"fr_FR","og_type":"article","og_title":"Olives vertes d\u00e9noyaut\u00e9es en saumure (185g) - F.lli Sacl\u00e0 S.p.A.","og_description":"Les olives vertes sont r\u00e9colt\u00e9es \u00e0 l'automne et mises au repos dans de la saumure. Nous avons \u00e0 c\u0153ur de prendre en charge toutes les \u00e9tapes de sa fabrication, passant par la r\u00e9colte, la s\u00e9lection, au conditionnement pour nous permettre de garantir au consommateur un produit de qualit\u00e9. Ces olives vertes d\u00e9noyaut\u00e9es conservent toutes leurs saveurs. Id\u00e9ales pour accompagner vos ap\u00e9ritifs et ajouter de la saveur \u00e0 vos plats.","og_url":"https:\/\/www.sacla.ch\/fr\/produit-italien\/olives-vertes-denoyautees-en-saumure-185g\/","og_site_name":"F.lli Sacl\u00e0 S.p.A.","article_modified_time":"2021-06-23T13:54:01+00:00","og_image":[{"width":588,"height":588,"url":"https:\/\/www.sacla.ch\/wp-content\/uploads\/2021\/06\/L0D1002000-024-Olive-verdi-snocciolate.png","type":"image\/png"}],"twitter_card":"summary_large_image","schema":{"@context":"https:\/\/schema.org","@graph":[{"@type":["WebPage","ItemPage"],"@id":"https:\/\/www.sacla.ch\/fr\/produit-italien\/olives-vertes-denoyautees-en-saumure-185g\/","url":"https:\/\/www.sacla.ch\/fr\/produit-italien\/olives-vertes-denoyautees-en-saumure-185g\/","name":"Olives vertes d\u00e9noyaut\u00e9es en saumure (185g) - F.lli Sacl\u00e0 S.p.A.","isPartOf":{"@id":"https:\/\/www.sacla.ch\/fr\/#website"},"primaryImageOfPage":{"@id":"https:\/\/www.sacla.ch\/fr\/produit-italien\/olives-vertes-denoyautees-en-saumure-185g\/#primaryimage"},"image":{"@id":"https:\/\/www.sacla.ch\/fr\/produit-italien\/olives-vertes-denoyautees-en-saumure-185g\/#primaryimage"},"thumbnailUrl":"https:\/\/www.sacla.ch\/wp-content\/uploads\/2021\/06\/L0D1002000-024-Olive-verdi-snocciolate.png","datePublished":"2021-06-11T19:00:08+00:00","dateModified":"2021-06-23T13:54:01+00:00","description":"Les olives vertes sont r\u00e9colt\u00e9es \u00e0 l'automne et mises au repos dans de la saumure. Nous avons \u00e0 c\u0153ur de prendre en charge toutes les \u00e9tapes de sa fabrication, passant par la r\u00e9colte, la s\u00e9lection, au conditionnement pour nous permettre de garantir au consommateur un produit de qualit\u00e9. Ces olives vertes d\u00e9noyaut\u00e9es conservent toutes leurs saveurs. Id\u00e9ales pour accompagner vos ap\u00e9ritifs et ajouter de la saveur \u00e0 vos plats.","breadcrumb":{"@id":"https:\/\/www.sacla.ch\/fr\/produit-italien\/olives-vertes-denoyautees-en-saumure-185g\/#breadcrumb"},"inLanguage":"fr-FR","potentialAction":[{"@type":"ReadAction","target":["https:\/\/www.sacla.ch\/fr\/produit-italien\/olives-vertes-denoyautees-en-saumure-185g\/"]}]},{"@type":"ImageObject","inLanguage":"fr-FR","@id":"https:\/\/www.sacla.ch\/fr\/produit-italien\/olives-vertes-denoyautees-en-saumure-185g\/#primaryimage","url":"https:\/\/www.sacla.ch\/wp-content\/uploads\/2021\/06\/L0D1002000-024-Olive-verdi-snocciolate.png","contentUrl":"https:\/\/www.sacla.ch\/wp-content\/uploads\/2021\/06\/L0D1002000-024-Olive-verdi-snocciolate.png","width":588,"height":588},{"@type":"BreadcrumbList","@id":"https:\/\/www.sacla.ch\/fr\/produit-italien\/olives-vertes-denoyautees-en-saumure-185g\/#breadcrumb","itemListElement":[{"@type":"ListItem","position":1,"name":"Home","item":"https:\/\/www.sacla.ch\/fr\/"},{"@type":"ListItem","position":2,"name":"Produits","item":"https:\/\/www.sacla.ch\/fr\/shop\/"},{"@type":"ListItem","position":3,"name":"Olives vertes d\u00e9noyaut\u00e9es en saumure (185g)"}]},{"@type":"WebSite","@id":"https:\/\/www.sacla.ch\/fr\/#website","url":"https:\/\/www.sacla.ch\/fr\/","name":"F.lli Sacl\u00e0 S.p.A.","description":"Italian Fine Food","publisher":{"@id":"https:\/\/www.sacla.ch\/fr\/#organization"},"potentialAction":[{"@type":"SearchAction","target":{"@type":"EntryPoint","urlTemplate":"https:\/\/www.sacla.ch\/fr\/?s={search_term_string}"},"query-input":{"@type":"PropertyValueSpecification","valueRequired":true,"valueName":"search_term_string"}}],"inLanguage":"fr-FR"},{"@type":"Organization","@id":"https:\/\/www.sacla.ch\/fr\/#organization","name":"F.lli Sacl\u00e0 S.p.A.","url":"https:\/\/www.sacla.ch\/fr\/","logo":{"@type":"ImageObject","inLanguage":"fr-FR","@id":"https:\/\/www.sacla.ch\/fr\/#\/schema\/logo\/image\/","url":"https:\/\/www.sacla.ch\/wp-content\/uploads\/2021\/03\/logo-sacla-300.png","contentUrl":"https:\/\/www.sacla.ch\/wp-content\/uploads\/2021\/03\/logo-sacla-300.png","width":300,"height":185,"caption":"F.lli Sacl\u00e0 S.p.A."},"image":{"@id":"https:\/\/www.sacla.ch\/fr\/#\/schema\/logo\/image\/"}}]}},"_links":{"self":[{"href":"https:\/\/www.sacla.ch\/fr\/wp-json\/wp\/v2\/product\/3919","targetHints":{"allow":["GET"]}}],"collection":[{"href":"https:\/\/www.sacla.ch\/fr\/wp-json\/wp\/v2\/product"}],"about":[{"href":"https:\/\/www.sacla.ch\/fr\/wp-json\/wp\/v2\/types\/product"}],"version-history":[{"count":2,"href":"https:\/\/www.sacla.ch\/fr\/wp-json\/wp\/v2\/product\/3919\/revisions"}],"predecessor-version":[{"id":3921,"href":"https:\/\/www.sacla.ch\/fr\/wp-json\/wp\/v2\/product\/3919\/revisions\/3921"}],"wp:featuredmedia":[{"embeddable":true,"href":"https:\/\/www.sacla.ch\/fr\/wp-json\/wp\/v2\/media\/3918"}],"wp:attachment":[{"href":"https:\/\/www.sacla.ch\/fr\/wp-json\/wp\/v2\/media?parent=3919"}],"wp:term":[{"taxonomy":"product_features","embeddable":true,"href":"https:\/\/www.sacla.ch\/fr\/wp-json\/wp\/v2\/product_features?post=3919"},{"taxonomy":"product_brand","embeddable":true,"href":"https:\/\/www.sacla.ch\/fr\/wp-json\/wp\/v2\/product_brand?post=3919"},{"taxonomy":"product_cat","embeddable":true,"href":"https:\/\/www.sacla.ch\/fr\/wp-json\/wp\/v2\/product_cat?post=3919"},{"taxonomy":"product_tag","embeddable":true,"href":"https:\/\/www.sacla.ch\/fr\/wp-json\/wp\/v2\/product_tag?post=3919"}],"curies":[{"name":"wp","href":"https:\/\/api.w.org\/{rel}","templated":true}]}}