{"id":3929,"date":"2021-06-11T19:00:14","date_gmt":"2021-06-11T17:00:14","guid":{"rendered":"https:\/\/www.sacla.ch\/italienisch-produkt\/schwarze-oliven-in-scheiben-in-salzlake-41kg\/"},"modified":"2021-06-23T16:05:31","modified_gmt":"2021-06-23T14:05:31","slug":"olives-noires-tranchees-en-saumure-41kg","status":"publish","type":"product","link":"https:\/\/www.sacla.ch\/fr\/produit-italien\/olives-noires-tranchees-en-saumure-41kg\/","title":{"rendered":"Olives noires tranch\u00e9es en saumure (4,1kg)"},"content":{"rendered":"","protected":false},"excerpt":{"rendered":"<p class=\"p1\"><span class=\"s1\">Ces olives sont r\u00e9colt\u00e9es lorsqu&rsquo;elles sont arriv\u00e9es \u00e0 maturit\u00e9. Elles sont ensuite trait\u00e9es selon un proc\u00e9d\u00e9 qui conserve leur couleur fonc\u00e9e caract\u00e9ristique. Pr\u00eates \u00e0 l&#8217;emploi et pr\u00e9alablement d\u00e9coup\u00e9es. Elles sont parfaites pour venir ajouter de la saveur \u00e0 vos entr\u00e9es ou pour accompagner de la viande, du poisson, mais aussi en garniture sur une focaccia et une pizza.<\/span><\/p>\n","protected":false},"featured_media":3928,"template":"","meta":{"_acf_changed":false,"inline_featured_image":false},"product_features":[124,126,128,130],"product_brand":[],"product_cat":[181],"product_tag":[],"class_list":{"0":"post-3929","1":"product","2":"type-product","3":"status-publish","4":"has-post-thumbnail","6":"product_features-gluten-free-fr","7":"product_features-no-preservatives-fr","8":"product_features-vegetarian-fr","9":"product_features-vegan-fr","10":"product_cat-olives","12":"first","13":"instock","14":"shipping-taxable","15":"product-type-simple"},"acf":[],"yoast_head":"<!-- This site is optimized with the Yoast SEO plugin v27.5 - https:\/\/yoast.com\/product\/yoast-seo-wordpress\/ -->\n<title>Olives noires tranch\u00e9es en saumure (4,1kg) - F.lli Sacl\u00e0 S.p.A.<\/title>\n<meta name=\"description\" content=\"Ces olives sont r\u00e9colt\u00e9es lorsqu&#039;elles sont arriv\u00e9es \u00e0 maturit\u00e9. Elles sont ensuite trait\u00e9es selon un proc\u00e9d\u00e9 qui conserve leur couleur fonc\u00e9e caract\u00e9ristique. Pr\u00eates \u00e0 l&#039;emploi et pr\u00e9alablement d\u00e9coup\u00e9es. Elles sont parfaites pour venir ajouter de la saveur \u00e0 vos entr\u00e9es ou pour accompagner de la viande, du poisson, mais aussi en garniture sur une focaccia et une pizza.\" \/>\n<meta name=\"robots\" content=\"index, follow, max-snippet:-1, max-image-preview:large, max-video-preview:-1\" \/>\n<link rel=\"canonical\" href=\"https:\/\/www.sacla.ch\/fr\/produit-italien\/olives-noires-tranchees-en-saumure-41kg\/\" \/>\n<meta property=\"og:locale\" content=\"fr_FR\" \/>\n<meta property=\"og:type\" content=\"article\" \/>\n<meta property=\"og:title\" content=\"Olives noires tranch\u00e9es en saumure (4,1kg) - F.lli Sacl\u00e0 S.p.A.\" \/>\n<meta property=\"og:description\" content=\"Ces olives sont r\u00e9colt\u00e9es lorsqu&#039;elles sont arriv\u00e9es \u00e0 maturit\u00e9. Elles sont ensuite trait\u00e9es selon un proc\u00e9d\u00e9 qui conserve leur couleur fonc\u00e9e caract\u00e9ristique. Pr\u00eates \u00e0 l&#039;emploi et pr\u00e9alablement d\u00e9coup\u00e9es. Elles sont parfaites pour venir ajouter de la saveur \u00e0 vos entr\u00e9es ou pour accompagner de la viande, du poisson, mais aussi en garniture sur une focaccia et une pizza.\" \/>\n<meta property=\"og:url\" content=\"https:\/\/www.sacla.ch\/fr\/produit-italien\/olives-noires-tranchees-en-saumure-41kg\/\" \/>\n<meta property=\"og:site_name\" content=\"F.lli Sacl\u00e0 S.p.A.\" \/>\n<meta property=\"article:modified_time\" content=\"2021-06-23T14:05:31+00:00\" \/>\n<meta property=\"og:image\" content=\"https:\/\/www.sacla.ch\/wp-content\/uploads\/2021\/06\/L738Q00-003-Olive-nere-a-rondelle.png\" \/>\n\t<meta property=\"og:image:width\" content=\"588\" \/>\n\t<meta property=\"og:image:height\" content=\"588\" \/>\n\t<meta property=\"og:image:type\" content=\"image\/png\" \/>\n<meta name=\"twitter:card\" content=\"summary_large_image\" \/>\n<script type=\"application\/ld+json\" class=\"yoast-schema-graph\">{\"@context\":\"https:\\\/\\\/schema.org\",\"@graph\":[{\"@type\":[\"WebPage\",\"ItemPage\"],\"@id\":\"https:\\\/\\\/www.sacla.ch\\\/fr\\\/produit-italien\\\/olives-noires-tranchees-en-saumure-41kg\\\/\",\"url\":\"https:\\\/\\\/www.sacla.ch\\\/fr\\\/produit-italien\\\/olives-noires-tranchees-en-saumure-41kg\\\/\",\"name\":\"Olives noires tranch\u00e9es en saumure (4,1kg) - F.lli Sacl\u00e0 S.p.A.\",\"isPartOf\":{\"@id\":\"https:\\\/\\\/www.sacla.ch\\\/fr\\\/#website\"},\"primaryImageOfPage\":{\"@id\":\"https:\\\/\\\/www.sacla.ch\\\/fr\\\/produit-italien\\\/olives-noires-tranchees-en-saumure-41kg\\\/#primaryimage\"},\"image\":{\"@id\":\"https:\\\/\\\/www.sacla.ch\\\/fr\\\/produit-italien\\\/olives-noires-tranchees-en-saumure-41kg\\\/#primaryimage\"},\"thumbnailUrl\":\"https:\\\/\\\/www.sacla.ch\\\/wp-content\\\/uploads\\\/2021\\\/06\\\/L738Q00-003-Olive-nere-a-rondelle.png\",\"datePublished\":\"2021-06-11T17:00:14+00:00\",\"dateModified\":\"2021-06-23T14:05:31+00:00\",\"description\":\"Ces olives sont r\u00e9colt\u00e9es lorsqu'elles sont arriv\u00e9es \u00e0 maturit\u00e9. Elles sont ensuite trait\u00e9es selon un proc\u00e9d\u00e9 qui conserve leur couleur fonc\u00e9e caract\u00e9ristique. Pr\u00eates \u00e0 l'emploi et pr\u00e9alablement d\u00e9coup\u00e9es. Elles sont parfaites pour venir ajouter de la saveur \u00e0 vos entr\u00e9es ou pour accompagner de la viande, du poisson, mais aussi en garniture sur une focaccia et une pizza.\",\"breadcrumb\":{\"@id\":\"https:\\\/\\\/www.sacla.ch\\\/fr\\\/produit-italien\\\/olives-noires-tranchees-en-saumure-41kg\\\/#breadcrumb\"},\"inLanguage\":\"fr-FR\",\"potentialAction\":[{\"@type\":\"ReadAction\",\"target\":[\"https:\\\/\\\/www.sacla.ch\\\/fr\\\/produit-italien\\\/olives-noires-tranchees-en-saumure-41kg\\\/\"]}]},{\"@type\":\"ImageObject\",\"inLanguage\":\"fr-FR\",\"@id\":\"https:\\\/\\\/www.sacla.ch\\\/fr\\\/produit-italien\\\/olives-noires-tranchees-en-saumure-41kg\\\/#primaryimage\",\"url\":\"https:\\\/\\\/www.sacla.ch\\\/wp-content\\\/uploads\\\/2021\\\/06\\\/L738Q00-003-Olive-nere-a-rondelle.png\",\"contentUrl\":\"https:\\\/\\\/www.sacla.ch\\\/wp-content\\\/uploads\\\/2021\\\/06\\\/L738Q00-003-Olive-nere-a-rondelle.png\",\"width\":588,\"height\":588},{\"@type\":\"BreadcrumbList\",\"@id\":\"https:\\\/\\\/www.sacla.ch\\\/fr\\\/produit-italien\\\/olives-noires-tranchees-en-saumure-41kg\\\/#breadcrumb\",\"itemListElement\":[{\"@type\":\"ListItem\",\"position\":1,\"name\":\"Home\",\"item\":\"https:\\\/\\\/www.sacla.ch\\\/fr\\\/\"},{\"@type\":\"ListItem\",\"position\":2,\"name\":\"Produits\",\"item\":\"https:\\\/\\\/www.sacla.ch\\\/fr\\\/shop\\\/\"},{\"@type\":\"ListItem\",\"position\":3,\"name\":\"Olives noires tranch\u00e9es en saumure (4,1kg)\"}]},{\"@type\":\"WebSite\",\"@id\":\"https:\\\/\\\/www.sacla.ch\\\/fr\\\/#website\",\"url\":\"https:\\\/\\\/www.sacla.ch\\\/fr\\\/\",\"name\":\"F.lli Sacl\u00e0 S.p.A.\",\"description\":\"Italian Fine Food\",\"publisher\":{\"@id\":\"https:\\\/\\\/www.sacla.ch\\\/fr\\\/#organization\"},\"potentialAction\":[{\"@type\":\"SearchAction\",\"target\":{\"@type\":\"EntryPoint\",\"urlTemplate\":\"https:\\\/\\\/www.sacla.ch\\\/fr\\\/?s={search_term_string}\"},\"query-input\":{\"@type\":\"PropertyValueSpecification\",\"valueRequired\":true,\"valueName\":\"search_term_string\"}}],\"inLanguage\":\"fr-FR\"},{\"@type\":\"Organization\",\"@id\":\"https:\\\/\\\/www.sacla.ch\\\/fr\\\/#organization\",\"name\":\"F.lli Sacl\u00e0 S.p.A.\",\"url\":\"https:\\\/\\\/www.sacla.ch\\\/fr\\\/\",\"logo\":{\"@type\":\"ImageObject\",\"inLanguage\":\"fr-FR\",\"@id\":\"https:\\\/\\\/www.sacla.ch\\\/fr\\\/#\\\/schema\\\/logo\\\/image\\\/\",\"url\":\"https:\\\/\\\/www.sacla.ch\\\/wp-content\\\/uploads\\\/2021\\\/03\\\/logo-sacla-300.png\",\"contentUrl\":\"https:\\\/\\\/www.sacla.ch\\\/wp-content\\\/uploads\\\/2021\\\/03\\\/logo-sacla-300.png\",\"width\":300,\"height\":185,\"caption\":\"F.lli Sacl\u00e0 S.p.A.\"},\"image\":{\"@id\":\"https:\\\/\\\/www.sacla.ch\\\/fr\\\/#\\\/schema\\\/logo\\\/image\\\/\"}}]}<\/script>\n<!-- \/ Yoast SEO plugin. -->","yoast_head_json":{"title":"Olives noires tranch\u00e9es en saumure (4,1kg) - F.lli Sacl\u00e0 S.p.A.","description":"Ces olives sont r\u00e9colt\u00e9es lorsqu'elles sont arriv\u00e9es \u00e0 maturit\u00e9. Elles sont ensuite trait\u00e9es selon un proc\u00e9d\u00e9 qui conserve leur couleur fonc\u00e9e caract\u00e9ristique. Pr\u00eates \u00e0 l'emploi et pr\u00e9alablement d\u00e9coup\u00e9es. Elles sont parfaites pour venir ajouter de la saveur \u00e0 vos entr\u00e9es ou pour accompagner de la viande, du poisson, mais aussi en garniture sur une focaccia et une pizza.","robots":{"index":"index","follow":"follow","max-snippet":"max-snippet:-1","max-image-preview":"max-image-preview:large","max-video-preview":"max-video-preview:-1"},"canonical":"https:\/\/www.sacla.ch\/fr\/produit-italien\/olives-noires-tranchees-en-saumure-41kg\/","og_locale":"fr_FR","og_type":"article","og_title":"Olives noires tranch\u00e9es en saumure (4,1kg) - F.lli Sacl\u00e0 S.p.A.","og_description":"Ces olives sont r\u00e9colt\u00e9es lorsqu'elles sont arriv\u00e9es \u00e0 maturit\u00e9. Elles sont ensuite trait\u00e9es selon un proc\u00e9d\u00e9 qui conserve leur couleur fonc\u00e9e caract\u00e9ristique. Pr\u00eates \u00e0 l'emploi et pr\u00e9alablement d\u00e9coup\u00e9es. Elles sont parfaites pour venir ajouter de la saveur \u00e0 vos entr\u00e9es ou pour accompagner de la viande, du poisson, mais aussi en garniture sur une focaccia et une pizza.","og_url":"https:\/\/www.sacla.ch\/fr\/produit-italien\/olives-noires-tranchees-en-saumure-41kg\/","og_site_name":"F.lli Sacl\u00e0 S.p.A.","article_modified_time":"2021-06-23T14:05:31+00:00","og_image":[{"width":588,"height":588,"url":"https:\/\/www.sacla.ch\/wp-content\/uploads\/2021\/06\/L738Q00-003-Olive-nere-a-rondelle.png","type":"image\/png"}],"twitter_card":"summary_large_image","schema":{"@context":"https:\/\/schema.org","@graph":[{"@type":["WebPage","ItemPage"],"@id":"https:\/\/www.sacla.ch\/fr\/produit-italien\/olives-noires-tranchees-en-saumure-41kg\/","url":"https:\/\/www.sacla.ch\/fr\/produit-italien\/olives-noires-tranchees-en-saumure-41kg\/","name":"Olives noires tranch\u00e9es en saumure (4,1kg) - F.lli Sacl\u00e0 S.p.A.","isPartOf":{"@id":"https:\/\/www.sacla.ch\/fr\/#website"},"primaryImageOfPage":{"@id":"https:\/\/www.sacla.ch\/fr\/produit-italien\/olives-noires-tranchees-en-saumure-41kg\/#primaryimage"},"image":{"@id":"https:\/\/www.sacla.ch\/fr\/produit-italien\/olives-noires-tranchees-en-saumure-41kg\/#primaryimage"},"thumbnailUrl":"https:\/\/www.sacla.ch\/wp-content\/uploads\/2021\/06\/L738Q00-003-Olive-nere-a-rondelle.png","datePublished":"2021-06-11T17:00:14+00:00","dateModified":"2021-06-23T14:05:31+00:00","description":"Ces olives sont r\u00e9colt\u00e9es lorsqu'elles sont arriv\u00e9es \u00e0 maturit\u00e9. Elles sont ensuite trait\u00e9es selon un proc\u00e9d\u00e9 qui conserve leur couleur fonc\u00e9e caract\u00e9ristique. Pr\u00eates \u00e0 l'emploi et pr\u00e9alablement d\u00e9coup\u00e9es. Elles sont parfaites pour venir ajouter de la saveur \u00e0 vos entr\u00e9es ou pour accompagner de la viande, du poisson, mais aussi en garniture sur une focaccia et une pizza.","breadcrumb":{"@id":"https:\/\/www.sacla.ch\/fr\/produit-italien\/olives-noires-tranchees-en-saumure-41kg\/#breadcrumb"},"inLanguage":"fr-FR","potentialAction":[{"@type":"ReadAction","target":["https:\/\/www.sacla.ch\/fr\/produit-italien\/olives-noires-tranchees-en-saumure-41kg\/"]}]},{"@type":"ImageObject","inLanguage":"fr-FR","@id":"https:\/\/www.sacla.ch\/fr\/produit-italien\/olives-noires-tranchees-en-saumure-41kg\/#primaryimage","url":"https:\/\/www.sacla.ch\/wp-content\/uploads\/2021\/06\/L738Q00-003-Olive-nere-a-rondelle.png","contentUrl":"https:\/\/www.sacla.ch\/wp-content\/uploads\/2021\/06\/L738Q00-003-Olive-nere-a-rondelle.png","width":588,"height":588},{"@type":"BreadcrumbList","@id":"https:\/\/www.sacla.ch\/fr\/produit-italien\/olives-noires-tranchees-en-saumure-41kg\/#breadcrumb","itemListElement":[{"@type":"ListItem","position":1,"name":"Home","item":"https:\/\/www.sacla.ch\/fr\/"},{"@type":"ListItem","position":2,"name":"Produits","item":"https:\/\/www.sacla.ch\/fr\/shop\/"},{"@type":"ListItem","position":3,"name":"Olives noires tranch\u00e9es en saumure (4,1kg)"}]},{"@type":"WebSite","@id":"https:\/\/www.sacla.ch\/fr\/#website","url":"https:\/\/www.sacla.ch\/fr\/","name":"F.lli Sacl\u00e0 S.p.A.","description":"Italian Fine Food","publisher":{"@id":"https:\/\/www.sacla.ch\/fr\/#organization"},"potentialAction":[{"@type":"SearchAction","target":{"@type":"EntryPoint","urlTemplate":"https:\/\/www.sacla.ch\/fr\/?s={search_term_string}"},"query-input":{"@type":"PropertyValueSpecification","valueRequired":true,"valueName":"search_term_string"}}],"inLanguage":"fr-FR"},{"@type":"Organization","@id":"https:\/\/www.sacla.ch\/fr\/#organization","name":"F.lli Sacl\u00e0 S.p.A.","url":"https:\/\/www.sacla.ch\/fr\/","logo":{"@type":"ImageObject","inLanguage":"fr-FR","@id":"https:\/\/www.sacla.ch\/fr\/#\/schema\/logo\/image\/","url":"https:\/\/www.sacla.ch\/wp-content\/uploads\/2021\/03\/logo-sacla-300.png","contentUrl":"https:\/\/www.sacla.ch\/wp-content\/uploads\/2021\/03\/logo-sacla-300.png","width":300,"height":185,"caption":"F.lli Sacl\u00e0 S.p.A."},"image":{"@id":"https:\/\/www.sacla.ch\/fr\/#\/schema\/logo\/image\/"}}]}},"_links":{"self":[{"href":"https:\/\/www.sacla.ch\/fr\/wp-json\/wp\/v2\/product\/3929","targetHints":{"allow":["GET"]}}],"collection":[{"href":"https:\/\/www.sacla.ch\/fr\/wp-json\/wp\/v2\/product"}],"about":[{"href":"https:\/\/www.sacla.ch\/fr\/wp-json\/wp\/v2\/types\/product"}],"version-history":[{"count":2,"href":"https:\/\/www.sacla.ch\/fr\/wp-json\/wp\/v2\/product\/3929\/revisions"}],"predecessor-version":[{"id":3931,"href":"https:\/\/www.sacla.ch\/fr\/wp-json\/wp\/v2\/product\/3929\/revisions\/3931"}],"wp:featuredmedia":[{"embeddable":true,"href":"https:\/\/www.sacla.ch\/fr\/wp-json\/wp\/v2\/media\/3928"}],"wp:attachment":[{"href":"https:\/\/www.sacla.ch\/fr\/wp-json\/wp\/v2\/media?parent=3929"}],"wp:term":[{"taxonomy":"product_features","embeddable":true,"href":"https:\/\/www.sacla.ch\/fr\/wp-json\/wp\/v2\/product_features?post=3929"},{"taxonomy":"product_brand","embeddable":true,"href":"https:\/\/www.sacla.ch\/fr\/wp-json\/wp\/v2\/product_brand?post=3929"},{"taxonomy":"product_cat","embeddable":true,"href":"https:\/\/www.sacla.ch\/fr\/wp-json\/wp\/v2\/product_cat?post=3929"},{"taxonomy":"product_tag","embeddable":true,"href":"https:\/\/www.sacla.ch\/fr\/wp-json\/wp\/v2\/product_tag?post=3929"}],"curies":[{"name":"wp","href":"https:\/\/api.w.org\/{rel}","templated":true}]}}