{"id":3933,"date":"2021-04-13T22:00:11","date_gmt":"2021-06-23T14:13:12","guid":{"rendered":"https:\/\/www.sacla.ch\/?post_type=product&#038;p=3933"},"modified":"2021-06-23T16:35:19","modified_gmt":"2021-06-23T14:35:19","slug":"pesto-au-basilic-a-lhuile-dolive-traiteur","status":"publish","type":"product","link":"https:\/\/www.sacla.ch\/fr\/produit-italien\/pesto-au-basilic-a-lhuile-dolive-traiteur\/","title":{"rendered":"Pesto au basilic \u00e0 l&rsquo;huile d&rsquo;olive (traiteur)"},"content":{"rendered":"","protected":false},"excerpt":{"rendered":"<p class=\"p1\">Pour lib\u00e9rer les saveurs authentiques de notre Pesto nous pilons des feuilles de basilic fra\u00eechement cueillies avec du fromage, extra, des noix de cajou et des pignons, d&rsquo;huile d\u2019olive vierge : voici une recette \u00e0 forte valeur ajout\u00e9e. Avec le pesto au basilic Sacl\u00e0, vous pouvez cr\u00e9er une infinit\u00e9 de plats authentiques et accompagnements italiens &#8211; de la pizza au pain \u00e0 l&rsquo;ail en passant par les nouilles aux crevettes ou des tagliatelles de poulet.<\/p>\n","protected":false},"featured_media":3935,"template":"","meta":{"_acf_changed":false,"inline_featured_image":false},"product_features":[124,126],"product_brand":[],"product_cat":[161],"product_tag":[],"class_list":{"0":"post-3933","1":"product","2":"type-product","3":"status-publish","4":"has-post-thumbnail","6":"product_features-gluten-free-fr","7":"product_features-no-preservatives-fr","8":"product_cat-pesti-fr","10":"first","11":"instock","12":"shipping-taxable","13":"product-type-simple"},"acf":[],"yoast_head":"<!-- This site is optimized with the Yoast SEO plugin v27.6 - https:\/\/yoast.com\/product\/yoast-seo-wordpress\/ -->\n<title>Pesto au basilic \u00e0 l&#039;huile d&#039;olive (traiteur) - F.lli Sacl\u00e0 S.p.A.<\/title>\n<meta name=\"description\" content=\"Pour lib\u00e9rer les saveurs authentiques de notre Pesto nous pilons des feuilles de basilic fra\u00eechement cueillies avec du fromage, extra, des noix de cajou et des pignons, d&#039;huile d\u2019olive vierge : voici une recette \u00e0 forte valeur ajout\u00e9e. Avec le pesto au basilic Sacl\u00e0, vous pouvez cr\u00e9er une infinit\u00e9 de plats authentiques et accompagnements italiens - de la pizza au pain \u00e0 l&#039;ail en passant par les nouilles aux crevettes ou des tagliatelles de poulet.\" \/>\n<meta name=\"robots\" content=\"index, follow, max-snippet:-1, max-image-preview:large, max-video-preview:-1\" \/>\n<link rel=\"canonical\" href=\"https:\/\/www.sacla.ch\/fr\/produit-italien\/pesto-au-basilic-a-lhuile-dolive-traiteur\/\" \/>\n<meta property=\"og:locale\" content=\"fr_FR\" \/>\n<meta property=\"og:type\" content=\"article\" \/>\n<meta property=\"og:title\" content=\"Pesto au basilic \u00e0 l&#039;huile d&#039;olive (traiteur) - F.lli Sacl\u00e0 S.p.A.\" \/>\n<meta property=\"og:description\" content=\"Pour lib\u00e9rer les saveurs authentiques de notre Pesto nous pilons des feuilles de basilic fra\u00eechement cueillies avec du fromage, extra, des noix de cajou et des pignons, d&#039;huile d\u2019olive vierge : voici une recette \u00e0 forte valeur ajout\u00e9e. Avec le pesto au basilic Sacl\u00e0, vous pouvez cr\u00e9er une infinit\u00e9 de plats authentiques et accompagnements italiens - de la pizza au pain \u00e0 l&#039;ail en passant par les nouilles aux crevettes ou des tagliatelles de poulet.\" \/>\n<meta property=\"og:url\" content=\"https:\/\/www.sacla.ch\/fr\/produit-italien\/pesto-au-basilic-a-lhuile-dolive-traiteur\/\" \/>\n<meta property=\"og:site_name\" content=\"F.lli Sacl\u00e0 S.p.A.\" \/>\n<meta property=\"article:modified_time\" content=\"2021-06-23T14:35:19+00:00\" \/>\n<meta property=\"og:image\" content=\"https:\/\/www.sacla.ch\/wp-content\/uploads\/2021\/04\/LCATR00-006-Pesto-alla-genovese-con-olio-di-oliva.png\" \/>\n\t<meta property=\"og:image:width\" content=\"588\" \/>\n\t<meta property=\"og:image:height\" content=\"588\" \/>\n\t<meta property=\"og:image:type\" content=\"image\/png\" \/>\n<meta name=\"twitter:card\" content=\"summary_large_image\" \/>\n<script type=\"application\/ld+json\" class=\"yoast-schema-graph\">{\"@context\":\"https:\\\/\\\/schema.org\",\"@graph\":[{\"@type\":[\"WebPage\",\"ItemPage\"],\"@id\":\"https:\\\/\\\/www.sacla.ch\\\/fr\\\/produit-italien\\\/pesto-au-basilic-a-lhuile-dolive-traiteur\\\/\",\"url\":\"https:\\\/\\\/www.sacla.ch\\\/fr\\\/produit-italien\\\/pesto-au-basilic-a-lhuile-dolive-traiteur\\\/\",\"name\":\"Pesto au basilic \u00e0 l'huile d'olive (traiteur) - F.lli Sacl\u00e0 S.p.A.\",\"isPartOf\":{\"@id\":\"https:\\\/\\\/www.sacla.ch\\\/fr\\\/#website\"},\"primaryImageOfPage\":{\"@id\":\"https:\\\/\\\/www.sacla.ch\\\/fr\\\/produit-italien\\\/pesto-au-basilic-a-lhuile-dolive-traiteur\\\/#primaryimage\"},\"image\":{\"@id\":\"https:\\\/\\\/www.sacla.ch\\\/fr\\\/produit-italien\\\/pesto-au-basilic-a-lhuile-dolive-traiteur\\\/#primaryimage\"},\"thumbnailUrl\":\"https:\\\/\\\/www.sacla.ch\\\/wp-content\\\/uploads\\\/2021\\\/04\\\/LCATR00-006-Pesto-alla-genovese-con-olio-di-oliva.png\",\"datePublished\":\"2021-06-23T14:13:12+00:00\",\"dateModified\":\"2021-06-23T14:35:19+00:00\",\"description\":\"Pour lib\u00e9rer les saveurs authentiques de notre Pesto nous pilons des feuilles de basilic fra\u00eechement cueillies avec du fromage, extra, des noix de cajou et des pignons, d'huile d\u2019olive vierge : voici une recette \u00e0 forte valeur ajout\u00e9e. Avec le pesto au basilic Sacl\u00e0, vous pouvez cr\u00e9er une infinit\u00e9 de plats authentiques et accompagnements italiens - de la pizza au pain \u00e0 l'ail en passant par les nouilles aux crevettes ou des tagliatelles de poulet.\",\"breadcrumb\":{\"@id\":\"https:\\\/\\\/www.sacla.ch\\\/fr\\\/produit-italien\\\/pesto-au-basilic-a-lhuile-dolive-traiteur\\\/#breadcrumb\"},\"inLanguage\":\"fr-FR\",\"potentialAction\":[{\"@type\":\"ReadAction\",\"target\":[\"https:\\\/\\\/www.sacla.ch\\\/fr\\\/produit-italien\\\/pesto-au-basilic-a-lhuile-dolive-traiteur\\\/\"]}]},{\"@type\":\"ImageObject\",\"inLanguage\":\"fr-FR\",\"@id\":\"https:\\\/\\\/www.sacla.ch\\\/fr\\\/produit-italien\\\/pesto-au-basilic-a-lhuile-dolive-traiteur\\\/#primaryimage\",\"url\":\"https:\\\/\\\/www.sacla.ch\\\/wp-content\\\/uploads\\\/2021\\\/04\\\/LCATR00-006-Pesto-alla-genovese-con-olio-di-oliva.png\",\"contentUrl\":\"https:\\\/\\\/www.sacla.ch\\\/wp-content\\\/uploads\\\/2021\\\/04\\\/LCATR00-006-Pesto-alla-genovese-con-olio-di-oliva.png\",\"width\":588,\"height\":588},{\"@type\":\"BreadcrumbList\",\"@id\":\"https:\\\/\\\/www.sacla.ch\\\/fr\\\/produit-italien\\\/pesto-au-basilic-a-lhuile-dolive-traiteur\\\/#breadcrumb\",\"itemListElement\":[{\"@type\":\"ListItem\",\"position\":1,\"name\":\"Home\",\"item\":\"https:\\\/\\\/www.sacla.ch\\\/fr\\\/\"},{\"@type\":\"ListItem\",\"position\":2,\"name\":\"Produits\",\"item\":\"https:\\\/\\\/www.sacla.ch\\\/fr\\\/shop\\\/\"},{\"@type\":\"ListItem\",\"position\":3,\"name\":\"Pesto au basilic \u00e0 l&rsquo;huile d&rsquo;olive (traiteur)\"}]},{\"@type\":\"WebSite\",\"@id\":\"https:\\\/\\\/www.sacla.ch\\\/fr\\\/#website\",\"url\":\"https:\\\/\\\/www.sacla.ch\\\/fr\\\/\",\"name\":\"F.lli Sacl\u00e0 S.p.A.\",\"description\":\"Italian Fine Food\",\"publisher\":{\"@id\":\"https:\\\/\\\/www.sacla.ch\\\/fr\\\/#organization\"},\"potentialAction\":[{\"@type\":\"SearchAction\",\"target\":{\"@type\":\"EntryPoint\",\"urlTemplate\":\"https:\\\/\\\/www.sacla.ch\\\/fr\\\/?s={search_term_string}\"},\"query-input\":{\"@type\":\"PropertyValueSpecification\",\"valueRequired\":true,\"valueName\":\"search_term_string\"}}],\"inLanguage\":\"fr-FR\"},{\"@type\":\"Organization\",\"@id\":\"https:\\\/\\\/www.sacla.ch\\\/fr\\\/#organization\",\"name\":\"F.lli Sacl\u00e0 S.p.A.\",\"url\":\"https:\\\/\\\/www.sacla.ch\\\/fr\\\/\",\"logo\":{\"@type\":\"ImageObject\",\"inLanguage\":\"fr-FR\",\"@id\":\"https:\\\/\\\/www.sacla.ch\\\/fr\\\/#\\\/schema\\\/logo\\\/image\\\/\",\"url\":\"https:\\\/\\\/www.sacla.ch\\\/wp-content\\\/uploads\\\/2021\\\/03\\\/logo-sacla-300.png\",\"contentUrl\":\"https:\\\/\\\/www.sacla.ch\\\/wp-content\\\/uploads\\\/2021\\\/03\\\/logo-sacla-300.png\",\"width\":300,\"height\":185,\"caption\":\"F.lli Sacl\u00e0 S.p.A.\"},\"image\":{\"@id\":\"https:\\\/\\\/www.sacla.ch\\\/fr\\\/#\\\/schema\\\/logo\\\/image\\\/\"}}]}<\/script>\n<!-- \/ Yoast SEO plugin. -->","yoast_head_json":{"title":"Pesto au basilic \u00e0 l'huile d'olive (traiteur) - F.lli Sacl\u00e0 S.p.A.","description":"Pour lib\u00e9rer les saveurs authentiques de notre Pesto nous pilons des feuilles de basilic fra\u00eechement cueillies avec du fromage, extra, des noix de cajou et des pignons, d'huile d\u2019olive vierge : voici une recette \u00e0 forte valeur ajout\u00e9e. Avec le pesto au basilic Sacl\u00e0, vous pouvez cr\u00e9er une infinit\u00e9 de plats authentiques et accompagnements italiens - de la pizza au pain \u00e0 l'ail en passant par les nouilles aux crevettes ou des tagliatelles de poulet.","robots":{"index":"index","follow":"follow","max-snippet":"max-snippet:-1","max-image-preview":"max-image-preview:large","max-video-preview":"max-video-preview:-1"},"canonical":"https:\/\/www.sacla.ch\/fr\/produit-italien\/pesto-au-basilic-a-lhuile-dolive-traiteur\/","og_locale":"fr_FR","og_type":"article","og_title":"Pesto au basilic \u00e0 l'huile d'olive (traiteur) - F.lli Sacl\u00e0 S.p.A.","og_description":"Pour lib\u00e9rer les saveurs authentiques de notre Pesto nous pilons des feuilles de basilic fra\u00eechement cueillies avec du fromage, extra, des noix de cajou et des pignons, d'huile d\u2019olive vierge : voici une recette \u00e0 forte valeur ajout\u00e9e. Avec le pesto au basilic Sacl\u00e0, vous pouvez cr\u00e9er une infinit\u00e9 de plats authentiques et accompagnements italiens - de la pizza au pain \u00e0 l'ail en passant par les nouilles aux crevettes ou des tagliatelles de poulet.","og_url":"https:\/\/www.sacla.ch\/fr\/produit-italien\/pesto-au-basilic-a-lhuile-dolive-traiteur\/","og_site_name":"F.lli Sacl\u00e0 S.p.A.","article_modified_time":"2021-06-23T14:35:19+00:00","og_image":[{"width":588,"height":588,"url":"https:\/\/www.sacla.ch\/wp-content\/uploads\/2021\/04\/LCATR00-006-Pesto-alla-genovese-con-olio-di-oliva.png","type":"image\/png"}],"twitter_card":"summary_large_image","schema":{"@context":"https:\/\/schema.org","@graph":[{"@type":["WebPage","ItemPage"],"@id":"https:\/\/www.sacla.ch\/fr\/produit-italien\/pesto-au-basilic-a-lhuile-dolive-traiteur\/","url":"https:\/\/www.sacla.ch\/fr\/produit-italien\/pesto-au-basilic-a-lhuile-dolive-traiteur\/","name":"Pesto au basilic \u00e0 l'huile d'olive (traiteur) - F.lli Sacl\u00e0 S.p.A.","isPartOf":{"@id":"https:\/\/www.sacla.ch\/fr\/#website"},"primaryImageOfPage":{"@id":"https:\/\/www.sacla.ch\/fr\/produit-italien\/pesto-au-basilic-a-lhuile-dolive-traiteur\/#primaryimage"},"image":{"@id":"https:\/\/www.sacla.ch\/fr\/produit-italien\/pesto-au-basilic-a-lhuile-dolive-traiteur\/#primaryimage"},"thumbnailUrl":"https:\/\/www.sacla.ch\/wp-content\/uploads\/2021\/04\/LCATR00-006-Pesto-alla-genovese-con-olio-di-oliva.png","datePublished":"2021-06-23T14:13:12+00:00","dateModified":"2021-06-23T14:35:19+00:00","description":"Pour lib\u00e9rer les saveurs authentiques de notre Pesto nous pilons des feuilles de basilic fra\u00eechement cueillies avec du fromage, extra, des noix de cajou et des pignons, d'huile d\u2019olive vierge : voici une recette \u00e0 forte valeur ajout\u00e9e. Avec le pesto au basilic Sacl\u00e0, vous pouvez cr\u00e9er une infinit\u00e9 de plats authentiques et accompagnements italiens - de la pizza au pain \u00e0 l'ail en passant par les nouilles aux crevettes ou des tagliatelles de poulet.","breadcrumb":{"@id":"https:\/\/www.sacla.ch\/fr\/produit-italien\/pesto-au-basilic-a-lhuile-dolive-traiteur\/#breadcrumb"},"inLanguage":"fr-FR","potentialAction":[{"@type":"ReadAction","target":["https:\/\/www.sacla.ch\/fr\/produit-italien\/pesto-au-basilic-a-lhuile-dolive-traiteur\/"]}]},{"@type":"ImageObject","inLanguage":"fr-FR","@id":"https:\/\/www.sacla.ch\/fr\/produit-italien\/pesto-au-basilic-a-lhuile-dolive-traiteur\/#primaryimage","url":"https:\/\/www.sacla.ch\/wp-content\/uploads\/2021\/04\/LCATR00-006-Pesto-alla-genovese-con-olio-di-oliva.png","contentUrl":"https:\/\/www.sacla.ch\/wp-content\/uploads\/2021\/04\/LCATR00-006-Pesto-alla-genovese-con-olio-di-oliva.png","width":588,"height":588},{"@type":"BreadcrumbList","@id":"https:\/\/www.sacla.ch\/fr\/produit-italien\/pesto-au-basilic-a-lhuile-dolive-traiteur\/#breadcrumb","itemListElement":[{"@type":"ListItem","position":1,"name":"Home","item":"https:\/\/www.sacla.ch\/fr\/"},{"@type":"ListItem","position":2,"name":"Produits","item":"https:\/\/www.sacla.ch\/fr\/shop\/"},{"@type":"ListItem","position":3,"name":"Pesto au basilic \u00e0 l&rsquo;huile d&rsquo;olive (traiteur)"}]},{"@type":"WebSite","@id":"https:\/\/www.sacla.ch\/fr\/#website","url":"https:\/\/www.sacla.ch\/fr\/","name":"F.lli Sacl\u00e0 S.p.A.","description":"Italian Fine Food","publisher":{"@id":"https:\/\/www.sacla.ch\/fr\/#organization"},"potentialAction":[{"@type":"SearchAction","target":{"@type":"EntryPoint","urlTemplate":"https:\/\/www.sacla.ch\/fr\/?s={search_term_string}"},"query-input":{"@type":"PropertyValueSpecification","valueRequired":true,"valueName":"search_term_string"}}],"inLanguage":"fr-FR"},{"@type":"Organization","@id":"https:\/\/www.sacla.ch\/fr\/#organization","name":"F.lli Sacl\u00e0 S.p.A.","url":"https:\/\/www.sacla.ch\/fr\/","logo":{"@type":"ImageObject","inLanguage":"fr-FR","@id":"https:\/\/www.sacla.ch\/fr\/#\/schema\/logo\/image\/","url":"https:\/\/www.sacla.ch\/wp-content\/uploads\/2021\/03\/logo-sacla-300.png","contentUrl":"https:\/\/www.sacla.ch\/wp-content\/uploads\/2021\/03\/logo-sacla-300.png","width":300,"height":185,"caption":"F.lli Sacl\u00e0 S.p.A."},"image":{"@id":"https:\/\/www.sacla.ch\/fr\/#\/schema\/logo\/image\/"}}]}},"_links":{"self":[{"href":"https:\/\/www.sacla.ch\/fr\/wp-json\/wp\/v2\/product\/3933","targetHints":{"allow":["GET"]}}],"collection":[{"href":"https:\/\/www.sacla.ch\/fr\/wp-json\/wp\/v2\/product"}],"about":[{"href":"https:\/\/www.sacla.ch\/fr\/wp-json\/wp\/v2\/types\/product"}],"version-history":[{"count":1,"href":"https:\/\/www.sacla.ch\/fr\/wp-json\/wp\/v2\/product\/3933\/revisions"}],"predecessor-version":[{"id":3937,"href":"https:\/\/www.sacla.ch\/fr\/wp-json\/wp\/v2\/product\/3933\/revisions\/3937"}],"wp:featuredmedia":[{"embeddable":true,"href":"https:\/\/www.sacla.ch\/fr\/wp-json\/wp\/v2\/media\/3935"}],"wp:attachment":[{"href":"https:\/\/www.sacla.ch\/fr\/wp-json\/wp\/v2\/media?parent=3933"}],"wp:term":[{"taxonomy":"product_features","embeddable":true,"href":"https:\/\/www.sacla.ch\/fr\/wp-json\/wp\/v2\/product_features?post=3933"},{"taxonomy":"product_brand","embeddable":true,"href":"https:\/\/www.sacla.ch\/fr\/wp-json\/wp\/v2\/product_brand?post=3933"},{"taxonomy":"product_cat","embeddable":true,"href":"https:\/\/www.sacla.ch\/fr\/wp-json\/wp\/v2\/product_cat?post=3933"},{"taxonomy":"product_tag","embeddable":true,"href":"https:\/\/www.sacla.ch\/fr\/wp-json\/wp\/v2\/product_tag?post=3933"}],"curies":[{"name":"wp","href":"https:\/\/api.w.org\/{rel}","templated":true}]}}