{"id":4188,"date":"2022-03-09T14:39:44","date_gmt":"2022-03-09T13:39:45","guid":{"rendered":"https:\/\/www.sacla.ch\/?post_type=product&#038;p=4188"},"modified":"2022-03-09T15:00:39","modified_gmt":"2022-03-09T14:00:39","slug":"pesto-a-la-truffe-90g","status":"publish","type":"product","link":"https:\/\/www.sacla.ch\/fr\/produit-italien\/pesto-a-la-truffe-90g\/","title":{"rendered":"Pesto \u00e0 la truffe (90g)"},"content":{"rendered":"","protected":false},"excerpt":{"rendered":"<p class=\"p1\">Cette recette exalte la saveur si particuli\u00e8re de la truffe, parfaitement mise en valeur par le croquant des noix de cajou et le gourmand du Grana Padano. R\u00e9alis\u00e9 \u00e0 partir du plus noble des ingr\u00e9dients, ce pesto raffin\u00e9 apportera un parfum de c\u00e9l\u00e9bration aux repas du quotidien. Il est parfait avec Tagliatelles ou Fettuccine, Ravioli ou Agnolotti, des \u0153ufs.<\/p>\n","protected":false},"featured_media":4190,"template":"","meta":{"_acf_changed":false,"inline_featured_image":false},"product_features":[124,126,128],"product_brand":[],"product_cat":[161],"product_tag":[],"class_list":{"0":"post-4188","1":"product","2":"type-product","3":"status-publish","4":"has-post-thumbnail","6":"product_features-gluten-free-fr","7":"product_features-no-preservatives-fr","8":"product_features-vegetarian-fr","9":"product_cat-pesti-fr","11":"first","12":"instock","13":"shipping-taxable","14":"product-type-simple"},"acf":[],"yoast_head":"<!-- This site is optimized with the Yoast SEO plugin v27.5 - https:\/\/yoast.com\/product\/yoast-seo-wordpress\/ -->\n<title>Pesto \u00e0 la truffe (90g) - F.lli Sacl\u00e0 S.p.A.<\/title>\n<meta name=\"description\" content=\"Cette recette exalte la saveur si particuli\u00e8re de la truffe, parfaitement mise en valeur par le croquant des noix de cajou et le gourmand du Grana Padano. R\u00e9alis\u00e9 \u00e0 partir du plus noble des ingr\u00e9dients, ce pesto raffin\u00e9 apportera un parfum de c\u00e9l\u00e9bration aux repas du quotidien. Il est parfait avec Tagliatelles ou Fettuccine, Ravioli ou Agnolotti, des \u0153ufs.\" \/>\n<meta name=\"robots\" content=\"index, follow, max-snippet:-1, max-image-preview:large, max-video-preview:-1\" \/>\n<link rel=\"canonical\" href=\"https:\/\/www.sacla.ch\/fr\/produit-italien\/pesto-a-la-truffe-90g\/\" \/>\n<meta property=\"og:locale\" content=\"fr_FR\" \/>\n<meta property=\"og:type\" content=\"article\" \/>\n<meta property=\"og:title\" content=\"Pesto \u00e0 la truffe (90g) - F.lli Sacl\u00e0 S.p.A.\" \/>\n<meta property=\"og:description\" content=\"Cette recette exalte la saveur si particuli\u00e8re de la truffe, parfaitement mise en valeur par le croquant des noix de cajou et le gourmand du Grana Padano. R\u00e9alis\u00e9 \u00e0 partir du plus noble des ingr\u00e9dients, ce pesto raffin\u00e9 apportera un parfum de c\u00e9l\u00e9bration aux repas du quotidien. Il est parfait avec Tagliatelles ou Fettuccine, Ravioli ou Agnolotti, des \u0153ufs.\" \/>\n<meta property=\"og:url\" content=\"https:\/\/www.sacla.ch\/fr\/produit-italien\/pesto-a-la-truffe-90g\/\" \/>\n<meta property=\"og:site_name\" content=\"F.lli Sacl\u00e0 S.p.A.\" \/>\n<meta property=\"article:modified_time\" content=\"2022-03-09T14:00:39+00:00\" \/>\n<meta property=\"og:image\" content=\"https:\/\/www.sacla.ch\/wp-content\/uploads\/2022\/03\/E0A41GT3UEA00.png\" \/>\n\t<meta property=\"og:image:width\" content=\"588\" \/>\n\t<meta property=\"og:image:height\" content=\"588\" \/>\n\t<meta property=\"og:image:type\" content=\"image\/png\" \/>\n<meta name=\"twitter:card\" content=\"summary_large_image\" \/>\n<script type=\"application\/ld+json\" class=\"yoast-schema-graph\">{\"@context\":\"https:\\\/\\\/schema.org\",\"@graph\":[{\"@type\":[\"WebPage\",\"ItemPage\"],\"@id\":\"https:\\\/\\\/www.sacla.ch\\\/fr\\\/produit-italien\\\/pesto-a-la-truffe-90g\\\/\",\"url\":\"https:\\\/\\\/www.sacla.ch\\\/fr\\\/produit-italien\\\/pesto-a-la-truffe-90g\\\/\",\"name\":\"Pesto \u00e0 la truffe (90g) - F.lli Sacl\u00e0 S.p.A.\",\"isPartOf\":{\"@id\":\"https:\\\/\\\/www.sacla.ch\\\/fr\\\/#website\"},\"primaryImageOfPage\":{\"@id\":\"https:\\\/\\\/www.sacla.ch\\\/fr\\\/produit-italien\\\/pesto-a-la-truffe-90g\\\/#primaryimage\"},\"image\":{\"@id\":\"https:\\\/\\\/www.sacla.ch\\\/fr\\\/produit-italien\\\/pesto-a-la-truffe-90g\\\/#primaryimage\"},\"thumbnailUrl\":\"https:\\\/\\\/www.sacla.ch\\\/wp-content\\\/uploads\\\/2022\\\/03\\\/E0A41GT3UEA00.png\",\"datePublished\":\"2022-03-09T13:39:45+00:00\",\"dateModified\":\"2022-03-09T14:00:39+00:00\",\"description\":\"Cette recette exalte la saveur si particuli\u00e8re de la truffe, parfaitement mise en valeur par le croquant des noix de cajou et le gourmand du Grana Padano. R\u00e9alis\u00e9 \u00e0 partir du plus noble des ingr\u00e9dients, ce pesto raffin\u00e9 apportera un parfum de c\u00e9l\u00e9bration aux repas du quotidien. Il est parfait avec Tagliatelles ou Fettuccine, Ravioli ou Agnolotti, des \u0153ufs.\",\"breadcrumb\":{\"@id\":\"https:\\\/\\\/www.sacla.ch\\\/fr\\\/produit-italien\\\/pesto-a-la-truffe-90g\\\/#breadcrumb\"},\"inLanguage\":\"fr-FR\",\"potentialAction\":[{\"@type\":\"ReadAction\",\"target\":[\"https:\\\/\\\/www.sacla.ch\\\/fr\\\/produit-italien\\\/pesto-a-la-truffe-90g\\\/\"]}]},{\"@type\":\"ImageObject\",\"inLanguage\":\"fr-FR\",\"@id\":\"https:\\\/\\\/www.sacla.ch\\\/fr\\\/produit-italien\\\/pesto-a-la-truffe-90g\\\/#primaryimage\",\"url\":\"https:\\\/\\\/www.sacla.ch\\\/wp-content\\\/uploads\\\/2022\\\/03\\\/E0A41GT3UEA00.png\",\"contentUrl\":\"https:\\\/\\\/www.sacla.ch\\\/wp-content\\\/uploads\\\/2022\\\/03\\\/E0A41GT3UEA00.png\",\"width\":588,\"height\":588},{\"@type\":\"BreadcrumbList\",\"@id\":\"https:\\\/\\\/www.sacla.ch\\\/fr\\\/produit-italien\\\/pesto-a-la-truffe-90g\\\/#breadcrumb\",\"itemListElement\":[{\"@type\":\"ListItem\",\"position\":1,\"name\":\"Home\",\"item\":\"https:\\\/\\\/www.sacla.ch\\\/fr\\\/\"},{\"@type\":\"ListItem\",\"position\":2,\"name\":\"Produits\",\"item\":\"https:\\\/\\\/www.sacla.ch\\\/fr\\\/shop\\\/\"},{\"@type\":\"ListItem\",\"position\":3,\"name\":\"Pesto \u00e0 la truffe (90g)\"}]},{\"@type\":\"WebSite\",\"@id\":\"https:\\\/\\\/www.sacla.ch\\\/fr\\\/#website\",\"url\":\"https:\\\/\\\/www.sacla.ch\\\/fr\\\/\",\"name\":\"F.lli Sacl\u00e0 S.p.A.\",\"description\":\"Italian Fine Food\",\"publisher\":{\"@id\":\"https:\\\/\\\/www.sacla.ch\\\/fr\\\/#organization\"},\"potentialAction\":[{\"@type\":\"SearchAction\",\"target\":{\"@type\":\"EntryPoint\",\"urlTemplate\":\"https:\\\/\\\/www.sacla.ch\\\/fr\\\/?s={search_term_string}\"},\"query-input\":{\"@type\":\"PropertyValueSpecification\",\"valueRequired\":true,\"valueName\":\"search_term_string\"}}],\"inLanguage\":\"fr-FR\"},{\"@type\":\"Organization\",\"@id\":\"https:\\\/\\\/www.sacla.ch\\\/fr\\\/#organization\",\"name\":\"F.lli Sacl\u00e0 S.p.A.\",\"url\":\"https:\\\/\\\/www.sacla.ch\\\/fr\\\/\",\"logo\":{\"@type\":\"ImageObject\",\"inLanguage\":\"fr-FR\",\"@id\":\"https:\\\/\\\/www.sacla.ch\\\/fr\\\/#\\\/schema\\\/logo\\\/image\\\/\",\"url\":\"https:\\\/\\\/www.sacla.ch\\\/wp-content\\\/uploads\\\/2021\\\/03\\\/logo-sacla-300.png\",\"contentUrl\":\"https:\\\/\\\/www.sacla.ch\\\/wp-content\\\/uploads\\\/2021\\\/03\\\/logo-sacla-300.png\",\"width\":300,\"height\":185,\"caption\":\"F.lli Sacl\u00e0 S.p.A.\"},\"image\":{\"@id\":\"https:\\\/\\\/www.sacla.ch\\\/fr\\\/#\\\/schema\\\/logo\\\/image\\\/\"}}]}<\/script>\n<!-- \/ Yoast SEO plugin. -->","yoast_head_json":{"title":"Pesto \u00e0 la truffe (90g) - F.lli Sacl\u00e0 S.p.A.","description":"Cette recette exalte la saveur si particuli\u00e8re de la truffe, parfaitement mise en valeur par le croquant des noix de cajou et le gourmand du Grana Padano. R\u00e9alis\u00e9 \u00e0 partir du plus noble des ingr\u00e9dients, ce pesto raffin\u00e9 apportera un parfum de c\u00e9l\u00e9bration aux repas du quotidien. Il est parfait avec Tagliatelles ou Fettuccine, Ravioli ou Agnolotti, des \u0153ufs.","robots":{"index":"index","follow":"follow","max-snippet":"max-snippet:-1","max-image-preview":"max-image-preview:large","max-video-preview":"max-video-preview:-1"},"canonical":"https:\/\/www.sacla.ch\/fr\/produit-italien\/pesto-a-la-truffe-90g\/","og_locale":"fr_FR","og_type":"article","og_title":"Pesto \u00e0 la truffe (90g) - F.lli Sacl\u00e0 S.p.A.","og_description":"Cette recette exalte la saveur si particuli\u00e8re de la truffe, parfaitement mise en valeur par le croquant des noix de cajou et le gourmand du Grana Padano. R\u00e9alis\u00e9 \u00e0 partir du plus noble des ingr\u00e9dients, ce pesto raffin\u00e9 apportera un parfum de c\u00e9l\u00e9bration aux repas du quotidien. Il est parfait avec Tagliatelles ou Fettuccine, Ravioli ou Agnolotti, des \u0153ufs.","og_url":"https:\/\/www.sacla.ch\/fr\/produit-italien\/pesto-a-la-truffe-90g\/","og_site_name":"F.lli Sacl\u00e0 S.p.A.","article_modified_time":"2022-03-09T14:00:39+00:00","og_image":[{"width":588,"height":588,"url":"https:\/\/www.sacla.ch\/wp-content\/uploads\/2022\/03\/E0A41GT3UEA00.png","type":"image\/png"}],"twitter_card":"summary_large_image","schema":{"@context":"https:\/\/schema.org","@graph":[{"@type":["WebPage","ItemPage"],"@id":"https:\/\/www.sacla.ch\/fr\/produit-italien\/pesto-a-la-truffe-90g\/","url":"https:\/\/www.sacla.ch\/fr\/produit-italien\/pesto-a-la-truffe-90g\/","name":"Pesto \u00e0 la truffe (90g) - F.lli Sacl\u00e0 S.p.A.","isPartOf":{"@id":"https:\/\/www.sacla.ch\/fr\/#website"},"primaryImageOfPage":{"@id":"https:\/\/www.sacla.ch\/fr\/produit-italien\/pesto-a-la-truffe-90g\/#primaryimage"},"image":{"@id":"https:\/\/www.sacla.ch\/fr\/produit-italien\/pesto-a-la-truffe-90g\/#primaryimage"},"thumbnailUrl":"https:\/\/www.sacla.ch\/wp-content\/uploads\/2022\/03\/E0A41GT3UEA00.png","datePublished":"2022-03-09T13:39:45+00:00","dateModified":"2022-03-09T14:00:39+00:00","description":"Cette recette exalte la saveur si particuli\u00e8re de la truffe, parfaitement mise en valeur par le croquant des noix de cajou et le gourmand du Grana Padano. R\u00e9alis\u00e9 \u00e0 partir du plus noble des ingr\u00e9dients, ce pesto raffin\u00e9 apportera un parfum de c\u00e9l\u00e9bration aux repas du quotidien. Il est parfait avec Tagliatelles ou Fettuccine, Ravioli ou Agnolotti, des \u0153ufs.","breadcrumb":{"@id":"https:\/\/www.sacla.ch\/fr\/produit-italien\/pesto-a-la-truffe-90g\/#breadcrumb"},"inLanguage":"fr-FR","potentialAction":[{"@type":"ReadAction","target":["https:\/\/www.sacla.ch\/fr\/produit-italien\/pesto-a-la-truffe-90g\/"]}]},{"@type":"ImageObject","inLanguage":"fr-FR","@id":"https:\/\/www.sacla.ch\/fr\/produit-italien\/pesto-a-la-truffe-90g\/#primaryimage","url":"https:\/\/www.sacla.ch\/wp-content\/uploads\/2022\/03\/E0A41GT3UEA00.png","contentUrl":"https:\/\/www.sacla.ch\/wp-content\/uploads\/2022\/03\/E0A41GT3UEA00.png","width":588,"height":588},{"@type":"BreadcrumbList","@id":"https:\/\/www.sacla.ch\/fr\/produit-italien\/pesto-a-la-truffe-90g\/#breadcrumb","itemListElement":[{"@type":"ListItem","position":1,"name":"Home","item":"https:\/\/www.sacla.ch\/fr\/"},{"@type":"ListItem","position":2,"name":"Produits","item":"https:\/\/www.sacla.ch\/fr\/shop\/"},{"@type":"ListItem","position":3,"name":"Pesto \u00e0 la truffe (90g)"}]},{"@type":"WebSite","@id":"https:\/\/www.sacla.ch\/fr\/#website","url":"https:\/\/www.sacla.ch\/fr\/","name":"F.lli Sacl\u00e0 S.p.A.","description":"Italian Fine Food","publisher":{"@id":"https:\/\/www.sacla.ch\/fr\/#organization"},"potentialAction":[{"@type":"SearchAction","target":{"@type":"EntryPoint","urlTemplate":"https:\/\/www.sacla.ch\/fr\/?s={search_term_string}"},"query-input":{"@type":"PropertyValueSpecification","valueRequired":true,"valueName":"search_term_string"}}],"inLanguage":"fr-FR"},{"@type":"Organization","@id":"https:\/\/www.sacla.ch\/fr\/#organization","name":"F.lli Sacl\u00e0 S.p.A.","url":"https:\/\/www.sacla.ch\/fr\/","logo":{"@type":"ImageObject","inLanguage":"fr-FR","@id":"https:\/\/www.sacla.ch\/fr\/#\/schema\/logo\/image\/","url":"https:\/\/www.sacla.ch\/wp-content\/uploads\/2021\/03\/logo-sacla-300.png","contentUrl":"https:\/\/www.sacla.ch\/wp-content\/uploads\/2021\/03\/logo-sacla-300.png","width":300,"height":185,"caption":"F.lli Sacl\u00e0 S.p.A."},"image":{"@id":"https:\/\/www.sacla.ch\/fr\/#\/schema\/logo\/image\/"}}]}},"_links":{"self":[{"href":"https:\/\/www.sacla.ch\/fr\/wp-json\/wp\/v2\/product\/4188","targetHints":{"allow":["GET"]}}],"collection":[{"href":"https:\/\/www.sacla.ch\/fr\/wp-json\/wp\/v2\/product"}],"about":[{"href":"https:\/\/www.sacla.ch\/fr\/wp-json\/wp\/v2\/types\/product"}],"version-history":[{"count":3,"href":"https:\/\/www.sacla.ch\/fr\/wp-json\/wp\/v2\/product\/4188\/revisions"}],"predecessor-version":[{"id":4196,"href":"https:\/\/www.sacla.ch\/fr\/wp-json\/wp\/v2\/product\/4188\/revisions\/4196"}],"wp:featuredmedia":[{"embeddable":true,"href":"https:\/\/www.sacla.ch\/fr\/wp-json\/wp\/v2\/media\/4190"}],"wp:attachment":[{"href":"https:\/\/www.sacla.ch\/fr\/wp-json\/wp\/v2\/media?parent=4188"}],"wp:term":[{"taxonomy":"product_features","embeddable":true,"href":"https:\/\/www.sacla.ch\/fr\/wp-json\/wp\/v2\/product_features?post=4188"},{"taxonomy":"product_brand","embeddable":true,"href":"https:\/\/www.sacla.ch\/fr\/wp-json\/wp\/v2\/product_brand?post=4188"},{"taxonomy":"product_cat","embeddable":true,"href":"https:\/\/www.sacla.ch\/fr\/wp-json\/wp\/v2\/product_cat?post=4188"},{"taxonomy":"product_tag","embeddable":true,"href":"https:\/\/www.sacla.ch\/fr\/wp-json\/wp\/v2\/product_tag?post=4188"}],"curies":[{"name":"wp","href":"https:\/\/api.w.org\/{rel}","templated":true}]}}